{"id":47335,"date":"2024-01-10T11:32:22","date_gmt":"2024-01-10T10:32:22","guid":{"rendered":"https:\/\/www.jatu.be\/?post_type=product&#038;p=47335"},"modified":"2026-03-09T09:24:44","modified_gmt":"2026-03-09T08:24:44","slug":"dalles-en-gazon-precultivees-durable","status":"publish","type":"product","link":"https:\/\/www.jatu.be\/fr\/produit\/dalles-en-gazon-precultivees-durable\/","title":{"rendered":"Dalle de gazon pr\u00e9cultiv\u00e9"},"content":{"rendered":"","protected":false},"excerpt":{"rendered":"<h2>Dalles en gazon pr\u00e9cultiv\u00e9es \u2013 Pr\u00eates \u00e0 l\u2019emploi<\/h2>\n<p><strong>Les dalles en gazon pr\u00e9cultiv\u00e9es<\/strong> de Jatu sont le choix id\u00e9al pour ceux qui souhaitent <a href=\"https:\/\/www.jatu.be\/fr\/project\/parking-en-herbe-avec-dalles-de-gazon\/\">am\u00e9nager un parking en gazon<\/a> durable, esth\u00e9tique et imm\u00e9diatement utilisable, sans tracas ni longs d\u00e9lais d\u2019attente. Ces dalles sont cultiv\u00e9es dans les <strong>dalles ECCOdal 40<\/strong> de 4 cm, r\u00e9put\u00e9es pour leur solidit\u00e9, leur respect de l\u2019environnement et leur facilit\u00e9 d\u2019utilisation. Gr\u00e2ce \u00e0 une combinaison d\u2019un gazon d\u00e9j\u00e0 bien enracin\u00e9 et d\u2019une base robuste, nos dalles garantissent un r\u00e9sultat vert magnifique, \u00e0 la fois fonctionnel et visuellement attrayant. Id\u00e9al pour des projets o\u00f9 rapidit\u00e9, durabilit\u00e9 et qualit\u00e9 vont de pair !<\/p>\n<h3>Pourquoi choisir des dalles en gazon pr\u00e9cultiv\u00e9es ?<\/h3>\n<ul>\n<li><strong>R\u00e9sultat vert imm\u00e9diat :<\/strong> Pas de temps d\u2019attente, les dalles sont \u00e9quip\u00e9es d\u2019un gazon enti\u00e8rement d\u00e9velopp\u00e9, pr\u00eat \u00e0 l\u2019emploi, pour que vous puissiez profiter imm\u00e9diatement d\u2019un parking en gazon parfait.<\/li>\n<li><strong>Base solide :<\/strong> Cultiv\u00e9es dans des dalles ECCOdal 40, adapt\u00e9es aux voitures et aux utilitaires, elles offrent une stabilit\u00e9 durable, m\u00eame pour un usage intensif.<\/li>\n<li><strong>Respect de l\u2019environnement :<\/strong> Fabriqu\u00e9es \u00e0 partir de 100 % de <strong>PE (poly\u00e9thyl\u00e8ne) et PP (polypropyl\u00e8ne)<\/strong> recycl\u00e9s, elles sont non seulement durables, mais contribuent aussi \u00e0 r\u00e9duire l\u2019empreinte \u00e9cologique de votre projet.<\/li>\n<li><strong>R\u00e9sistantes aux intemp\u00e9ries :<\/strong> Con\u00e7ues pour r\u00e9sister au gel, aux rayons UV et aux fortes pluies, elles conservent leurs performances en toutes saisons, sans d\u00e9t\u00e9rioration ni perte de qualit\u00e9.<\/li>\n<li><strong>Perm\u00e9ables \u00e0 l\u2019eau :<\/strong> Elles emp\u00eachent l\u2019accumulation d\u2019eau, favorisent une croissance saine du gazon et assurent un drainage naturel, id\u00e9al pour une base stable et saine.<\/li>\n<\/ul>\n<h3>Applications des dalles en gazon pr\u00e9cultiv\u00e9es<\/h3>\n<p>Nos dalles de gazon sont id\u00e9ales pour :<\/p>\n<ul>\n<li><strong>Parkings en gazon<\/strong> pour les entreprises, les zones de loisirs ou les quartiers r\u00e9sidentiels. Cr\u00e9ez une solution de stationnement fonctionnelle, verte et respectueuse de l\u2019environnement, parfaite pour les parkings visiteurs.<\/li>\n<li><strong>All\u00e9es avec une apparence naturelle et verte.<\/strong> Pour les particuliers qui souhaitent une all\u00e9e \u00e9l\u00e9gante et durable, les dalles combinent une structure robuste \u00e0 une belle finition verte.<\/li>\n<li><strong>Espaces publics<\/strong> comme les sentiers pi\u00e9tons, les acc\u00e8s d\u2019urgence ou les places publiques. Offrez une solution de rev\u00eatement s\u00e9curis\u00e9e et naturelle, combinant stabilit\u00e9 et esth\u00e9tique.<\/li>\n<li><strong>Rev\u00eatements durables au caract\u00e8re vert.<\/strong> Id\u00e9al pour des projets o\u00f9 la fonctionnalit\u00e9 et une apparence naturelle se rencontrent, comme les sites \u00e9v\u00e9nementiels verts, les parkings temporaires ou les infrastructures \u00e9cologiques.<\/li>\n<\/ul>\n<p>Pr\u00e9f\u00e9rez semer votre propre gazon ? Dans ce cas, optez pour nos dalles ECCOdal et remplissez-les avec le <a href=\"https:\/\/www.jatu.be\/fr\/produit\/creadal-substrat-dalle-de-gazon\/\">substrat CREAdal<\/a> pour une croissance optimale.<\/p>\n<h3>Quelle quantit\u00e9 de dalles en gazon pr\u00e9cultiv\u00e9es vous faut-il ?<\/h3>\n<p>Chaque dalle pr\u00e9-cultiv\u00e9e est livr\u00e9e dans une dalle ECCOdal de <strong>80 x 80 cm<\/strong>, couvrant une surface de <strong>0,64 m\u00b2 par dalle<\/strong>. Utilisez notre outil de calcul sur le site web pour d\u00e9terminer rapidement la quantit\u00e9 exacte n\u00e9cessaire \u00e0 votre projet.<\/p>\n<h4><strong>Astuce suppl\u00e9mentaire : Pr\u00e9parez une base solide et nourrissante.<\/strong><\/h4>\n<ul>\n<li><strong><a href=\"https:\/\/www.jatu.be\/fr\/produit\/creasoil-substrat-de-fondation\/\">Substrat de fondation<\/a> CREAsoil (20 cm) :<\/strong> Garantit stabilit\u00e9 et drainage.<\/li>\n<li><strong><a href=\"https:\/\/www.jatu.be\/fr\/produit\/creabed-substrat-de-lit-de-pose\/\">Substrat de pose<\/a> CREAbed (5 cm) :<\/strong> Fournit une base nourrissante et stable.<\/li>\n<\/ul>\n<h3>Commander des dalles ECCOdal \u2013 Livraison ou retrait<\/h3>\n<p>Commandez vos dalles de gazon pr\u00e9-cultiv\u00e9es sur <strong>Jatu.be<\/strong> pour une <a href=\"https:\/\/www.jatu.be\/fr\/specifications-de-livraison-jatu-rapide-efficace\/\">livraison \u00e0 domicile partout en Belgique<\/a> sous <strong>4 jours ouvrables<\/strong>. Besoin de commencer imm\u00e9diatement ? Vous pouvez \u00e9galement les retirer \u00e0 partir d\u2019une seule unit\u00e9 dans l\u2019un de nos <a href=\"https:\/\/www.jatu.be\/fr\/points-de-collecte\/\">points de retrait<\/a>.<\/p>\n<p><strong>Des questions ou besoin d\u2019un devis personnalis\u00e9 pour votre projet de jardin ?<\/strong> <a href=\"https:\/\/www.jatu.be\/fr\/contact\/\">Contactez nos experts<\/a>, nous serons ravis de vous aider \u00e0 r\u00e9aliser vos plans. Nous r\u00e9pondons dans les 24 heures (jours ouvrables).<\/p>\n","protected":false},"featured_media":62122,"template":"","meta":{"_acf_changed":false,"inline_featured_image":false,"footnotes":""},"product_cat":[5402],"product_tag":[],"class_list":{"0":"post-47335","1":"product","2":"type-product","3":"status-publish","4":"has-post-thumbnail","6":"product_cat-parking-engazonne-gazon-et-plus","8":"first","9":"instock","10":"taxable","11":"shipping-taxable","12":"purchasable","13":"product-type-variable","14":"has-default-attributes"},"acf":{"woocommerce_erp_id":"16870","woocommerce_cnk_id":"202560","product_density":0.64,"custom_prices":[{"variation_id":"54823","customer_group":"CON","customer_id":"","min_qty":0.64,"max_qty":9999999,"steps":0.64,"price":42.15,"price_incl":51,"delivery_group":"COLLECT"},{"variation_id":"54823","customer_group":"CON","customer_id":"","min_qty":0.64,"max_qty":9999999,"steps":0.64,"price":42.15,"price_incl":51,"delivery_group":"DELIVERY"}],"packaging_ids":[{"packaging_name":"m\u00b2","packaging_id":"8","erp_id":"16870"}],"c_lengte":"","c_breedte":"","c_hoogte":""},"_links":{"self":[{"href":"https:\/\/www.jatu.be\/fr\/wp-json\/wp\/v2\/product\/47335","targetHints":{"allow":["GET"]}}],"collection":[{"href":"https:\/\/www.jatu.be\/fr\/wp-json\/wp\/v2\/product"}],"about":[{"href":"https:\/\/www.jatu.be\/fr\/wp-json\/wp\/v2\/types\/product"}],"version-history":[{"count":4,"href":"https:\/\/www.jatu.be\/fr\/wp-json\/wp\/v2\/product\/47335\/revisions"}],"predecessor-version":[{"id":63955,"href":"https:\/\/www.jatu.be\/fr\/wp-json\/wp\/v2\/product\/47335\/revisions\/63955"}],"wp:featuredmedia":[{"embeddable":true,"href":"https:\/\/www.jatu.be\/fr\/wp-json\/wp\/v2\/media\/62122"}],"wp:attachment":[{"href":"https:\/\/www.jatu.be\/fr\/wp-json\/wp\/v2\/media?parent=47335"}],"wp:term":[{"taxonomy":"product_cat","embeddable":true,"href":"https:\/\/www.jatu.be\/fr\/wp-json\/wp\/v2\/product_cat?post=47335"},{"taxonomy":"product_tag","embeddable":true,"href":"https:\/\/www.jatu.be\/fr\/wp-json\/wp\/v2\/product_tag?post=47335"}],"curies":[{"name":"wp","href":"https:\/\/api.w.org\/{rel}","templated":true}]}}