{"id":47339,"date":"2024-01-10T11:32:26","date_gmt":"2024-01-10T10:32:26","guid":{"rendered":"https:\/\/www.jatu.be\/?post_type=product&#038;p=47339"},"modified":"2026-05-07T13:16:44","modified_gmt":"2026-05-07T11:16:44","slug":"cercle-darbre-en-acier-corten-ecco-tree-border","status":"publish","type":"product","link":"https:\/\/www.jatu.be\/fr\/produit\/cercle-darbre-en-acier-corten-ecco-tree-border\/","title":{"rendered":"Cercle d&rsquo;arbre en acier corten &#8211; ECCO Tree Border"},"content":{"rendered":"","protected":false},"excerpt":{"rendered":"<h1>Acheter un cercle d&rsquo;arbre en acier Corten &#8211; ECCO Tree Border<\/h1>\n<p>D\u00e9couvrez le compl\u00e9ment parfait pour votre jardin avec nos cercles d&rsquo;arbres en acier Corten. Ces magnifiques ornements de jardin fonctionnels ajoutent non seulement un \u00e9l\u00e9ment esth\u00e9tique \u00e0 votre espace ext\u00e9rieur, mais assurent \u00e9galement la protection de vos arbres.\u00a0<\/p>\n<p>Avec des diam\u00e8tres disponibles de 50cm, 75cm et 100cm pour le bord ext\u00e9rieur et des largeurs de bord de 10cm, 15cm et 20cm respectivement, vous pouvez choisir la taille parfaite pour s&rsquo;adapter \u00e0 l&rsquo;am\u00e9nagement de votre jardin.<\/p>\n<p>Commandez votre cercle d&rsquo;arbre aujourd&rsquo;hui et nous le livrerons gratuitement \u00e0 votre domicile dans les quatre jours ouvrables partout en Belgique. L&rsquo;enl\u00e8vement est \u00e9galement possible dans l&rsquo;un de nos points de collecte.<\/p>\n<h1>Pourquoi choisir nos cercles d&rsquo;arbres en acier Corten ?<\/h1>\n<h2>Durabilit\u00e9 de l&rsquo;acier Corten<\/h2>\n<p>Nos cercles d&rsquo;arbres sont fabriqu\u00e9s en acier Corten, un mat\u00e9riau de haute qualit\u00e9 connu pour sa durabilit\u00e9 et sa r\u00e9sistance aux intemp\u00e9ries. Avec le temps, l&rsquo;acier Corten d\u00e9veloppe une patine de rouille unique qui n&rsquo;est pas seulement esth\u00e9tique, mais qui prolonge \u00e9galement la dur\u00e9e de vie du produit. Votre cercle d&rsquo;arbres durera des ann\u00e9es sans n\u00e9cessiter beaucoup d&rsquo;entretien.<\/p>\n<h2>Protection de vos arbres<\/h2>\n<p>Le cercle d&rsquo;arbre en acier Corten agit comme une barri\u00e8re protectrice autour de vos arbres. Il \u00e9vite les dommages caus\u00e9s par les tondeuses et les tailleuses et emp\u00eache les mauvaises herbes d&rsquo;envahir l&rsquo;espace de croissance de vos arbres. Il en r\u00e9sulte des arbres plus sains, plus beaux et plus florissants.<\/p>\n<h2>Livraison gratuite<\/h2>\n<p>Chez Jatu, nous croyons qu&rsquo;il est important d&rsquo;offrir le meilleur rapport qualit\u00e9-prix \u00e0 nos clients. C&rsquo;est pourquoi nous offrons la livraison gratuite pour tous nos cercles d&rsquo;arbres en acier corten. Pas de frais cach\u00e9s, seulement des produits de haute qualit\u00e9 livr\u00e9s directement \u00e0 votre porte. Peut \u00e9galement \u00eatre inclus avec un grand sac ou des produits jet\u00e9s en vrac.<\/p>\n","protected":false},"featured_media":50937,"template":"","meta":{"_acf_changed":false,"inline_featured_image":false,"footnotes":""},"product_cat":[5394,5383,5386],"product_tag":[6990],"class_list":{"0":"post-47339","1":"product","2":"type-product","3":"status-publish","4":"has-post-thumbnail","6":"product_cat-acier-corten-bordures-de-jardin","7":"product_cat-bordures-de-jardin","8":"product_cat-soins-aux-arbres","9":"product_tag-reduction-cat-1","11":"first","12":"instock","13":"taxable","14":"shipping-taxable","15":"purchasable","16":"product-type-variable","17":"has-default-attributes"},"acf":{"woocommerce_erp_id":"17136","woocommerce_cnk_id":"202828","product_density":0,"custom_prices":[{"variation_id":"54826","customer_group":"CON","customer_id":"","min_qty":1,"max_qty":9999999,"steps":1,"price":63.56,"price_incl":76.91,"delivery_group":"COLLECT"},{"variation_id":"54826","customer_group":"CON","customer_id":"","min_qty":1,"max_qty":9999999,"steps":1,"price":63.56,"price_incl":76.91,"delivery_group":"DELIVERY"},{"variation_id":"54827","customer_group":"CON","customer_id":"","min_qty":1,"max_qty":9999999,"steps":1,"price":90.6,"price_incl":109.63,"delivery_group":"COLLECT"},{"variation_id":"54827","customer_group":"CON","customer_id":"","min_qty":1,"max_qty":9999999,"steps":1,"price":90.6,"price_incl":109.63,"delivery_group":"DELIVERY"},{"variation_id":"54825","customer_group":"CON","customer_id":"","min_qty":1,"max_qty":9999999,"steps":1,"price":43.18,"price_incl":52.25,"delivery_group":"COLLECT"},{"variation_id":"54825","customer_group":"CON","customer_id":"","min_qty":1,"max_qty":9999999,"steps":1,"price":43.18,"price_incl":52.25,"delivery_group":"DELIVERY"}],"packaging_ids":[{"packaging_name":"Diam\u00e8tre 50 cm","packaging_id":"51","erp_id":"17136"},{"packaging_name":"Diam\u00e8tre 75 cm","packaging_id":"13","erp_id":"17135"},{"packaging_name":"Diam\u00e8tre 100 cm","packaging_id":"17","erp_id":"17134"}],"c_lengte":"","c_breedte":"","c_hoogte":""},"_links":{"self":[{"href":"https:\/\/www.jatu.be\/fr\/wp-json\/wp\/v2\/product\/47339","targetHints":{"allow":["GET"]}}],"collection":[{"href":"https:\/\/www.jatu.be\/fr\/wp-json\/wp\/v2\/product"}],"about":[{"href":"https:\/\/www.jatu.be\/fr\/wp-json\/wp\/v2\/types\/product"}],"version-history":[{"count":3,"href":"https:\/\/www.jatu.be\/fr\/wp-json\/wp\/v2\/product\/47339\/revisions"}],"predecessor-version":[{"id":72164,"href":"https:\/\/www.jatu.be\/fr\/wp-json\/wp\/v2\/product\/47339\/revisions\/72164"}],"wp:featuredmedia":[{"embeddable":true,"href":"https:\/\/www.jatu.be\/fr\/wp-json\/wp\/v2\/media\/50937"}],"wp:attachment":[{"href":"https:\/\/www.jatu.be\/fr\/wp-json\/wp\/v2\/media?parent=47339"}],"wp:term":[{"taxonomy":"product_cat","embeddable":true,"href":"https:\/\/www.jatu.be\/fr\/wp-json\/wp\/v2\/product_cat?post=47339"},{"taxonomy":"product_tag","embeddable":true,"href":"https:\/\/www.jatu.be\/fr\/wp-json\/wp\/v2\/product_tag?post=47339"}],"curies":[{"name":"wp","href":"https:\/\/api.w.org\/{rel}","templated":true}]}}