{"id":47341,"date":"2024-01-10T11:32:28","date_gmt":"2024-01-10T10:32:28","guid":{"rendered":"https:\/\/www.jatu.be\/?post_type=product&#038;p=47341"},"modified":"2026-03-09T09:25:27","modified_gmt":"2026-03-09T08:25:27","slug":"eccoborders-easyfix-corten-li-120-x-10-cm","status":"publish","type":"product","link":"https:\/\/www.jatu.be\/fr\/produit\/eccoborders-easyfix-corten-li-120-x-10-cm\/","title":{"rendered":"ECCOborder Easyfix Corten LI 120 x 10cm"},"content":{"rendered":"","protected":false},"excerpt":{"rendered":"<ul>\n<li>Bordure de jardin en acier Corten<\/li>\n<li>Facile et rapide \u00e0 installer<\/li>\n<li>Flexible, convient aux l\u00e9g\u00e8res courbures<\/li>\n<li>Possibilit\u00e9 de pliage \u00e0 90\u00b0.<\/li>\n<li>Livrable rapidement dans les 4 jours ouvrables<\/li>\n<li>\u00c9galement disponible en <a href=\"https:\/\/www.jatu.be\/fr\/categorie-produit\/bordures-de-jardin\/galvanisee-bordures-de-jardin\/\">acier Galvanis\u00e9<\/a><\/li>\n<\/ul>\n<h2>Bordure de jardin facile \u00e0 installer<\/h2>\n<p>Les ECCOborders Easyfix sont extr\u00eamement rapides et <strong>faciles \u00e0 installer<\/strong>. Gr\u00e2ce aux plaques de fixation, vous pouvez facilement relier deux pi\u00e8ces. Les piquets inclus assurent une fixation solide dans le sol.<\/p>\n<p>Les pi\u00e8ces mesurent <strong>120 cm de long et 10 cm<\/strong> de haut. Cette courte distance rend l&rsquo;installation beaucoup plus confortable. Easyfix convient \u00e0 toutes les zones non utilis\u00e9es par les voitures : terrasses, parterres de fleurs, pelouses, potagers,&#8230; Easyfix LI peut \u00eatre utilis\u00e9 pour les tron\u00e7ons droits et pour les formes l\u00e9g\u00e8rement inclin\u00e9es. Il est possible de r\u00e9aliser des angles \u00e0 90\u00b0.<\/p>\n<h2>Acheter une bordure de jardin en acier Corten<\/h2>\n<p>Il y a une quantit\u00e9 minimale de commande de 10 pi\u00e8ces pour la <strong>livraison<\/strong>, mais \u00e0 partir de cette quantit\u00e9, elles peuvent \u00eatre ajout\u00e9es \u00e0 la pi\u00e8ce. Pour <strong>l&rsquo;enl\u00e8vement<\/strong>, ils sont disponibles par pi\u00e8ce. L&rsquo;Easyfix est disponible en <a href=\"https:\/\/www.jatu.be\/fr\/categorie-produit\/bordures-de-jardin\/galvanisee-bordures-de-jardin\/\" target=\"_blank\" rel=\"noopener noreferrer\">acier galvanis\u00e9<\/a> ou en acier Corten.<\/p>\n","protected":false},"featured_media":50373,"template":"","meta":{"_acf_changed":false,"inline_featured_image":false,"footnotes":""},"product_cat":[5394,5383],"product_tag":[6990],"class_list":{"0":"post-47341","1":"product","2":"type-product","3":"status-publish","4":"has-post-thumbnail","6":"product_cat-acier-corten-bordures-de-jardin","7":"product_cat-bordures-de-jardin","8":"product_tag-reduction-cat-1","10":"first","11":"instock","12":"taxable","13":"shipping-taxable","14":"purchasable","15":"product-type-variable","16":"has-default-attributes"},"acf":{"woocommerce_erp_id":"17143","woocommerce_cnk_id":"203081","product_density":0,"custom_prices":[{"variation_id":"54828","customer_group":"CON","customer_id":"","min_qty":1,"max_qty":9999999,"steps":1,"price":21.49,"price_incl":26,"delivery_group":"DELIVERY"},{"variation_id":"54828","customer_group":"CON","customer_id":"","min_qty":1,"max_qty":9999999,"steps":1,"price":21.49,"price_incl":26,"delivery_group":"COLLECT"}],"packaging_ids":[{"packaging_name":"Pi\u00e8ce","packaging_id":"7","erp_id":"17143"}],"c_lengte":"","c_breedte":"","c_hoogte":""},"_links":{"self":[{"href":"https:\/\/www.jatu.be\/fr\/wp-json\/wp\/v2\/product\/47341","targetHints":{"allow":["GET"]}}],"collection":[{"href":"https:\/\/www.jatu.be\/fr\/wp-json\/wp\/v2\/product"}],"about":[{"href":"https:\/\/www.jatu.be\/fr\/wp-json\/wp\/v2\/types\/product"}],"version-history":[{"count":5,"href":"https:\/\/www.jatu.be\/fr\/wp-json\/wp\/v2\/product\/47341\/revisions"}],"predecessor-version":[{"id":58645,"href":"https:\/\/www.jatu.be\/fr\/wp-json\/wp\/v2\/product\/47341\/revisions\/58645"}],"wp:featuredmedia":[{"embeddable":true,"href":"https:\/\/www.jatu.be\/fr\/wp-json\/wp\/v2\/media\/50373"}],"wp:attachment":[{"href":"https:\/\/www.jatu.be\/fr\/wp-json\/wp\/v2\/media?parent=47341"}],"wp:term":[{"taxonomy":"product_cat","embeddable":true,"href":"https:\/\/www.jatu.be\/fr\/wp-json\/wp\/v2\/product_cat?post=47341"},{"taxonomy":"product_tag","embeddable":true,"href":"https:\/\/www.jatu.be\/fr\/wp-json\/wp\/v2\/product_tag?post=47341"}],"curies":[{"name":"wp","href":"https:\/\/api.w.org\/{rel}","templated":true}]}}