{"id":47349,"date":"2024-01-10T11:32:38","date_gmt":"2024-01-10T10:32:38","guid":{"rendered":"https:\/\/www.jatu.be\/?post_type=product&#038;p=47349"},"modified":"2026-03-09T09:26:00","modified_gmt":"2026-03-09T08:26:00","slug":"couverture-de-protection-toiture-verte-tissu-synthetique-1-x-40-m","status":"publish","type":"product","link":"https:\/\/www.jatu.be\/fr\/produit\/couverture-de-protection-toiture-verte-tissu-synthetique-1-x-40-m\/","title":{"rendered":"Couverture de protection toiture verte &#8211; Tissu synth\u00e9tique 1 x 40 m"},"content":{"rendered":"","protected":false},"excerpt":{"rendered":"<p>Ce Feutre de protection prot\u00e8ge la couverture du toit contre les dommages \u00e9ventuels pendant l&rsquo;installation et fournit \u00e9galement un tampon d&rsquo;eau suppl\u00e9mentaire. Les Tuiles vertes peuvent \u00eatre pos\u00e9es directement sur cette Feutre de protection.<\/p>\n<p><strong>Construction d&rsquo;un toit vert avec des tuiles de sedum :<\/strong><\/p>\n<ol>\n<li>Visualiser la couverture actuelle du toit (bitume\/EPDM ou PVC)<\/li>\n<li>Anti-racine (uniquement pour les toits en bitume)<\/li>\n<li>Feutre de protection<\/li>\n<li>Toit vert avec des <a href=\"https:\/\/www.jatu.be\/fr\/produit\/toit-vert-en-tuiles-de-sedum\/\" target=\"_blank\" rel=\"noopener noreferrer\">Tuiles vertes<\/a><\/li>\n<\/ol>\n","protected":false},"featured_media":50244,"template":"","meta":{"_acf_changed":false,"inline_featured_image":false,"footnotes":""},"product_cat":[5399],"product_tag":[],"class_list":{"0":"post-47349","1":"product","2":"type-product","3":"status-publish","4":"has-post-thumbnail","6":"product_cat-toit-vert","8":"first","9":"instock","10":"taxable","11":"shipping-taxable","12":"purchasable","13":"product-type-variable","14":"has-default-attributes"},"acf":{"woocommerce_erp_id":"17165","woocommerce_cnk_id":"203104","product_density":0,"custom_prices":[{"variation_id":"54831","customer_group":"CON","customer_id":"","min_qty":1,"max_qty":9999999,"steps":1,"price":89.26,"price_incl":108,"delivery_group":"COLLECT"},{"variation_id":"54831","customer_group":"CON","customer_id":"","min_qty":1,"max_qty":9999999,"steps":1,"price":89.26,"price_incl":108,"delivery_group":"DELIVERY"}],"packaging_ids":[{"packaging_name":"Pi\u00e8ce","packaging_id":"7","erp_id":"17165"}],"c_lengte":"","c_breedte":"","c_hoogte":""},"_links":{"self":[{"href":"https:\/\/www.jatu.be\/fr\/wp-json\/wp\/v2\/product\/47349","targetHints":{"allow":["GET"]}}],"collection":[{"href":"https:\/\/www.jatu.be\/fr\/wp-json\/wp\/v2\/product"}],"about":[{"href":"https:\/\/www.jatu.be\/fr\/wp-json\/wp\/v2\/types\/product"}],"version-history":[{"count":3,"href":"https:\/\/www.jatu.be\/fr\/wp-json\/wp\/v2\/product\/47349\/revisions"}],"predecessor-version":[{"id":57491,"href":"https:\/\/www.jatu.be\/fr\/wp-json\/wp\/v2\/product\/47349\/revisions\/57491"}],"wp:featuredmedia":[{"embeddable":true,"href":"https:\/\/www.jatu.be\/fr\/wp-json\/wp\/v2\/media\/50244"}],"wp:attachment":[{"href":"https:\/\/www.jatu.be\/fr\/wp-json\/wp\/v2\/media?parent=47349"}],"wp:term":[{"taxonomy":"product_cat","embeddable":true,"href":"https:\/\/www.jatu.be\/fr\/wp-json\/wp\/v2\/product_cat?post=47349"},{"taxonomy":"product_tag","embeddable":true,"href":"https:\/\/www.jatu.be\/fr\/wp-json\/wp\/v2\/product_tag?post=47349"}],"curies":[{"name":"wp","href":"https:\/\/api.w.org\/{rel}","templated":true}]}}