{"id":47353,"date":"2024-01-10T11:32:42","date_gmt":"2024-01-10T10:32:42","guid":{"rendered":"https:\/\/www.jatu.be\/?post_type=product&#038;p=47353"},"modified":"2026-03-09T09:25:16","modified_gmt":"2026-03-09T08:25:16","slug":"copeaux-de-bois-durs-darbres-feuillus","status":"publish","type":"product","link":"https:\/\/www.jatu.be\/fr\/produit\/copeaux-de-bois-durs-darbres-feuillus\/","title":{"rendered":"Copeaux de bois dur d\u2019arbres feuillus"},"content":{"rendered":"","protected":false},"excerpt":{"rendered":"<h2>Acheter des copeaux de bois dur, livraison en big bags jusqu&rsquo;\u00e0 2m\u00b3<\/h2>\n<p>Vous cherchez des copeaux de bois dur 100% belges ? Chez Jatu, vous pouvez facilement commander ces copeaux de bois dur en ligne et les r\u00e9cup\u00e9rer imm\u00e9diatement \u00e0 notre d\u00e9p\u00f4t de Zedelgem (Bruges). Cela peut se faire \u00e0 un prix tr\u00e8s avantageux, en vrac, \u00e0 partir de 0,5 m\u00b3.<\/p>\n<p>Les copeaux de bois dur sont une solution tr\u00e8s \u00e9cologique et durable pour couvrir le sol. Vous souhaitez que ces copeaux de bois dur soient livr\u00e9s \u00e0 votre domicile ? Pas de probl\u00e8me, commandez vos copeaux de bois maintenant, nous les livrons partout en Belgique dans un emballage tr\u00e8s bon march\u00e9 par 2m\u00b3 et dans un d\u00e9lai de 4 jours ouvrables. Pour le m\u00eame prix de transport, vous pouvez vous faire livrer deux fois plus de plantes couvre-sol chez vous.<\/p>\n<h2>Avantages des copeaux de bois dur<\/h2>\n<p>M\u00e9lange de copeaux de bois provenant de <strong>feuillus belges<\/strong> avec un <strong>bon rapport qualit\u00e9-prix<\/strong> et une <strong>longue dur\u00e9e de vie<\/strong>. La <strong>taille du copeau<\/strong> varie entre <strong>0 et 55 mm<\/strong>.<\/p>\n<p>Ce m\u00e9lange est un <strong>m\u00e9lange de bois<\/strong> de :<em> Ch\u00eane, Ch\u00eane A, Ch\u00e2taignier, H\u00eatre, Fr\u00eane<\/em>. Id\u00e9al pour \u00eatre utilis\u00e9 dans les zones vertes non acidul\u00e9es. Ceci \u00e0 la fois dans la phase de plantation et dans une zone verte existante. En travaillant <strong>uniquement avec du bois dur<\/strong>, la conversion des copeaux de bois en mati\u00e8re organique se fera plus lentement, de sorte que la d\u00e9composition se fera moins rapidement. Par cons\u00e9quent, vous n&rsquo;avez pas \u00e0 r\u00e9approvisionner les copeaux de bois dur d\u2019arbres feuillus Arbix aussi souvent qu&rsquo;un m\u00e9lange de tronc.<\/p>\n<p>Les copeaux de bois dur d\u2019arbres feuillus peuvent \u00eatre utilis\u00e9s comme <strong>sentier <\/strong>dans le jardin ou le <strong>potager<\/strong>. <strong>Dur\u00e9e de vie<\/strong> estim\u00e9e de <strong>2 \u00e0 4 ans<\/strong>. Nous recommandons une \u00e9paisseur de <strong>couche de 10 cm \u00e0 14 cm<\/strong>.<\/p>\n<p>Lorsqu&rsquo;il est command\u00e9 pour \u00eatre <strong>collect\u00e9<\/strong>, il est uniquement <strong>disponible \u00e0 Zedelgem<\/strong>. Chez Jatu, nous ne distribuons que les<strong> copeaux de bois<\/strong> de la meilleure qualit\u00e9 <strong>d&rsquo;Arbix<\/strong>.<\/p>\n","protected":false},"featured_media":64367,"template":"","meta":{"_acf_changed":false,"inline_featured_image":false,"footnotes":""},"product_cat":[5385],"product_tag":[],"class_list":{"0":"post-47353","1":"product","2":"type-product","3":"status-publish","4":"has-post-thumbnail","6":"product_cat-copeaux-de-bois-dorigine-locale-couverture-vegetales","8":"first","9":"instock","10":"taxable","11":"shipping-taxable","12":"purchasable","13":"product-type-variable","14":"has-default-attributes"},"acf":{"woocommerce_erp_id":"17138","woocommerce_cnk_id":"203118","product_density":0.25,"custom_prices":[{"variation_id":"55129","customer_group":"CON","customer_id":"","min_qty":1,"max_qty":9999999,"steps":1,"price":142.45,"price_incl":151,"delivery_group":"DELIVERY"},{"variation_id":"55129","customer_group":"CON","customer_id":"","min_qty":1,"max_qty":9999999,"steps":1,"price":142.45,"price_incl":151,"delivery_group":"COLLECT"},{"variation_id":"48688","customer_group":"CON","customer_id":"","min_qty":0.5,"max_qty":9999999,"steps":0.1,"price":88.68,"price_incl":94,"delivery_group":"COLLECT"},{"variation_id":"48688","customer_group":"CON","customer_id":"","min_qty":5,"max_qty":9999999,"steps":0.1,"price":88.68,"price_incl":94,"delivery_group":"DELIVERY"},{"variation_id":"55130","customer_group":"CON","customer_id":"","min_qty":1,"max_qty":9999999,"steps":1,"price":240.57,"price_incl":255,"delivery_group":"DELIVERY"},{"variation_id":"55130","customer_group":"CON","customer_id":"","min_qty":1,"max_qty":9999999,"steps":1,"price":240.57,"price_incl":255,"delivery_group":"COLLECT"}],"packaging_ids":[{"packaging_name":"En vrac (\u00e0 partir de m\u00b3)","packaging_id":"11","erp_id":"17138"},{"packaging_name":"Big bag 1 m\u00b3","packaging_id":"9","erp_id":"19137"},{"packaging_name":"Big bag 2 m\u00b3","packaging_id":"12","erp_id":"19382"}],"c_lengte":"","c_breedte":"","c_hoogte":""},"_links":{"self":[{"href":"https:\/\/www.jatu.be\/fr\/wp-json\/wp\/v2\/product\/47353","targetHints":{"allow":["GET"]}}],"collection":[{"href":"https:\/\/www.jatu.be\/fr\/wp-json\/wp\/v2\/product"}],"about":[{"href":"https:\/\/www.jatu.be\/fr\/wp-json\/wp\/v2\/types\/product"}],"version-history":[{"count":8,"href":"https:\/\/www.jatu.be\/fr\/wp-json\/wp\/v2\/product\/47353\/revisions"}],"predecessor-version":[{"id":59817,"href":"https:\/\/www.jatu.be\/fr\/wp-json\/wp\/v2\/product\/47353\/revisions\/59817"}],"wp:featuredmedia":[{"embeddable":true,"href":"https:\/\/www.jatu.be\/fr\/wp-json\/wp\/v2\/media\/64367"}],"wp:attachment":[{"href":"https:\/\/www.jatu.be\/fr\/wp-json\/wp\/v2\/media?parent=47353"}],"wp:term":[{"taxonomy":"product_cat","embeddable":true,"href":"https:\/\/www.jatu.be\/fr\/wp-json\/wp\/v2\/product_cat?post=47353"},{"taxonomy":"product_tag","embeddable":true,"href":"https:\/\/www.jatu.be\/fr\/wp-json\/wp\/v2\/product_tag?post=47353"}],"curies":[{"name":"wp","href":"https:\/\/api.w.org\/{rel}","templated":true}]}}