{"id":47357,"date":"2024-01-10T11:32:46","date_gmt":"2024-01-10T10:32:46","guid":{"rendered":"https:\/\/www.jatu.be\/?post_type=product&#038;p=47357"},"modified":"2026-03-09T09:43:13","modified_gmt":"2026-03-09T08:43:13","slug":"finition-en-acier-corten-betotop","status":"publish","type":"product","link":"https:\/\/www.jatu.be\/fr\/produit\/finition-en-acier-corten-betotop\/","title":{"rendered":"Finition en acier Corten Betotop 200 x 7 cm \u2013 pour bordure en b\u00e9ton"},"content":{"rendered":"","protected":false},"excerpt":{"rendered":"<h2>Finition en acier Corten Betotop 200 x 7 cm \u2013 pour bordure en b\u00e9ton<\/h2>\n<p>Donnez \u00e0 vos <a href=\"https:\/\/www.jatu.be\/fr\/categorie-produit\/bordures-de-jardin\/en-beton-bordures-de-jardin\/\">bordures en b\u00e9ton<\/a> une apparence robuste et naturelle avec la finition en acier Corten Betotop Vous souhaitez offrir \u00e0 votre jardin une allure chaleureuse et intemporelle ? L\u2019acier Corten est le choix id\u00e9al pour une finition \u00e0 la fois esth\u00e9tique et durable. Ce mat\u00e9riau forme au fil du temps une couche protectrice de rouille, cr\u00e9ant ainsi un aspect industriel unique. Avec une longueur de 200 cm, une hauteur de 7 cm et une largeur de 1,6 cm, cette finition offre la combinaison parfaite de style et de fonctionnalit\u00e9. Le profil en V auto-serrant maintient fermement la Betotop en place, sans besoin de fixations suppl\u00e9mentaires. Ce profil s&rsquo;adapte parfaitement sur deux bordures en b\u00e9ton de 1 m\u00e8tre.<\/p>\n<h3>Avantages de la finition en acier Corten Betotop<\/h3>\n<ul>\n<li><strong>Apparence rustique<\/strong> : La patine caract\u00e9ristique de l&rsquo;<a href=\"https:\/\/www.jatu.be\/fr\/categorie-produit\/bordures-de-jardin\/acier-corten-bordures-de-jardin\/\">acier Corten<\/a> ajoute une touche chaleureuse et naturelle \u00e0 votre jardin.<\/li>\n<li><strong>R\u00e9sistant aux intemp\u00e9ries<\/strong> : L&rsquo;acier Corten est extr\u00eamement durable et r\u00e9siste \u00e0 toutes les conditions m\u00e9t\u00e9orologiques, ce qui lui permet de conserver son int\u00e9grit\u00e9 m\u00eame en cas de pluie ou de vent.<\/li>\n<li><strong>Installation facile<\/strong> : Gr\u00e2ce au profil auto-serrant, l&rsquo;installation est simple, sans fixations suppl\u00e9mentaires.<\/li>\n<li><strong>Ajustement parfait<\/strong> : Con\u00e7u pour s\u2019adapter parfaitement sur deux bordures en b\u00e9ton de 1 m\u00e8tre, assurant une finition continue et sans interruption.<\/li>\n<\/ul>\n<h2>Applications de la Finition en acier Corten Betotop<\/h2>\n<p>La finition en acier Corten Betotop est id\u00e9ale pour de nombreuses applications. Cette finition de haute qualit\u00e9 offre une solution durable pour diverses utilisations en ext\u00e9rieur. Que vous souhaitiez cr\u00e9er des lignes nettes le long des all\u00e9es de jardin ou bordurer proprement vos pelouses, la Betotop en acier Corten garantit une finition robuste et esth\u00e9tique. Autour des \u00e9tangs, l&rsquo;acier Corten offre une finition r\u00e9sistante aux intemp\u00e9ries, \u00e0 la fois pratique et attrayante.<\/p>\n<ul>\n<li>\n<p><strong>Protection pour all\u00e9es et terrasses<br \/>\n<\/strong>La Betotop en acier Corten offre une excellente protection des bordures d\u2019<a href=\"https:\/\/www.jatu.be\/fr\/project\/instruction-pour-une-allee-permeable\/\">all\u00e9es<\/a> et de terrasses contre l&rsquo;usure due aux pi\u00e9tons et aux v\u00e9hicules. Gr\u00e2ce \u00e0 sa robustesse, elle est \u00e9galement id\u00e9ale pour d\u00e9limiter les parkings et autres surfaces intensivement utilis\u00e9es. Les parterres de fleurs sont encadr\u00e9s de mani\u00e8re nette, emp\u00eachant les plantes de d\u00e9passer.<\/p>\n<\/li>\n<li>\n<p><strong>Parfait pour les chemins d&rsquo;acc\u00e8s et les surfaces pav\u00e9es<br \/>\n<\/strong>L\u2019installation facile et la durabilit\u00e9 de l\u2019acier Corten en font une solution adapt\u00e9e aux jardins priv\u00e9s comme aux environnements commerciaux. Que vous souhaitiez cr\u00e9er une s\u00e9paration fonctionnelle ou ajouter une touche raffin\u00e9e \u00e0 votre espace ext\u00e9rieur, la Betotop en acier Corten s\u2019adapte ais\u00e9ment \u00e0 toutes les situations.<\/p>\n<\/li>\n<li>\n<p><strong>Dimensions parfaites pour les bordures en b\u00e9ton<br \/>\n<\/strong>Chaque Betotop en acier Corten mesure 2 m\u00e8tres de long, ce qui signifie qu&rsquo;une seule Betotop suffit pour couvrir deux bordures en b\u00e9ton de 1 m\u00e8tre. Cela garantit une finition continue et sans interruption.<\/p>\n<\/li>\n<\/ul>\n<h3>Emballage<\/h3>\n<p>La finition en acier Corten Betotop est vendue \u00e0 l\u2019unit\u00e9 avec une longueur de 2 m\u00e8tres. Une seule Betotop suffit pour couvrir deux bordures en b\u00e9ton de 1 m\u00e8tre, assurant une finition nette et continue, id\u00e9ale pour une apparence uniforme dans votre jardin. L&rsquo;acier Corten est durable et reste esth\u00e9tiquement agr\u00e9able m\u00eame dans des conditions m\u00e9t\u00e9orologiques difficiles.<\/p>\n<p>En plus de la version en acier Corten, la Betotop est \u00e9galement disponible en <a href=\"https:\/\/www.jatu.be\/fr\/produit\/en-acier-betotop-inox-200-x-7-cm\/\">acier inoxydable<\/a> (Inox). Ce mat\u00e9riau est id\u00e9al pour ceux qui pr\u00e9f\u00e8rent une finition moderne et \u00e9pur\u00e9e. Les deux mat\u00e9riaux offrent des solutions durables : l&rsquo;acier Corten pour une apparence chaleureuse et naturelle, tandis que l&rsquo;Inox apporte une touche \u00e9l\u00e9gante et minimaliste. Vous pouvez ainsi choisir la finition qui correspond le mieux \u00e0 la conception de votre jardin.<\/p>\n<h2>Options de livraison<\/h2>\n<p><strong>Options d&rsquo;enl\u00e8vement et de <a href=\"https:\/\/www.jatu.be\/fr\/specifications-de-livraison-jatu-rapide-efficace\/\">livraison<\/a> pour Betotop acier corten<\/strong><br \/>\nVous pouvez choisir de retirer la finition en acier Corten Betotop dans l&rsquo;un de nos <a href=\"https:\/\/www.jatu.be\/fr\/points-de-collecte\/\">points de retrait<\/a>. Le produit est disponible en stock et pr\u00eat \u00e0 \u00eatre r\u00e9cup\u00e9r\u00e9 d\u00e8s que votre commande est pass\u00e9e. Vous pouvez retirer votre commande \u00e0 Wevelgem ou \u00e0 Zedelgem, selon ce qui est le plus pratique pour vous. Les deux sites garantissent un traitement rapide et efficace.<\/p>\n<p><strong>Pr\u00e9f\u00e9rez-vous la livraison ?<\/strong><br \/>\nC&rsquo;est \u00e9galement possible. Sous 4 jours ouvrables apr\u00e8s la confirmation de votre commande, la finition en acier Corten Betotop sera livr\u00e9e directement chez vous, vous permettant ainsi de commencer rapidement votre projet. Que vous choisissiez le retrait ou la livraison, nous veillons \u00e0 ce que votre commande vous parvienne rapidement et soigneusement.<\/p>\n","protected":false},"featured_media":61603,"template":"","meta":{"_acf_changed":false,"inline_featured_image":false,"footnotes":""},"product_cat":[5394,5383],"product_tag":[6990],"class_list":{"0":"post-47357","1":"product","2":"type-product","3":"status-publish","4":"has-post-thumbnail","6":"product_cat-acier-corten-bordures-de-jardin","7":"product_cat-bordures-de-jardin","8":"product_tag-reduction-cat-1","10":"first","11":"instock","12":"taxable","13":"shipping-taxable","14":"purchasable","15":"product-type-variable","16":"has-default-attributes"},"acf":{"woocommerce_erp_id":"19133","woocommerce_cnk_id":"203124","product_density":0,"custom_prices":[{"variation_id":"54836","customer_group":"CON","customer_id":"","min_qty":1,"max_qty":9999999,"steps":1,"price":38.02,"price_incl":46,"delivery_group":"COLLECT"},{"variation_id":"54836","customer_group":"CON","customer_id":"","min_qty":1,"max_qty":9999999,"steps":1,"price":38.02,"price_incl":46,"delivery_group":"DELIVERY"}],"packaging_ids":[{"packaging_name":"Pi\u00e8ce","packaging_id":"7","erp_id":"19133"}],"c_lengte":"","c_breedte":"","c_hoogte":""},"_links":{"self":[{"href":"https:\/\/www.jatu.be\/fr\/wp-json\/wp\/v2\/product\/47357","targetHints":{"allow":["GET"]}}],"collection":[{"href":"https:\/\/www.jatu.be\/fr\/wp-json\/wp\/v2\/product"}],"about":[{"href":"https:\/\/www.jatu.be\/fr\/wp-json\/wp\/v2\/types\/product"}],"version-history":[{"count":6,"href":"https:\/\/www.jatu.be\/fr\/wp-json\/wp\/v2\/product\/47357\/revisions"}],"predecessor-version":[{"id":66287,"href":"https:\/\/www.jatu.be\/fr\/wp-json\/wp\/v2\/product\/47357\/revisions\/66287"}],"wp:featuredmedia":[{"embeddable":true,"href":"https:\/\/www.jatu.be\/fr\/wp-json\/wp\/v2\/media\/61603"}],"wp:attachment":[{"href":"https:\/\/www.jatu.be\/fr\/wp-json\/wp\/v2\/media?parent=47357"}],"wp:term":[{"taxonomy":"product_cat","embeddable":true,"href":"https:\/\/www.jatu.be\/fr\/wp-json\/wp\/v2\/product_cat?post=47357"},{"taxonomy":"product_tag","embeddable":true,"href":"https:\/\/www.jatu.be\/fr\/wp-json\/wp\/v2\/product_tag?post=47357"}],"curies":[{"name":"wp","href":"https:\/\/api.w.org\/{rel}","templated":true}]}}