{"id":47359,"date":"2024-01-10T11:32:49","date_gmt":"2024-01-10T10:32:49","guid":{"rendered":"https:\/\/www.jatu.be\/?post_type=product&#038;p=47359"},"modified":"2026-03-09T09:43:25","modified_gmt":"2026-03-09T08:43:25","slug":"eccoborder-easyfix-corten-cs-15-cm","status":"publish","type":"product","link":"https:\/\/www.jatu.be\/fr\/produit\/eccoborder-easyfix-corten-cs-15-cm\/","title":{"rendered":"ECCOborder Easyfix Corten CS 15cm"},"content":{"rendered":"","protected":false},"excerpt":{"rendered":"<p>Les ECCOborders Easyfix sont extr\u00eamement rapides et faciles \u00e0 installer. Elles sont fournies en paquets de 6 bordures (14,4 lm) de 2,4 m de long, 15 cm de haut avec 18 poches et 18 broches d&rsquo;ancrage.<\/p>\n<h2>A quoi peut me servir ces bordures?<\/h2>\n<p>Easyfix convient \u00e0 toutes les zones non utilis\u00e9es par les voitures. Ces bordures en acier galvanis\u00e9 peuvent donc \u00eatre utilis\u00e9es pour :<\/p>\n<ul>\n<li>Terrasses<\/li>\n<li>Parterres de fleurs<\/li>\n<li>Pelouses<\/li>\n<li>Jardins potagers&#8230;<\/li>\n<\/ul>\n<p>Easyfix CS est <strong>extr\u00eamement souple<\/strong> et s&rsquo;adapte \u00e0 toutes les formes possibles de votre projet. Easyfix est \u00e9galement disponible en type LI (lignes droites) et en <a href=\"https:\/\/www.jatu.be\/fr\/bordures-de-jardin\/galvanisee\/bordures-en-acier-galvanise-souple-6-pieces-de-240-x-15cm\/\" target=\"_blank\" rel=\"noopener noreferrer\">acier galvanis\u00e9<\/a>.<\/p>\n<h2>Commande de bordures en acier Galvanis\u00e9<\/h2>\n<p>En raison de leurs longues dimensions, ces chemin\u00e9es ne sont disponibles que pour <strong>le ramassage<\/strong>. Chez Jatu, nous les avons en stock et vous pouvez les retirer imm\u00e9diatement apr\u00e8s votre commande. Ceci est possible dans notre d\u00e9p\u00f4t \u00e0 Wevelgem ou Zedelgem..<\/p>\n","protected":false},"featured_media":50396,"template":"","meta":{"_acf_changed":false,"inline_featured_image":false,"footnotes":""},"product_cat":[5394,5383],"product_tag":[6990],"class_list":{"0":"post-47359","1":"product","2":"type-product","3":"status-publish","4":"has-post-thumbnail","6":"product_cat-acier-corten-bordures-de-jardin","7":"product_cat-bordures-de-jardin","8":"product_tag-reduction-cat-1","10":"first","11":"instock","12":"taxable","13":"shipping-taxable","14":"purchasable","15":"product-type-variable","16":"has-default-attributes"},"acf":{"woocommerce_erp_id":"19141","woocommerce_cnk_id":"203134","product_density":0,"custom_prices":[{"variation_id":"54837","customer_group":"CON","customer_id":"","min_qty":1,"max_qty":9999999,"steps":1,"price":305.79,"price_incl":370,"delivery_group":"COLLECT"},{"variation_id":"54837","customer_group":"CON","customer_id":"","min_qty":1,"max_qty":9999999,"steps":1,"price":305.79,"price_incl":370,"delivery_group":"DELIVERY"}],"packaging_ids":[{"packaging_name":"Pi\u00e8ce","packaging_id":"7","erp_id":"19141"}],"c_lengte":"","c_breedte":"","c_hoogte":""},"_links":{"self":[{"href":"https:\/\/www.jatu.be\/fr\/wp-json\/wp\/v2\/product\/47359","targetHints":{"allow":["GET"]}}],"collection":[{"href":"https:\/\/www.jatu.be\/fr\/wp-json\/wp\/v2\/product"}],"about":[{"href":"https:\/\/www.jatu.be\/fr\/wp-json\/wp\/v2\/types\/product"}],"version-history":[{"count":5,"href":"https:\/\/www.jatu.be\/fr\/wp-json\/wp\/v2\/product\/47359\/revisions"}],"predecessor-version":[{"id":58663,"href":"https:\/\/www.jatu.be\/fr\/wp-json\/wp\/v2\/product\/47359\/revisions\/58663"}],"wp:featuredmedia":[{"embeddable":true,"href":"https:\/\/www.jatu.be\/fr\/wp-json\/wp\/v2\/media\/50396"}],"wp:attachment":[{"href":"https:\/\/www.jatu.be\/fr\/wp-json\/wp\/v2\/media?parent=47359"}],"wp:term":[{"taxonomy":"product_cat","embeddable":true,"href":"https:\/\/www.jatu.be\/fr\/wp-json\/wp\/v2\/product_cat?post=47359"},{"taxonomy":"product_tag","embeddable":true,"href":"https:\/\/www.jatu.be\/fr\/wp-json\/wp\/v2\/product_tag?post=47359"}],"curies":[{"name":"wp","href":"https:\/\/api.w.org\/{rel}","templated":true}]}}