{"id":47367,"date":"2024-01-10T11:32:58","date_gmt":"2024-01-10T10:32:58","guid":{"rendered":"https:\/\/www.jatu.be\/?post_type=product&#038;p=47367"},"modified":"2026-03-09T09:43:49","modified_gmt":"2026-03-09T08:43:49","slug":"eccoborders-easyfix-li-galva-10-cm-bordures","status":"publish","type":"product","link":"https:\/\/www.jatu.be\/fr\/produit\/eccoborders-easyfix-li-galva-10-cm-bordures\/","title":{"rendered":"Bordure de jardin inoxydable: Easyfix LI Galva &#8211; 1440 x 10 cm"},"content":{"rendered":"","protected":false},"excerpt":{"rendered":"<h2>ECCOborders Easyfix LI Galva 10 cm &#8211; La bordure parfaite pour les jardins \u00e9l\u00e9gants<\/h2>\n<p><strong>ECCOborders Easyfix LI Galva 10 cm<\/strong> offre une solution rapide et durable pour d\u00e9limiter les plates-bandes, les chemins et les terrasses. Fabriqu\u00e9s en acier galvanis\u00e9 de haute qualit\u00e9, ces <a href=\"https:\/\/www.jatu.be\/fr\/categorie-produit\/bordures-de-jardin\/\">bordures<\/a> sont r\u00e9sistantes \u00e0 la rouille et aux intemp\u00e9ries. Elles sont donc id\u00e9ales pour une utilisation \u00e0 long terme en ext\u00e9rieur.<\/p>\n<p>D&rsquo;une hauteur de <strong>10 cm,<\/strong> ces bordures sont id\u00e9ales pour cr\u00e9er des limites subtiles mais claires dans le jardin. Elles sont livr\u00e9es en paquets pratiques de <strong>6 pi\u00e8ces<\/strong>, d&rsquo;une longueur totale de <strong>14,4 m\u00e8tres<\/strong> (2,4 m\u00e8tres par pi\u00e8ce). L&rsquo;installation est facile gr\u00e2ce aux chevilles d&rsquo;ancrage fournies, ce qui rend le produit adapt\u00e9 aux bricoleurs comme aux professionnels.<\/p>\n<h3>Avantages Eccoborders Easyfix LI Galva 10 cm<\/h3>\n<ul>\n<li><strong>Installation facile :<\/strong> Les bordures peuvent \u00eatre install\u00e9es rapidement \u00e0 l&rsquo;aide d&rsquo;un maillet en caoutchouc, sans n\u00e9cessiter d&rsquo;outils compliqu\u00e9s. Cela permet de gagner du temps et de r\u00e9duire le risque de dommages.<\/li>\n<li><strong>Durables et inoxydables :<\/strong> fabriqu\u00e9s en <a href=\"https:\/\/www.jatu.be\/fr\/categorie-produit\/bordures-de-jardin\/galvanisee-bordures-de-jardin\/\">acier galvanis\u00e9<\/a>, ils garantissent une longue dur\u00e9e de vie, m\u00eame dans des conditions m\u00e9t\u00e9orologiques difficiles.<\/li>\n<li><strong>Conception s\u00fbre :<\/strong> le bord sup\u00e9rieur incurv\u00e9 garantit l&rsquo;absence d&rsquo;ar\u00eates vives, ce qui augmente la s\u00e9curit\u00e9 pour les enfants, les animaux domestiques et en cas d&rsquo;utilisation pieds nus.<\/li>\n<li><strong>Fixation invisible :<\/strong> les broches de fixation sont pratiquement invisibles apr\u00e8s l&rsquo;installation, ce qui garantit une finition \u00e9l\u00e9gante et professionnelle.<\/li>\n<\/ul>\n<h2>Applications Eccoborders Easyfix LI Galva 10 cm<\/h2>\n<p>La <strong>bordure ECCOborders Easyfix LI Galva 10 cm<\/strong> est polyvalente et convient \u00e0 de nombreux projets de jardinage. Gr\u00e2ce \u00e0 son design \u00e0 la fois robuste et subtil, cette bordure peut \u00eatre utilis\u00e9e dans diff\u00e9rents environnements et pour diff\u00e9rents usages :<\/p>\n<ul>\n<li><a href=\"https:\/\/www.jatu.be\/fr\/construction-terrasse-en-gravier-jatu-belgique\/\"><strong>Terrasses<\/strong><\/a><strong>:<\/strong> Cr\u00e9ez une s\u00e9paration nette entre les diff\u00e9rentes surfaces de la terrasse et les zones de jardin environnantes sans compromettre le design \u00e9pur\u00e9 de votre jardin.<\/li>\n<li><strong>Parterres de fleurs :<\/strong> parfaits pour d\u00e9limiter proprement les parterres de fleurs et les prot\u00e9ger de l&rsquo;envahissement par l&rsquo;herbe ou les mauvaises herbes. Cela donne \u00e0 votre jardin un aspect net et structur\u00e9.<\/li>\n<li><strong>Pelouses :<\/strong> Cette bordure permet de d\u00e9limiter clairement les pelouses des surfaces adjacentes telles que les chemins, les zones de gravier ou d&rsquo;autres plates-bandes. Cela permet de maintenir facilement un jardin ordonn\u00e9 et bien entretenu.<\/li>\n<li><strong>Jardins potagers :<\/strong> Utilisez les bordures ECCOborders pour diviser votre potager en diff\u00e9rentes planches de culture. Il est ainsi plus facile de planter, d&rsquo;entretenir et de r\u00e9colter, tout en conservant un aspect net et organis\u00e9.<\/li>\n<\/ul>\n<p>L&rsquo;<strong>ECCOborder Easyfix LI Galva 10 cm<\/strong> est parfait pour toutes les zones o\u00f9 aucun v\u00e9hicule ne passe, comme les surfaces pav\u00e9es et les zones de jardin.<\/p>\n<h3>Informations sur l&#8217;emballage d&rsquo;Eccoborders Easyfix LI Galva 10 cm<\/h3>\n<p>Les Eccoborders Easyfix LI Galva 10 cm sont vendues <strong>par paquet<\/strong>. Chaque paquet contient<\/p>\n<ul>\n<li>6 bordures d&rsquo;une longueur de 2,4 m\u00e8tres chacune, soit une longueur totale de 14,4 m\u00e8tres.<\/li>\n<li>Hauteur de chaque d\u00e9marcation : 10 cm.<\/li>\n<li>18 poches par paquet, con\u00e7ues pour un placement s\u00fbr des chevilles d&rsquo;ancrage.<\/li>\n<li>18 goupilles d&rsquo;ancrage par paquet, sp\u00e9cialement con\u00e7ues pour une mise en place solide et s\u00fbre.<\/li>\n<\/ul>\n<h3>Variantes disponibles d&rsquo;Eccoborders Easyfix LI Galva 10 cm<\/h3>\n<p>Plusieurs variantes de l&rsquo;ECCOborders Easyfix sont disponibles pour r\u00e9pondre aux exigences sp\u00e9cifiques de votre projet :<\/p>\n<table style=\"border-collapse: collapse; width: 100%;\" border=\"1\">\n<tbody>\n<tr>\n<td style=\"width: 25%; text-align: center;\"><strong>Alternatif <\/strong><\/td>\n<td style=\"width: 25%; text-align: center;\"><strong>Mat\u00e9riau <\/strong><\/td>\n<td style=\"width: 25%; text-align: center;\"><strong>Hauteur <\/strong><\/td>\n<td style=\"width: 25%; text-align: center;\"><strong> Caract\u00e9ristiques<\/strong><\/td>\n<\/tr>\n<tr>\n<td style=\"width: 25%;\"><a href=\"https:\/\/www.jatu.be\/fr\/produit\/bordure-de-jardin-en-galva-eccoborders-easyfix-li-120-x-10-cm\/\">ECCOborder Easyfix LI Galva 1,2m<\/a><\/td>\n<td style=\"width: 25%;\">Acier galvanis\u00e9<\/td>\n<td style=\"width: 25%;\">10 cm<\/td>\n<td style=\"width: 25%;\">Pi\u00e8ces courtes et droites de 1,2 m\u00e8tre. Elles sont id\u00e9ales pour les petits projets et les quantit\u00e9s limit\u00e9es. Elles sont faciles \u00e0 installer dans les jardins compacts ou pour d\u00e9limiter des zones plus petites.<\/td>\n<\/tr>\n<tr>\n<td style=\"width: 25%;\">\n<p><a href=\"https:\/\/www.jatu.be\/fr\/produit\/eccoborder-easyfix-noir-1440-x-10-cm\/\">ECCOborders Easyfix LI Noir 10 cm<\/a><\/p>\n<\/td>\n<td style=\"width: 25%;\">Acier poudr\u00e9 noir<\/td>\n<td style=\"width: 25%;\">10 cm<\/td>\n<td style=\"width: 25%;\">Donne un aspect \u00e9l\u00e9gant et styl\u00e9. Parfaites pour d\u00e9limiter les jardins et les chemins modernes<\/td>\n<\/tr>\n<tr>\n<td style=\"width: 25%;\"><a href=\"https:\/\/www.jatu.be\/fr\/produit\/eccoborders-easyfix-li-galva-15-cm-jardin\/\">ECCOborders Easyfix LI Galva 15 cm<\/a><\/td>\n<td style=\"width: 25%;\">Acier galvanis\u00e9<\/td>\n<td style=\"width: 25%;\">15 cm<\/td>\n<td style=\"width: 25%;\">Parfait pour cr\u00e9er des lignes droites ou de l\u00e9g\u00e8res ondulations.<\/td>\n<\/tr>\n<tr>\n<td style=\"width: 25%;\"><a href=\"https:\/\/www.jatu.be\/fr\/produit\/eccoborders-easyfix-cs-galva-10-cm-flexible\/\">ECCOborders Easyfix CS Galva 10 cm<\/a><\/td>\n<td style=\"width: 25%;\">Acier galvanis\u00e9<\/td>\n<td style=\"width: 25%;\">10 cm<\/td>\n<td style=\"width: 25%;\">Pliable, convient aux lignes courbes, aux formes organiques. Peut \u00e9galement \u00eatre utilis\u00e9 pour les lignes droites.<\/td>\n<\/tr>\n<tr>\n<td style=\"width: 25%;\"><a href=\"https:\/\/www.jatu.be\/fr\/produit\/eccoborders-easyfix-corten-li-10-cm\/\">ECCOborder Easyfix LI Corten 10 cm<\/a><\/td>\n<td style=\"width: 25%;\">Acier Corten<\/td>\n<td style=\"width: 25%;\">10 cm<\/td>\n<td style=\"width: 25%;\">D\u00e9veloppe une belle couleur rouille, id\u00e9ale pour un aspect naturel.<\/td>\n<\/tr>\n<\/tbody>\n<\/table>\n<h2>Informations sur la livraison<\/h2>\n<p>L&rsquo;<strong>ECCOborders Easyfix LI Galva 10 cm<\/strong> est en stock standard et peut vous parvenir rapidement de diff\u00e9rentes mani\u00e8res. Vous pouvez venir chercher les bordures directement dans <a href=\"https:\/\/www.jatu.be\/fr\/points-de-collecte\/\">nos d\u00e9p\u00f4ts<\/a> de Lochristi, Wevelgem et Zedelgem. Si vous le souhaitez, nous pouvons \u00e9galement vous <a href=\"https:\/\/www.jatu.be\/fr\/specifications-de-livraison-jatu-rapide-efficace\/\">livrer<\/a>: apr\u00e8s commande, les d\u00e9flecteurs sont livr\u00e9s \u00e0 votre domicile ou sur votre lieu de travail dans les <strong>4 jours ouvrables<\/strong> suivant la confirmation de la commande.<\/p>\n","protected":false},"featured_media":50474,"template":"","meta":{"_acf_changed":false,"inline_featured_image":false,"footnotes":""},"product_cat":[5398,5383],"product_tag":[6990],"class_list":{"0":"post-47367","1":"product","2":"type-product","3":"status-publish","4":"has-post-thumbnail","6":"product_cat-galvanisee-bordures-de-jardin","7":"product_cat-bordures-de-jardin","8":"product_tag-reduction-cat-1","10":"first","11":"instock","12":"taxable","13":"shipping-taxable","14":"purchasable","15":"product-type-variable","16":"has-default-attributes"},"acf":{"woocommerce_erp_id":"19146","woocommerce_cnk_id":"203143","product_density":0,"custom_prices":[{"variation_id":"54841","customer_group":"CON","customer_id":"","min_qty":1,"max_qty":9999999,"steps":1,"price":204.96,"price_incl":248,"delivery_group":"COLLECT"},{"variation_id":"54841","customer_group":"CON","customer_id":"","min_qty":1,"max_qty":9999999,"steps":1,"price":204.96,"price_incl":248,"delivery_group":"DELIVERY"}],"packaging_ids":[{"packaging_name":"Pi\u00e8ce","packaging_id":"7","erp_id":"19146"}],"c_lengte":"","c_breedte":"","c_hoogte":""},"_links":{"self":[{"href":"https:\/\/www.jatu.be\/fr\/wp-json\/wp\/v2\/product\/47367","targetHints":{"allow":["GET"]}}],"collection":[{"href":"https:\/\/www.jatu.be\/fr\/wp-json\/wp\/v2\/product"}],"about":[{"href":"https:\/\/www.jatu.be\/fr\/wp-json\/wp\/v2\/types\/product"}],"version-history":[{"count":9,"href":"https:\/\/www.jatu.be\/fr\/wp-json\/wp\/v2\/product\/47367\/revisions"}],"predecessor-version":[{"id":62884,"href":"https:\/\/www.jatu.be\/fr\/wp-json\/wp\/v2\/product\/47367\/revisions\/62884"}],"wp:featuredmedia":[{"embeddable":true,"href":"https:\/\/www.jatu.be\/fr\/wp-json\/wp\/v2\/media\/50474"}],"wp:attachment":[{"href":"https:\/\/www.jatu.be\/fr\/wp-json\/wp\/v2\/media?parent=47367"}],"wp:term":[{"taxonomy":"product_cat","embeddable":true,"href":"https:\/\/www.jatu.be\/fr\/wp-json\/wp\/v2\/product_cat?post=47367"},{"taxonomy":"product_tag","embeddable":true,"href":"https:\/\/www.jatu.be\/fr\/wp-json\/wp\/v2\/product_tag?post=47367"}],"curies":[{"name":"wp","href":"https:\/\/api.w.org\/{rel}","templated":true}]}}