{"id":47369,"date":"2024-01-10T11:33:00","date_gmt":"2024-01-10T10:33:00","guid":{"rendered":"https:\/\/www.jatu.be\/?post_type=product&#038;p=47369"},"modified":"2026-03-09T09:44:01","modified_gmt":"2026-03-09T08:44:01","slug":"en-acier-betotop-inox-200-x-7-cm","status":"publish","type":"product","link":"https:\/\/www.jatu.be\/fr\/produit\/en-acier-betotop-inox-200-x-7-cm\/","title":{"rendered":"Finition en acier inoxydable Wirtz Broderie en b\u00e9ton &#8211; Betotop 200 x 7 cm"},"content":{"rendered":"","protected":false},"excerpt":{"rendered":"<h2>Finition en inox pour bordure en b\u00e9ton Wirtz \u2013 Betotop 200 x 7 cm<\/h2>\n<p><strong>Apportez une finition raffin\u00e9e \u00e0 vos bordures en b\u00e9ton Wirtz avec Betotop Inox.<\/strong><br \/>\nVous souhaitez donner \u00e0 vos <a href=\"https:\/\/www.jatu.be\/fr\/categorie-produit\/bordures-de-jardin\/en-beton-bordures-de-jardin\/\">bordures en b\u00e9ton Wirtz<\/a> un aspect moderne et \u00e9pur\u00e9 ? Optez pour notre finition Betotop en acier inoxydable (Inox). Ce profil de finition \u00e9l\u00e9gant allie qualit\u00e9 et design. Il mesure 200 cm de long, 7 cm de haut et 1,6 cm de large. Cette solution robuste et durable est parfaite pour la finition de vos bordures de jardin. Le profil en V auto-serrant assure une fixation solide de Betotop sans avoir besoin de fixations suppl\u00e9mentaires. Ce profil s\u2019adapte parfaitement \u00e0 deux bordures en b\u00e9ton Wirtz de 1 m\u00e8tre, garantissant une finition continue et sans couture. Pour un aspect plus rustique, cette finition est \u00e9galement disponible en acier Corten.<\/p>\n<h3>Avantages<\/h3>\n<ul>\n<li><strong>Aspect moderne<\/strong> : L\u2019acier inoxydable donne \u00e0 vos bordures en b\u00e9ton Wirtz une finition \u00e9l\u00e9gante et contemporaine.<\/li>\n<li><strong>Mat\u00e9riau durable<\/strong> : Fabriqu\u00e9 en acier inoxydable de haute qualit\u00e9, r\u00e9sistant aux intemp\u00e9ries et \u00e0 l\u2019usure.<\/li>\n<li><strong>Installation facile<\/strong> : Gr\u00e2ce au profil en V auto-serrant, Betotop reste fermement en place sans n\u00e9cessiter de mat\u00e9riaux de fixation suppl\u00e9mentaires.<\/li>\n<li><strong>Ajustement parfait<\/strong> : Con\u00e7u pour s\u2019adapter parfaitement \u00e0 deux bordures en b\u00e9ton Wirtz de 1 m\u00e8tre, offrant une finition lisse et continue.<\/li>\n<\/ul>\n<h2>Applications de Betotop Inox<\/h2>\n<p>Betotop Inox convient parfaitement \u00e0 diverses applications. Il offre une solution de haute qualit\u00e9 pour de nombreux am\u00e9nagements ext\u00e9rieurs. Vous souhaitez cr\u00e9er des lignes \u00e9pur\u00e9es le long des all\u00e9es de jardin ou une <a href=\"https:\/\/www.jatu.be\/fr\/categorie-produit\/bordures-de-jardin\/\">bordure<\/a> nette pour les pelouses ? Betotop Inox assure toujours une finition durable et esth\u00e9tique. Pour les bordures de bassins, l\u2019acier inoxydable garantit une finition propre et r\u00e9sistante \u00e0 l\u2019eau, \u00e0 la fois fonctionnelle et esth\u00e9tique.<\/p>\n<p>Pour les bordures d\u2019all\u00e9es et de terrasses, Betotop Inox offre une excellente protection contre l\u2019usure due aux pi\u00e9tons et aux v\u00e9hicules. Gr\u00e2ce \u00e0 sa robustesse, il convient \u00e9galement parfaitement aux bordures de parkings et autres surfaces tr\u00e8s fr\u00e9quent\u00e9es. Les parterres de fleurs sont soigneusement d\u00e9limit\u00e9s, emp\u00eachant les plantes de d\u00e9border.<\/p>\n<p>Betotop Inox est \u00e9galement id\u00e9al pour les bordures de routes d\u2019acc\u00e8s et autres surfaces dures. Son installation simple et son caract\u00e8re durable en font une solution adapt\u00e9e aussi bien aux jardins priv\u00e9s qu\u2019aux environnements commerciaux. Que vous ayez besoin d\u2019une s\u00e9paration fonctionnelle ou d\u2019une touche de raffinement, Betotop Inox s\u2019adapte \u00e0 toutes les situations et \u00e0 tous les environnements.<\/p>\n<p>Chaque Betotop Inox mesure 2 m\u00e8tres de long, ce qui signifie qu&rsquo;il vous suffit d\u2019un seul Betotop pour finir deux bordures en b\u00e9ton Wirtz de 1 m\u00e8tre. Cela garantit une jonction parfaite sans interruption.<\/p>\n<h3>Emballages<\/h3>\n<p>Le Betotop Inox est livr\u00e9 \u00e0 l\u2019unit\u00e9. En plus de l\u2019acier inoxydable, cette finition est \u00e9galement disponible en <a href=\"https:\/\/www.jatu.be\/fr\/produit\/finition-en-acier-corten-broderie-en-beton-wirtz-betotop-200-x-7-cm\/\">acier Corten<\/a> pour ceux qui pr\u00e9f\u00e8rent un aspect plus rustique.<\/p>\n<h2>Options de livraison<\/h2>\n<p>Vous pouvez choisir de retirer votre Betotop Inox dans l&rsquo;un de <a href=\"https:\/\/www.jatu.be\/fr\/points-de-collecte\/\">nos points de collecte<\/a>. Le produit est en stock et disponible imm\u00e9diatement apr\u00e8s la passation de votre commande. Vous pouvez le retirer \u00e0 <strong>Wevelgem<\/strong> ou <strong>Zedelgem<\/strong>, selon ce qui est le plus pratique pour vous. Ces deux sites offrent un service rapide et efficace.<\/p>\n<p>Vous pr\u00e9f\u00e9rez une <a href=\"https:\/\/www.jatu.be\/fr\/specifications-de-livraison-jatu-rapide-efficace\/\">livraison<\/a> \u00e0 domicile ? C&rsquo;est possible. Dans les 4 jours ouvrables suivant la confirmation de votre commande, Betotop Inox vous sera livr\u00e9 \u00e0 domicile. Vous pourrez ainsi rapidement commencer votre projet. Que vous choisissiez le retrait ou la livraison, nous veillons \u00e0 ce que votre commande soit rapidement entre vos mains.<\/p>\n","protected":false},"featured_media":61564,"template":"","meta":{"_acf_changed":false,"inline_featured_image":false,"footnotes":""},"product_cat":[5398,5383],"product_tag":[6990],"class_list":{"0":"post-47369","1":"product","2":"type-product","3":"status-publish","4":"has-post-thumbnail","6":"product_cat-galvanisee-bordures-de-jardin","7":"product_cat-bordures-de-jardin","8":"product_tag-reduction-cat-1","10":"first","11":"instock","12":"taxable","13":"shipping-taxable","14":"purchasable","15":"product-type-variable","16":"has-default-attributes"},"acf":{"woocommerce_erp_id":"19155","woocommerce_cnk_id":"203154","product_density":0,"custom_prices":[{"variation_id":"54842","customer_group":"CON","customer_id":"","min_qty":1,"max_qty":9999999,"steps":1,"price":36.36,"price_incl":44,"delivery_group":"COLLECT"},{"variation_id":"54842","customer_group":"CON","customer_id":"","min_qty":1,"max_qty":9999999,"steps":1,"price":36.36,"price_incl":44,"delivery_group":"DELIVERY"}],"packaging_ids":[{"packaging_name":"Pi\u00e8ce","packaging_id":"7","erp_id":"19155"}],"c_lengte":"","c_breedte":"","c_hoogte":""},"_links":{"self":[{"href":"https:\/\/www.jatu.be\/fr\/wp-json\/wp\/v2\/product\/47369","targetHints":{"allow":["GET"]}}],"collection":[{"href":"https:\/\/www.jatu.be\/fr\/wp-json\/wp\/v2\/product"}],"about":[{"href":"https:\/\/www.jatu.be\/fr\/wp-json\/wp\/v2\/types\/product"}],"version-history":[{"count":4,"href":"https:\/\/www.jatu.be\/fr\/wp-json\/wp\/v2\/product\/47369\/revisions"}],"predecessor-version":[{"id":61571,"href":"https:\/\/www.jatu.be\/fr\/wp-json\/wp\/v2\/product\/47369\/revisions\/61571"}],"wp:featuredmedia":[{"embeddable":true,"href":"https:\/\/www.jatu.be\/fr\/wp-json\/wp\/v2\/media\/61564"}],"wp:attachment":[{"href":"https:\/\/www.jatu.be\/fr\/wp-json\/wp\/v2\/media?parent=47369"}],"wp:term":[{"taxonomy":"product_cat","embeddable":true,"href":"https:\/\/www.jatu.be\/fr\/wp-json\/wp\/v2\/product_cat?post=47369"},{"taxonomy":"product_tag","embeddable":true,"href":"https:\/\/www.jatu.be\/fr\/wp-json\/wp\/v2\/product_tag?post=47369"}],"curies":[{"name":"wp","href":"https:\/\/api.w.org\/{rel}","templated":true}]}}