{"id":47375,"date":"2024-01-10T11:33:07","date_gmt":"2024-01-10T10:33:07","guid":{"rendered":"https:\/\/www.jatu.be\/?post_type=product&#038;p=47375"},"modified":"2026-03-09T09:44:28","modified_gmt":"2026-03-09T08:44:28","slug":"gravier-calcaire-2-4","status":"publish","type":"product","link":"https:\/\/www.jatu.be\/fr\/produit\/gravier-calcaire-2-4\/","title":{"rendered":"Calcaire concass\u00e9 2\/4"},"content":{"rendered":"","protected":false},"excerpt":{"rendered":"<h2>Acheter des <span style=\"background-color: initial;\">Calcaires Concass\u00e9es 2\/4<\/span><\/h2>\n<p>Chez Jatu, vous pouvez acheter des granulats calcaires 2\/4 \u00e0 partir de 25 kg. Il est toujours en stock, donc imm\u00e9diatement disponible pour la collecte, \u00e9galement en vrac \u00e0 partir de 500 kg. Le granulat calcaire 2\/4 peut \u00e9galement \u00eatre command\u00e9 pour \u00eatre livr\u00e9 en sacs \u00e0 partir de 25 kg, en big bags \u00e0 partir de 500 kg ou en vrac \u00e0 partir de 8 tonnes. Livr\u00e9 partout en Belgique dans les quatre jours ouvrables suivant la confirmation de la commande.<\/p>\n<h2>Mat\u00e9riau d&rsquo;\u00e9tanch\u00e9it\u00e9 perm\u00e9able ou couche de nivellement<\/h2>\n<p>Le granulat de calcaire ou \u00ab\u00a0grav\u00e9\u00a0\u00bb est un sous-produit concass\u00e9 du calcaire bleu belge. Il est g\u00e9n\u00e9ralement utilis\u00e9 comme mat\u00e9riau d&rsquo;\u00e9tanch\u00e9it\u00e9 perm\u00e9able pour les pavages tels que les clinkers sur filet ou comme couche de nivellement sous les tapis de gravier.<\/p>\n<p>Chez Jatu, lors de la construction d&rsquo;une terrasse ou d&rsquo;une all\u00e9e, nous recommandons toujours d&rsquo;utiliser du <a href=\"https:\/\/www.jatu.be\/fr\/gravier-et-galets\/produits-de-fondation\/calcaire-concasse-020\/\" target=\"_blank\" rel=\"noopener noreferrer\">calcaire concass\u00e9 0\/20<\/a> comme fondation et du <a href=\"https:\/\/www.jatu.be\/fr\/gravier-et-galets\/produits-de-fondation\/calcaire-concasse-04\/\" target=\"_blank\" rel=\"noopener noreferrer\">calcaire concass\u00e9 0\/4<\/a> comme couche de nivellement sous les tapis de gravier pour une construction solide et perm\u00e9able \u00e0 l&rsquo;eau. Il est moins cher, plus perm\u00e9able \u00e0 l&rsquo;eau et plus \u00e9cologique que l&rsquo;alternative sable-ciment (stabilis\u00e9) car il ne fait pas intervenir de ciment.<\/p>\n<p>Cette pierre fine concass\u00e9e peut \u00eatre utilis\u00e9e lorsque vous recherchez un mat\u00e9riau de fondation ou de jointoiement perm\u00e9able \u00e0 l&rsquo;eau \u00e0 100%. Gr\u00e2ce \u00e0 la finesse du tamis entre 2 et 4 mm, l&rsquo;eau trouve rapidement son chemin. Comme il s&rsquo;agit toujours d&rsquo;une taille de tamis sans grains de sable, il sera l\u00e9g\u00e8rement plus difficile de la niveler que, par exemple, la pierre concass\u00e9e calcaire 0\/4.<\/p>\n","protected":false},"featured_media":61967,"template":"","meta":{"_acf_changed":false,"inline_featured_image":false,"footnotes":""},"product_cat":[5397],"product_tag":[],"class_list":{"0":"post-47375","1":"product","2":"type-product","3":"status-publish","4":"has-post-thumbnail","6":"product_cat-produits-de-fondation-gravier-et-galets","8":"first","9":"instock","10":"taxable","11":"shipping-taxable","12":"purchasable","13":"product-type-variable","14":"has-default-attributes"},"acf":{"woocommerce_erp_id":"19168","woocommerce_cnk_id":"203167","product_density":1.6,"custom_prices":[{"variation_id":"55589","customer_group":"CON","customer_id":"","min_qty":1,"max_qty":9999999,"steps":1,"price":90.08,"price_incl":109,"delivery_group":"COLLECT"},{"variation_id":"55589","customer_group":"CON","customer_id":"","min_qty":1,"max_qty":9999999,"steps":1,"price":90.08,"price_incl":109,"delivery_group":"DELIVERY"},{"variation_id":"55590","customer_group":"CON","customer_id":"","min_qty":1,"max_qty":9999999,"steps":1,"price":72.73,"price_incl":88,"delivery_group":"COLLECT"},{"variation_id":"55590","customer_group":"CON","customer_id":"","min_qty":1,"max_qty":9999999,"steps":1,"price":72.73,"price_incl":88,"delivery_group":"DELIVERY"},{"variation_id":"53874","customer_group":"CON","customer_id":"","min_qty":1,"max_qty":9999999,"steps":1,"price":104.13,"price_incl":126,"delivery_group":"COLLECT"},{"variation_id":"53874","customer_group":"CON","customer_id":"","min_qty":1,"max_qty":9999999,"steps":1,"price":104.13,"price_incl":126,"delivery_group":"DELIVERY"},{"variation_id":"55591","customer_group":"CON","customer_id":"","min_qty":1,"max_qty":9999999,"steps":1,"price":3.31,"price_incl":4,"delivery_group":"COLLECT"},{"variation_id":"55591","customer_group":"CON","customer_id":"","min_qty":1,"max_qty":9999999,"steps":1,"price":3.31,"price_incl":4,"delivery_group":"DELIVERY"},{"variation_id":"48687","customer_group":"CON","customer_id":"","min_qty":0.5,"max_qty":9999999,"steps":0.1,"price":57.85,"price_incl":70,"delivery_group":"COLLECT"},{"variation_id":"48687","customer_group":"CON","customer_id":"","min_qty":5,"max_qty":9999999,"steps":0.1,"price":57.85,"price_incl":70,"delivery_group":"DELIVERY"}],"packaging_ids":[{"packaging_name":"En vrac (\u00e0 partir de tonnes)","packaging_id":"10","erp_id":"19168"},{"packaging_name":"Pi\u00e8ce","packaging_id":"7","erp_id":"17166"},{"packaging_name":"Big bag 500 kg","packaging_id":"3","erp_id":"16794"},{"packaging_name":"Big bag 1000 kg","packaging_id":"2","erp_id":"16797"},{"packaging_name":"Big bag 1500 kg","packaging_id":"4","erp_id":"16798"}],"c_lengte":"","c_breedte":"","c_hoogte":""},"_links":{"self":[{"href":"https:\/\/www.jatu.be\/fr\/wp-json\/wp\/v2\/product\/47375","targetHints":{"allow":["GET"]}}],"collection":[{"href":"https:\/\/www.jatu.be\/fr\/wp-json\/wp\/v2\/product"}],"about":[{"href":"https:\/\/www.jatu.be\/fr\/wp-json\/wp\/v2\/types\/product"}],"version-history":[{"count":4,"href":"https:\/\/www.jatu.be\/fr\/wp-json\/wp\/v2\/product\/47375\/revisions"}],"predecessor-version":[{"id":59782,"href":"https:\/\/www.jatu.be\/fr\/wp-json\/wp\/v2\/product\/47375\/revisions\/59782"}],"wp:featuredmedia":[{"embeddable":true,"href":"https:\/\/www.jatu.be\/fr\/wp-json\/wp\/v2\/media\/61967"}],"wp:attachment":[{"href":"https:\/\/www.jatu.be\/fr\/wp-json\/wp\/v2\/media?parent=47375"}],"wp:term":[{"taxonomy":"product_cat","embeddable":true,"href":"https:\/\/www.jatu.be\/fr\/wp-json\/wp\/v2\/product_cat?post=47375"},{"taxonomy":"product_tag","embeddable":true,"href":"https:\/\/www.jatu.be\/fr\/wp-json\/wp\/v2\/product_tag?post=47375"}],"curies":[{"name":"wp","href":"https:\/\/api.w.org\/{rel}","templated":true}]}}