{"id":47377,"date":"2024-01-10T11:33:09","date_gmt":"2024-01-10T10:33:09","guid":{"rendered":"https:\/\/www.jatu.be\/?post_type=product&#038;p=47377"},"modified":"2026-05-07T13:54:21","modified_gmt":"2026-05-07T11:54:21","slug":"nichoir-pour-messange-noire","status":"publish","type":"product","link":"https:\/\/www.jatu.be\/fr\/produit\/nichoir-pour-messange-noire\/","title":{"rendered":"Nichoir pour M\u00e9sange Noire"},"content":{"rendered":"","protected":false},"excerpt":{"rendered":"<p>Le nichoir fait sur mesure pour la m\u00e9sange noire. Le nichoir est fabriqu\u00e9 en bois de m\u00e9l\u00e8ze \u00e9pais et trait\u00e9 \u00e0 l&rsquo;huile de lin \u00e9cologique.<\/p>\n<h2>Aidez la M\u00e9sange Noire<\/h2>\n<p>C&rsquo;est <strong>le plus petit des nichoirs.<\/strong> La taille du trou d&rsquo;entr\u00e9e et le nichoir lui-m\u00eame rendent ce dernier inint\u00e9ressant pour les autres m\u00e9sanges, ce qui augmente consid\u00e9rablement les chances de nidification des m\u00e9sanges noires.\u00a0<\/p>\n<p>En th\u00e9orie, les m\u00e9sanges noires peuvent \u00e9galement nicher dans <strong>les autres nichoirs<\/strong>, mais en pratique, ceux-ci sont <strong>g\u00e9n\u00e9ralement occup\u00e9s par la m\u00e9sange charbonni\u00e8re, plus agressive.<\/strong> Il est donc recommand\u00e9 d&rsquo;utiliser ce nichoir si l&rsquo;esp\u00e8ce cible est sp\u00e9cifiquement la m\u00e9sange noire et de ne pas choisir le nichoir g\u00e9n\u00e9ral dans cette situation.<\/p>\n<h2>Comment placer le nichoir pour la m\u00e9sange noire ?<\/h2>\n<p>Ce nichoir est <strong>plac\u00e9 dans des for\u00eats de conif\u00e8res ou des for\u00eats mixtes avec suffisamment de conif\u00e8res.<\/strong> Il n&rsquo;y a pas de hauteur minimale de suspension pour ce nichoir. Les m\u00e9sanges noires nichent naturellement dans les cavit\u00e9s des arbres ainsi que dans les cavit\u00e9s entre les racines des arbres et les amas de branches. Cependant, <strong>plus la ruche est suspendue haut, moins les chats risquent d&rsquo;attraper les oiseaux.<\/strong><\/p>\n<h2>Entretien du nichoir<\/h2>\n<p>Vous nettoyez le nichoir apr\u00e8s la p\u00e9riode de reproduction.<\/p>\n","protected":false},"featured_media":51187,"template":"","meta":{"_acf_changed":false,"inline_featured_image":false,"footnotes":""},"product_cat":[5412],"product_tag":[],"class_list":{"0":"post-47377","1":"product","2":"type-product","3":"status-publish","4":"has-post-thumbnail","6":"product_cat-nichoirs-pour-oiseaux-protection-des-animaux-et-des-niches","8":"first","9":"instock","10":"taxable","11":"shipping-taxable","12":"purchasable","13":"product-type-variable","14":"has-default-attributes"},"acf":{"woocommerce_erp_id":"19169","woocommerce_cnk_id":"203168","product_density":0,"custom_prices":[{"variation_id":"53656","customer_group":"CON","customer_id":"","min_qty":1,"max_qty":9999999,"steps":1,"price":20.66,"price_incl":25,"delivery_group":"DELIVERY"}],"packaging_ids":[{"packaging_name":"Pi\u00e8ce","packaging_id":"7","erp_id":"19169"}],"c_lengte":"","c_breedte":"","c_hoogte":""},"_links":{"self":[{"href":"https:\/\/www.jatu.be\/fr\/wp-json\/wp\/v2\/product\/47377","targetHints":{"allow":["GET"]}}],"collection":[{"href":"https:\/\/www.jatu.be\/fr\/wp-json\/wp\/v2\/product"}],"about":[{"href":"https:\/\/www.jatu.be\/fr\/wp-json\/wp\/v2\/types\/product"}],"version-history":[{"count":5,"href":"https:\/\/www.jatu.be\/fr\/wp-json\/wp\/v2\/product\/47377\/revisions"}],"predecessor-version":[{"id":54484,"href":"https:\/\/www.jatu.be\/fr\/wp-json\/wp\/v2\/product\/47377\/revisions\/54484"}],"wp:featuredmedia":[{"embeddable":true,"href":"https:\/\/www.jatu.be\/fr\/wp-json\/wp\/v2\/media\/51187"}],"wp:attachment":[{"href":"https:\/\/www.jatu.be\/fr\/wp-json\/wp\/v2\/media?parent=47377"}],"wp:term":[{"taxonomy":"product_cat","embeddable":true,"href":"https:\/\/www.jatu.be\/fr\/wp-json\/wp\/v2\/product_cat?post=47377"},{"taxonomy":"product_tag","embeddable":true,"href":"https:\/\/www.jatu.be\/fr\/wp-json\/wp\/v2\/product_tag?post=47377"}],"curies":[{"name":"wp","href":"https:\/\/api.w.org\/{rel}","templated":true}]}}