{"id":47379,"date":"2024-01-10T11:33:11","date_gmt":"2024-01-10T10:33:11","guid":{"rendered":"https:\/\/www.jatu.be\/?post_type=product&#038;p=47379"},"modified":"2026-05-07T13:58:29","modified_gmt":"2026-05-07T11:58:29","slug":"nid-doiseau-double-pour-hirondelle-de-fenetre","status":"publish","type":"product","link":"https:\/\/www.jatu.be\/fr\/produit\/nid-doiseau-double-pour-hirondelle-de-fenetre\/","title":{"rendered":"Nid d&rsquo;oiseau double pour hirondelle de fen\u00eatre"},"content":{"rendered":"","protected":false},"excerpt":{"rendered":"<h2>Nid d&rsquo;oiseau double pour hirondelle de fen\u00eatre<\/h2>\n<p>L&rsquo;hirondelle domestique est un petit oiseau chanteur noir et blanc qui se sent chez lui parmi les gens. N\u00e9anmoins, l&rsquo;esp\u00e8ce a subi une pression croissante ces derni\u00e8res ann\u00e9es.<\/p>\n<h2>L&rsquo;hirondelle de maison<\/h2>\n<p>Ils viennent se reproduire dans notre r\u00e9gion depuis des d\u00e9cennies. Malheureusement, en raison des nombreuses r\u00e9novations, ils trouvent moins de lieux de nidification appropri\u00e9s que par le pass\u00e9. Ils <strong>pr\u00e9f\u00e8rent nicher sous<\/strong> les vieux toits dans des nids <strong>typiques en forme de bol.<\/strong><\/p>\n<p>Pour compl\u00e9ter le nid de reproduction, <strong>les hirondelles finissent elles-m\u00eames les bols<\/strong> avec de la salive et du sable. Il est <strong>recommand\u00e9 de fournir plusieurs bols de nidification<\/strong> en m\u00eame temps, car l&rsquo;hirondelle domestique aime se reproduire en colonies.<\/p>\n<h2>O\u00f9 placer un nid d&rsquo;hirondelle de fen\u00eatre ?<\/h2>\n<p>Placez votre nid \u00e0 u<strong>ne distance maximale de 25 m\u00e8tres d&rsquo;un nid d&rsquo;hirondelle domestique existant<\/strong>, ce qui augmente les chances que la coupe soit effectivement habit\u00e9e.<\/p>\n<ul>\n<li>placer la coupe sous un toit en surplomb<\/li>\n<li>sur un c\u00f4t\u00e9 ombrag\u00e9 \u00e0 l&rsquo;est ou au nord-est<\/li>\n<li>s&rsquo;assurer que les coupelles sont plac\u00e9es \u00e0 un endroit o\u00f9 elles peuvent \u00eatre suspendues pendant de nombreuses ann\u00e9es, car les hirondelles rustiques reviennent chaque ann\u00e9e \u00e0 l&#8217;emplacement de leur nid.<\/li>\n<\/ul>\n<h2>Entretien<\/h2>\n<p>Les planches peuvent \u00eatre d\u00e9viss\u00e9es les unes des autres afin de nettoyer les nichoirs, ce qui est pr\u00e9f\u00e9rable \u00e0 <strong>partir du mois d&rsquo;octobre.<\/strong> Pour <strong>\u00e9viter les nuisances dues aux fientes<\/strong>, il est <strong>pr\u00e9f\u00e9rable de placer une planche \u00e0 fumier sous la cuvette du nid.<\/strong><\/p>\n","protected":false},"featured_media":51206,"template":"","meta":{"_acf_changed":false,"inline_featured_image":false,"footnotes":""},"product_cat":[5412],"product_tag":[],"class_list":{"0":"post-47379","1":"product","2":"type-product","3":"status-publish","4":"has-post-thumbnail","6":"product_cat-nichoirs-pour-oiseaux-protection-des-animaux-et-des-niches","8":"first","9":"instock","10":"taxable","11":"shipping-taxable","12":"purchasable","13":"product-type-variable","14":"has-default-attributes"},"acf":{"woocommerce_erp_id":"19170","woocommerce_cnk_id":"203169","product_density":0,"custom_prices":[{"variation_id":"54845","customer_group":"CON","customer_id":"","min_qty":1,"max_qty":9999999,"steps":1,"price":25.62,"price_incl":31,"delivery_group":"DELIVERY"}],"packaging_ids":[{"packaging_name":"Pi\u00e8ce","packaging_id":"7","erp_id":"19170"}],"c_lengte":"","c_breedte":"","c_hoogte":""},"_links":{"self":[{"href":"https:\/\/www.jatu.be\/fr\/wp-json\/wp\/v2\/product\/47379","targetHints":{"allow":["GET"]}}],"collection":[{"href":"https:\/\/www.jatu.be\/fr\/wp-json\/wp\/v2\/product"}],"about":[{"href":"https:\/\/www.jatu.be\/fr\/wp-json\/wp\/v2\/types\/product"}],"version-history":[{"count":6,"href":"https:\/\/www.jatu.be\/fr\/wp-json\/wp\/v2\/product\/47379\/revisions"}],"predecessor-version":[{"id":72174,"href":"https:\/\/www.jatu.be\/fr\/wp-json\/wp\/v2\/product\/47379\/revisions\/72174"}],"wp:featuredmedia":[{"embeddable":true,"href":"https:\/\/www.jatu.be\/fr\/wp-json\/wp\/v2\/media\/51206"}],"wp:attachment":[{"href":"https:\/\/www.jatu.be\/fr\/wp-json\/wp\/v2\/media?parent=47379"}],"wp:term":[{"taxonomy":"product_cat","embeddable":true,"href":"https:\/\/www.jatu.be\/fr\/wp-json\/wp\/v2\/product_cat?post=47379"},{"taxonomy":"product_tag","embeddable":true,"href":"https:\/\/www.jatu.be\/fr\/wp-json\/wp\/v2\/product_tag?post=47379"}],"curies":[{"name":"wp","href":"https:\/\/api.w.org\/{rel}","templated":true}]}}