{"id":47381,"date":"2024-01-10T11:33:13","date_gmt":"2024-01-10T10:33:13","guid":{"rendered":"https:\/\/www.jatu.be\/?post_type=product&#038;p=47381"},"modified":"2026-03-09T09:44:42","modified_gmt":"2026-03-09T08:44:42","slug":"insecthotel-modele-suspendu","status":"publish","type":"product","link":"https:\/\/www.jatu.be\/fr\/produit\/insecthotel-modele-suspendu\/","title":{"rendered":"Insecthotel mod\u00e8le suspendu"},"content":{"rendered":"","protected":false},"excerpt":{"rendered":"<p>Petit h\u00f4tel \u00e0 insectes que vous pouvez facilement placer dans votre jardin.<\/p>\n<h2>Avantages pour la nature<\/h2>\n<p>Les h\u00f4tels \u00e0 insectes existent sous de nombreuses formes et tailles. Ils <strong>offrent un abri \u00e0 de nombreux insectes<\/strong> utiles tels que les abeilles, les papillons, les bourdons, les gu\u00eapes solitaires, les coccinelles, les chrysopes et les araign\u00e9es. Placer un h\u00f4tel \u00e0 insectes peut avoir <strong>un impact positif<\/strong> majeur <strong>sur l&rsquo;\u00e9cosyst\u00e8me<\/strong> de votre r\u00e9gion.\u00a0<\/p>\n<h2>Avantages pour vous<\/h2>\n<p>Il donne un coup de pouce \u00e0 la vie des insectes dans votre jardin, insectes qui \u00e0 leur tour <strong>combattent les chenilles des feuilles et les mouches domestiques.<\/strong> Plus d&rsquo;insectes signifie que plus d&rsquo;oiseaux viennent dans votre jardin et que les cultures comme les fruits et l\u00e9gumes sont bien pollinis\u00e9es.<\/p>\n<h2>Quel est le meilleur endroit pour un h\u00f4tel \u00e0 insectes ?<\/h2>\n<p>Veillez \u00e0 placer un h\u00f4tel \u00e0 insectes avec <strong>les entr\u00e9es orient\u00e9es vers le sud-est ou le sud<\/strong>, o\u00f9 il re\u00e7oit <strong>beaucoup de lumi\u00e8re<\/strong> du soleil. \u00c9vitez une orientation sud-ouest pour \u00e9viter l&rsquo;intrusion de la pluie. Choisissez \u00e9galement un endroit prot\u00e9g\u00e9 des vents forts.<\/p>\n<p>Placez la ruche \u00e0 proximit\u00e9 de plantes \u00e0 fleurs indig\u00e8nes, de pr\u00e9f\u00e9rence des plantes en gestation qui fournissent du nectar et du pollen comme nourriture. Veillez \u00e9galement \u00e0 ce que de <strong>l&rsquo;eau soit disponible<\/strong> \u00e0 proximit\u00e9.<\/p>\n","protected":false},"featured_media":51590,"template":"","meta":{"_acf_changed":false,"inline_featured_image":false,"footnotes":""},"product_cat":[5407],"product_tag":[],"class_list":{"0":"post-47381","1":"product","2":"type-product","3":"status-publish","4":"has-post-thumbnail","6":"product_cat-hotel-pour-insectes-protection-des-animaux-et-des-niches","8":"first","9":"instock","10":"taxable","11":"shipping-taxable","12":"purchasable","13":"product-type-variable","14":"has-default-attributes"},"acf":{"woocommerce_erp_id":"19171","woocommerce_cnk_id":"203170","product_density":0,"custom_prices":[{"variation_id":"54846","customer_group":"CON","customer_id":"","min_qty":1,"max_qty":9999999,"steps":1,"price":33.06,"price_incl":40,"delivery_group":"DELIVERY"}],"packaging_ids":[{"packaging_name":"Pi\u00e8ce","packaging_id":"7","erp_id":"19171"}],"c_lengte":"","c_breedte":"","c_hoogte":""},"_links":{"self":[{"href":"https:\/\/www.jatu.be\/fr\/wp-json\/wp\/v2\/product\/47381","targetHints":{"allow":["GET"]}}],"collection":[{"href":"https:\/\/www.jatu.be\/fr\/wp-json\/wp\/v2\/product"}],"about":[{"href":"https:\/\/www.jatu.be\/fr\/wp-json\/wp\/v2\/types\/product"}],"version-history":[{"count":3,"href":"https:\/\/www.jatu.be\/fr\/wp-json\/wp\/v2\/product\/47381\/revisions"}],"predecessor-version":[{"id":51598,"href":"https:\/\/www.jatu.be\/fr\/wp-json\/wp\/v2\/product\/47381\/revisions\/51598"}],"wp:featuredmedia":[{"embeddable":true,"href":"https:\/\/www.jatu.be\/fr\/wp-json\/wp\/v2\/media\/51590"}],"wp:attachment":[{"href":"https:\/\/www.jatu.be\/fr\/wp-json\/wp\/v2\/media?parent=47381"}],"wp:term":[{"taxonomy":"product_cat","embeddable":true,"href":"https:\/\/www.jatu.be\/fr\/wp-json\/wp\/v2\/product_cat?post=47381"},{"taxonomy":"product_tag","embeddable":true,"href":"https:\/\/www.jatu.be\/fr\/wp-json\/wp\/v2\/product_tag?post=47381"}],"curies":[{"name":"wp","href":"https:\/\/api.w.org\/{rel}","templated":true}]}}