{"id":47383,"date":"2024-01-10T11:33:15","date_gmt":"2024-01-10T10:33:15","guid":{"rendered":"https:\/\/www.jatu.be\/?post_type=product&#038;p=47383"},"modified":"2026-03-09T09:44:47","modified_gmt":"2026-03-09T08:44:47","slug":"nichoir-pour-ecureuils","status":"publish","type":"product","link":"https:\/\/www.jatu.be\/fr\/produit\/nichoir-pour-ecureuils\/","title":{"rendered":"Nichoir pour \u00e9cureuils"},"content":{"rendered":"","protected":false},"excerpt":{"rendered":"<p>Les \u00e9cureuils pr\u00e9f\u00e8rent les nids dot\u00e9s de plusieurs voies d&rsquo;\u00e9vacuation. C&rsquo;est pourquoi ce nichoir poss\u00e8de deux entr\u00e9es. Le balcon situ\u00e9 sous les entr\u00e9es permet aux \u00e9cureuils d&rsquo;atteindre plus facilement le nichoir et constitue la tablette d&rsquo;entra\u00eenement id\u00e9ale pour les jeunes. L&rsquo;un des c\u00f4t\u00e9s peut \u00eatre ouvert pour le nettoyage de la ruche.<\/p>\n<p><strong>Les \u00e9cureuils construisent<\/strong> g\u00e9n\u00e9ralement <strong>plusieurs nids<\/strong>, il est donc conseill\u00e9 d&rsquo;accrocher imm\u00e9diatement<strong> au moins deux unit\u00e9s<\/strong> pour cr\u00e9er l&rsquo;environnement de nidification id\u00e9al.<\/p>\n<h2>O\u00f9 placer le nichoir \u00e0 \u00e9cureuil<\/h2>\n<p>Les nichoirs \u00e0 \u00e9cureuil sont g\u00e9n\u00e9ralement suspendus dans des<strong> zones bois\u00e9es<\/strong> \u00e0 une hauteur comprise entre trois et cinq m\u00e8tres. Veillez \u00e0 ce qu&rsquo;aucune des ouvertures ne soit orient\u00e9e vers le sud-ouest, car les \u00e9cureuils pr\u00e9f\u00e8rent d&rsquo;autres directions. Placez le nichoir de pr\u00e9f\u00e9rence <strong>pr\u00e8s des<\/strong> <strong>branches lat\u00e9rales<\/strong> afin que les \u00e9cureuils puissent acc\u00e9der facilement \u00e0 leur nid. Remplissez le fond avec des brindilles et des feuilles s\u00e9ch\u00e9es. <strong>Pour attirer<\/strong> les \u00e9cureuils, vous pouvez mettre des <strong>noisettes cass\u00e9es<\/strong> dans le nichoir.<\/p>\n<h2>Comment entretenir le nichoir \u00e0 \u00e9cureuil<\/h2>\n<p>Il est recommand\u00e9 de nettoyer le nichoir chaque ann\u00e9e en octobre ou novembre.<\/p>\n","protected":false},"featured_media":51358,"template":"","meta":{"_acf_changed":false,"inline_featured_image":false,"footnotes":""},"product_cat":[5424],"product_tag":[],"class_list":{"0":"post-47383","1":"product","2":"type-product","3":"status-publish","4":"has-post-thumbnail","6":"product_cat-nichoirs-pour-les-mammiferes-protection-des-animaux-et-des-niches","8":"first","9":"instock","10":"taxable","11":"shipping-taxable","12":"purchasable","13":"product-type-variable","14":"has-default-attributes"},"acf":{"woocommerce_erp_id":"19172","woocommerce_cnk_id":"203171","product_density":0,"custom_prices":[{"variation_id":"54847","customer_group":"CON","customer_id":"","min_qty":1,"max_qty":9999999,"steps":1,"price":107.44,"price_incl":130,"delivery_group":"DELIVERY"}],"packaging_ids":[{"packaging_name":"Pi\u00e8ce","packaging_id":"7","erp_id":"19172"}],"c_lengte":"","c_breedte":"","c_hoogte":""},"_links":{"self":[{"href":"https:\/\/www.jatu.be\/fr\/wp-json\/wp\/v2\/product\/47383","targetHints":{"allow":["GET"]}}],"collection":[{"href":"https:\/\/www.jatu.be\/fr\/wp-json\/wp\/v2\/product"}],"about":[{"href":"https:\/\/www.jatu.be\/fr\/wp-json\/wp\/v2\/types\/product"}],"version-history":[{"count":2,"href":"https:\/\/www.jatu.be\/fr\/wp-json\/wp\/v2\/product\/47383\/revisions"}],"predecessor-version":[{"id":51398,"href":"https:\/\/www.jatu.be\/fr\/wp-json\/wp\/v2\/product\/47383\/revisions\/51398"}],"wp:featuredmedia":[{"embeddable":true,"href":"https:\/\/www.jatu.be\/fr\/wp-json\/wp\/v2\/media\/51358"}],"wp:attachment":[{"href":"https:\/\/www.jatu.be\/fr\/wp-json\/wp\/v2\/media?parent=47383"}],"wp:term":[{"taxonomy":"product_cat","embeddable":true,"href":"https:\/\/www.jatu.be\/fr\/wp-json\/wp\/v2\/product_cat?post=47383"},{"taxonomy":"product_tag","embeddable":true,"href":"https:\/\/www.jatu.be\/fr\/wp-json\/wp\/v2\/product_tag?post=47383"}],"curies":[{"name":"wp","href":"https:\/\/api.w.org\/{rel}","templated":true}]}}