{"id":47387,"date":"2024-01-10T11:33:20","date_gmt":"2024-01-10T10:33:20","guid":{"rendered":"https:\/\/www.jatu.be\/?post_type=product&#038;p=47387"},"modified":"2026-03-09T09:44:56","modified_gmt":"2026-03-09T08:44:56","slug":"nichoir-a-chauve-souris-plate","status":"publish","type":"product","link":"https:\/\/www.jatu.be\/fr\/produit\/nichoir-a-chauve-souris-plate\/","title":{"rendered":"Nichoir \u00e0 chauve-souris plate"},"content":{"rendered":"","protected":false},"excerpt":{"rendered":"<p>Dans le Benelux, les bo\u00eetes \u00e0 chauves-souris sont principalement plac\u00e9es comme <strong>r\u00e9sidences d&rsquo;\u00e9t\u00e9.<\/strong> Elles ne sont pas utilis\u00e9es par les animaux comme des bo\u00eetes de maternit\u00e9, mais surtout comme <strong>des perchoirs ou des lieux d&rsquo;accouplement.<\/strong> En cas d&rsquo;hivers doux, la bo\u00eete peut \u00e9galement \u00eatre utilis\u00e9e comme maison d&rsquo;hiver. Il convient \u00e0 plusieurs esp\u00e8ces, notamment :<\/p>\n<ul>\n<li>Chauve-souris \u00e0 oreilles rudes<\/li>\n<li>Chauve-souris pipistrelle commune<\/li>\n<li>La chauve-souris commune \u00e0 gros nez<\/li>\n<li>Chauve-souris \u00e0 longue queue<\/li>\n<\/ul>\n<p>Le fait d&rsquo;avoir plusieurs ruches dans la m\u00eame zone augmente consid\u00e9rablement les chances de r\u00e9ussite.<\/p>\n<h2>Comment cela fonctionne-t-il?<\/h2>\n<p>La bo\u00eete sans courant d&rsquo;air et \u00e9tanche \u00e0 la lumi\u00e8re est dot\u00e9e d&rsquo;une trappe qui s&rsquo;ouvre sur le c\u00f4t\u00e9 afin de pouvoir installer un toit solide pour \u00e9viter les infiltrations d&rsquo;eau. <strong>Le panneau d&rsquo;escalade \u00e9tant dot\u00e9 de rainures frais\u00e9es<\/strong> au lieu de filets, les ongles <strong>des chauves-souris ne peuvent pas se coincer lorsqu&rsquo;elles grimpent.<\/strong><\/p>\n<p><strong>La fente d&rsquo;entr\u00e9e de 1,5 cm<\/strong> permet aux chauves-souris d&rsquo;entrer dans la bo\u00eete, <strong>mais pas aux plus petits oiseaux.<\/strong> La rugosit\u00e9 naturelle du bois permet aux chauves-souris de grimper dans la bo\u00eete et d&rsquo;y rester.<\/p>\n<h2>O\u00f9 placer au mieux la bo\u00eete \u00e0 chauves-souris<\/h2>\n<p><strong>Ne placez pas le nichoir \u00e0 proximit\u00e9 de fen\u00eatres, de sources de lumi\u00e8re artificielle ou d&rsquo;autres \u00e9l\u00e9ments perturbateurs.<\/strong> Pr\u00e9voyez au moins 4,5 m\u00e8tres d&rsquo;espace libre sous la bo\u00eete, y compris un acc\u00e8s d\u00e9gag\u00e9 \u00e0 la bo\u00eete. Si vous placez plusieurs coffrets, il est conseill\u00e9 de leur donner des orientations diff\u00e9rentes. L&rsquo;id\u00e9al est de placer les ruches \u00e0 <strong>proximit\u00e9 des trajectoires<\/strong> de vol existantes des chauves-souris.<\/p>\n","protected":false},"featured_media":51472,"template":"","meta":{"_acf_changed":false,"inline_featured_image":false,"footnotes":""},"product_cat":[5424],"product_tag":[],"class_list":{"0":"post-47387","1":"product","2":"type-product","3":"status-publish","4":"has-post-thumbnail","6":"product_cat-nichoirs-pour-les-mammiferes-protection-des-animaux-et-des-niches","8":"first","9":"instock","10":"taxable","11":"shipping-taxable","12":"purchasable","13":"product-type-variable","14":"has-default-attributes"},"acf":{"woocommerce_erp_id":"19174","woocommerce_cnk_id":"203173","product_density":0,"custom_prices":[{"variation_id":"54848","customer_group":"CON","customer_id":"","min_qty":1,"max_qty":9999999,"steps":1,"price":33.06,"price_incl":40,"delivery_group":"DELIVERY"},{"variation_id":"54848","customer_group":"CON","customer_id":"","min_qty":1,"max_qty":9999999,"steps":1,"price":33.06,"price_incl":40,"delivery_group":"COLLECT"}],"packaging_ids":[{"packaging_name":"Pi\u00e8ce","packaging_id":"7","erp_id":"19174"}],"c_lengte":"","c_breedte":"","c_hoogte":""},"_links":{"self":[{"href":"https:\/\/www.jatu.be\/fr\/wp-json\/wp\/v2\/product\/47387","targetHints":{"allow":["GET"]}}],"collection":[{"href":"https:\/\/www.jatu.be\/fr\/wp-json\/wp\/v2\/product"}],"about":[{"href":"https:\/\/www.jatu.be\/fr\/wp-json\/wp\/v2\/types\/product"}],"version-history":[{"count":4,"href":"https:\/\/www.jatu.be\/fr\/wp-json\/wp\/v2\/product\/47387\/revisions"}],"predecessor-version":[{"id":51483,"href":"https:\/\/www.jatu.be\/fr\/wp-json\/wp\/v2\/product\/47387\/revisions\/51483"}],"wp:featuredmedia":[{"embeddable":true,"href":"https:\/\/www.jatu.be\/fr\/wp-json\/wp\/v2\/media\/51472"}],"wp:attachment":[{"href":"https:\/\/www.jatu.be\/fr\/wp-json\/wp\/v2\/media?parent=47387"}],"wp:term":[{"taxonomy":"product_cat","embeddable":true,"href":"https:\/\/www.jatu.be\/fr\/wp-json\/wp\/v2\/product_cat?post=47387"},{"taxonomy":"product_tag","embeddable":true,"href":"https:\/\/www.jatu.be\/fr\/wp-json\/wp\/v2\/product_tag?post=47387"}],"curies":[{"name":"wp","href":"https:\/\/api.w.org\/{rel}","templated":true}]}}