{"id":47389,"date":"2024-01-10T11:33:22","date_gmt":"2024-01-10T10:33:22","guid":{"rendered":"https:\/\/www.jatu.be\/?post_type=product&#038;p=47389"},"modified":"2026-03-09T09:45:01","modified_gmt":"2026-03-09T08:45:01","slug":"mangeoire-a-oiseaux-de-base","status":"publish","type":"product","link":"https:\/\/www.jatu.be\/fr\/produit\/mangeoire-a-oiseaux-de-base\/","title":{"rendered":"Mangeoire \u00e0 oiseaux de base"},"content":{"rendered":"","protected":false},"excerpt":{"rendered":"<h2>Alimentateur pour :<\/h2>\n<ul>\n<li>Pinsons<\/li>\n<li>Les merles<\/li>\n<li>Robins et troglodytes<\/li>\n<li>Pics-verts<\/li>\n<li>Grimpereaux et sittelles<\/li>\n<li>Insectes<\/li>\n<\/ul>\n<h2>Comment nourrir les oiseaux de jardin?<\/h2>\n<p>Cette mangeoire de base convient \u00e0 de <strong>nombreuses esp\u00e8ces d&rsquo;oiseaux.<\/strong> <strong>La nourriture<\/strong> qui profite aux pinsons, merles, rouges-gorges et troglodytes est dispers\u00e9e sous l&rsquo;abri. Les boules de suif et les filets de cacahu\u00e8tes peuvent \u00eatre suspendus aux branches lat\u00e9rales et les trous du poteau peuvent \u00eatre remplis de nourriture pour insectes ou de beurre de cacahu\u00e8tes pour les pics, les grimpereaux et les sittelles.<\/p>\n<h2>Acheter une mangeoire pour oiseaux sur poteau<\/h2>\n<p>Nos mangeoires pour oiseaux sont<strong> fabriqu\u00e9es localement<\/strong> et sont r\u00e9alis\u00e9es \u00e0 partir de bois provenant d&rsquo;une <strong>exploitation foresti\u00e8re responsable<\/strong>. De cette mani\u00e8re, nous voulons aider la nature et maintenir notre empreinte \u00e9cologique aussi faible que possible. La mangeoire pour oiseaux peut \u00eatre facilement <strong>command\u00e9e en ligne<\/strong> et nous la <strong>livrerons rapidement<\/strong> dans un d\u00e9lai de quatre jours ouvrables.<\/p>\n<p>&nbsp;<\/p>\n","protected":false},"featured_media":51087,"template":"","meta":{"_acf_changed":false,"inline_featured_image":false,"footnotes":""},"product_cat":[5412],"product_tag":[],"class_list":{"0":"post-47389","1":"product","2":"type-product","3":"status-publish","4":"has-post-thumbnail","6":"product_cat-nichoirs-pour-oiseaux-protection-des-animaux-et-des-niches","8":"first","9":"instock","10":"taxable","11":"shipping-taxable","12":"purchasable","13":"product-type-variable","14":"has-default-attributes"},"acf":{"woocommerce_erp_id":"19175","woocommerce_cnk_id":"203174","product_density":0,"custom_prices":[{"variation_id":"54849","customer_group":"CON","customer_id":"","min_qty":1,"max_qty":9999999,"steps":1,"price":58.68,"price_incl":71,"delivery_group":"DELIVERY"}],"packaging_ids":[{"packaging_name":"Pi\u00e8ce","packaging_id":"7","erp_id":"19175"}],"c_lengte":"","c_breedte":"","c_hoogte":""},"_links":{"self":[{"href":"https:\/\/www.jatu.be\/fr\/wp-json\/wp\/v2\/product\/47389","targetHints":{"allow":["GET"]}}],"collection":[{"href":"https:\/\/www.jatu.be\/fr\/wp-json\/wp\/v2\/product"}],"about":[{"href":"https:\/\/www.jatu.be\/fr\/wp-json\/wp\/v2\/types\/product"}],"version-history":[{"count":3,"href":"https:\/\/www.jatu.be\/fr\/wp-json\/wp\/v2\/product\/47389\/revisions"}],"predecessor-version":[{"id":51101,"href":"https:\/\/www.jatu.be\/fr\/wp-json\/wp\/v2\/product\/47389\/revisions\/51101"}],"wp:featuredmedia":[{"embeddable":true,"href":"https:\/\/www.jatu.be\/fr\/wp-json\/wp\/v2\/media\/51087"}],"wp:attachment":[{"href":"https:\/\/www.jatu.be\/fr\/wp-json\/wp\/v2\/media?parent=47389"}],"wp:term":[{"taxonomy":"product_cat","embeddable":true,"href":"https:\/\/www.jatu.be\/fr\/wp-json\/wp\/v2\/product_cat?post=47389"},{"taxonomy":"product_tag","embeddable":true,"href":"https:\/\/www.jatu.be\/fr\/wp-json\/wp\/v2\/product_tag?post=47389"}],"curies":[{"name":"wp","href":"https:\/\/api.w.org\/{rel}","templated":true}]}}