{"id":47391,"date":"2024-01-10T11:33:24","date_gmt":"2024-01-10T10:33:24","guid":{"rendered":"https:\/\/www.jatu.be\/?post_type=product&#038;p=47391"},"modified":"2026-03-09T09:45:06","modified_gmt":"2026-03-09T08:45:06","slug":"mangeoire-pour-ecureuils","status":"publish","type":"product","link":"https:\/\/www.jatu.be\/fr\/produit\/mangeoire-pour-ecureuils\/","title":{"rendered":"Mangeoire pour \u00e9cureuils"},"content":{"rendered":"","protected":false},"excerpt":{"rendered":"<ul>\n<li>Mangeoire sur mesure pour les \u00e9cureuils<\/li>\n<li>Augmente les chances de r\u00e9ussite<\/li>\n<li>Fabriqu\u00e9 localement<\/li>\n<li>Bois issu de la sylviculture durable<\/li>\n<li>Livraison rapide<\/li>\n<\/ul>\n<h2>Comment fonctionne une mangeoire pour \u00e9cureuils ?<\/h2>\n<p>Les \u00e9cureuils <strong>apprennent \u00e0 pousser le toit<\/strong> de cette mangeoire pour atteindre leur nourriture. Il suffit de suspendre la mangeoire \u00e0 un arbre et les \u00e9cureuils s&rsquo;y retrouveront tout seuls.<\/p>\n<p>Les \u00e9cureuils endommagent souvent les mangeoires \u00e0 oiseaux dans le jardin. Pour rem\u00e9dier \u00e0 ce probl\u00e8me, <strong>on peut suspendre<\/strong> une mangeoire pour \u00e9cureuils <strong>dans un arbre.<\/strong><\/p>\n<p>Pour cette facilit\u00e9 d&rsquo;entretien, il est recommand\u00e9 d&rsquo;enlever r\u00e9guli\u00e8rement les vieux aliments afin d&rsquo;\u00e9viter la formation de moisissures.<\/p>\n<h2>Acheter une mangeoire pour \u00e9cureuils<\/h2>\n<p>Les mangeoires pour oiseaux de Jatu sont con\u00e7ues sur la base d&rsquo;ann\u00e9es de recherche. Cela augmente consid\u00e9rablement les chances de r\u00e9ussite. Ils sont fabriqu\u00e9s localement et seuls des bois issus <strong>d&rsquo;une sylviculture responsable<\/strong> sont utilis\u00e9s.\u00a0<\/p>\n<p>Ces mangeoires pour \u00e9cureuils sont <strong>faciles \u00e0 commander en ligne<\/strong> et sont <strong>livr\u00e9es rapidement<\/strong> dans un d\u00e9lai de quatre jours ouvrables.<\/p>\n<p>&nbsp;<\/p>\n","protected":false},"featured_media":51487,"template":"","meta":{"_acf_changed":false,"inline_featured_image":false,"footnotes":""},"product_cat":[5424],"product_tag":[],"class_list":{"0":"post-47391","1":"product","2":"type-product","3":"status-publish","4":"has-post-thumbnail","6":"product_cat-nichoirs-pour-les-mammiferes-protection-des-animaux-et-des-niches","8":"first","9":"instock","10":"taxable","11":"shipping-taxable","12":"purchasable","13":"product-type-variable","14":"has-default-attributes"},"acf":{"woocommerce_erp_id":"19176","woocommerce_cnk_id":"203175","product_density":0,"custom_prices":[{"variation_id":"54850","customer_group":"CON","customer_id":"","min_qty":1,"max_qty":9999999,"steps":1,"price":23.97,"price_incl":29,"delivery_group":"DELIVERY"}],"packaging_ids":[{"packaging_name":"Pi\u00e8ce","packaging_id":"7","erp_id":"19176"}],"c_lengte":"","c_breedte":"","c_hoogte":""},"_links":{"self":[{"href":"https:\/\/www.jatu.be\/fr\/wp-json\/wp\/v2\/product\/47391","targetHints":{"allow":["GET"]}}],"collection":[{"href":"https:\/\/www.jatu.be\/fr\/wp-json\/wp\/v2\/product"}],"about":[{"href":"https:\/\/www.jatu.be\/fr\/wp-json\/wp\/v2\/types\/product"}],"version-history":[{"count":4,"href":"https:\/\/www.jatu.be\/fr\/wp-json\/wp\/v2\/product\/47391\/revisions"}],"predecessor-version":[{"id":54283,"href":"https:\/\/www.jatu.be\/fr\/wp-json\/wp\/v2\/product\/47391\/revisions\/54283"}],"wp:featuredmedia":[{"embeddable":true,"href":"https:\/\/www.jatu.be\/fr\/wp-json\/wp\/v2\/media\/51487"}],"wp:attachment":[{"href":"https:\/\/www.jatu.be\/fr\/wp-json\/wp\/v2\/media?parent=47391"}],"wp:term":[{"taxonomy":"product_cat","embeddable":true,"href":"https:\/\/www.jatu.be\/fr\/wp-json\/wp\/v2\/product_cat?post=47391"},{"taxonomy":"product_tag","embeddable":true,"href":"https:\/\/www.jatu.be\/fr\/wp-json\/wp\/v2\/product_tag?post=47391"}],"curies":[{"name":"wp","href":"https:\/\/api.w.org\/{rel}","templated":true}]}}