{"id":47393,"date":"2024-01-10T11:33:26","date_gmt":"2024-01-10T10:33:26","guid":{"rendered":"https:\/\/www.jatu.be\/?post_type=product&#038;p=47393"},"modified":"2026-03-09T09:45:11","modified_gmt":"2026-03-09T08:45:11","slug":"ruche-de-bourdons","status":"publish","type":"product","link":"https:\/\/www.jatu.be\/fr\/produit\/ruche-de-bourdons\/","title":{"rendered":"Ruche de bourdons"},"content":{"rendered":"","protected":false},"excerpt":{"rendered":"<ul>\n<li>Ruche \u00e0 bourdon adapt\u00e9e au bourdon<\/li>\n<li>Augmentation des chances d&rsquo;avoir des reines bourdons<\/li>\n<li>Deux pi\u00e8ces, plate-forme de r\u00e9ception et trous de ventilation<\/li>\n<li>Mont\u00e9 sur des pieds en acier inoxydable<\/li>\n<li>Finition avec une peinture de ruche<\/li>\n<li>Fabriqu\u00e9 localement<\/li>\n<li>Bois issu d&rsquo;une sylviculture responsable<\/li>\n<\/ul>\n<h2>Pourquoi installer une ruche \u00e0 bourdons ?<\/h2>\n<p>Les bourdons ont de plus en plus de mal \u00e0 trouver des lieux de nidification naturels. La ruche de bourdons peut leur donner un coup de pouce. En outre, les bourdons sont <strong>des insectes tr\u00e8s utiles<\/strong>. Actifs toute la journ\u00e9e, ils visitent plusieurs fleurs par minute. Ainsi, non seulement vous aidez le bourdon, mais celui-ci favorise \u00e9galement <strong>la croissance de vos plantes.<\/strong><\/p>\n<h2>Comment fonctionne la ruche des bourdons ?<\/h2>\n<p>Une ruche de bourdons est divis\u00e9e en <strong>deux pi\u00e8ces<\/strong>. La grande pi\u00e8ce sert de lieu de nidification, la plus petite de toilettes. La ruche est \u00e9quip\u00e9e <strong>d&rsquo;une plate-forme d&rsquo;atterrissage<\/strong> qui augmente son attrait pour les reines des bourdons. Il y a <strong>des trous de ventilation<\/strong> sur le c\u00f4t\u00e9.<\/p>\n<p>Un tiers de la <strong>grande chambre<\/strong> est rempli de <strong>mat\u00e9riau de nidification<\/strong>, qui peut \u00eatre de la paille, du foin ou de la mousse. Si vous souhaitez <strong>attirer une reine pour la premi\u00e8re<\/strong> fois, il est pr\u00e9f\u00e9rable de placer un r\u00e9cipient contenant de l&rsquo;eau sucr\u00e9e ou du pollen.<\/p>\n<p>La ruche repose sur quatre pieds en acier inoxydable, de sorte qu&rsquo;elle est toujours l\u00e9g\u00e8rement plus haute et sur la terre ferme. Le toit et la plate-forme d&rsquo;atterrissage sont finis avec une peinture en forme de ruche. Cette peinture \u00e0 base de liants v\u00e9g\u00e9taux prot\u00e8ge la ruche contre la chaleur et attire les abeilles solitaires et les bourdons.<\/p>\n<h2>Quel est le meilleur endroit pour installer une ruche \u00e0 bourdons ?<\/h2>\n<p>Le meilleur endroit pour une ruche \u00e0 bourdons <strong>est pr\u00e8s des plantes \u00e0 fleurs<\/strong>. Veillez \u00e0 ce que l&rsquo;entr\u00e9e soit orient\u00e9e vers le sud ou l&rsquo;est. La ruche ne doit pas \u00eatre expos\u00e9e au soleil pendant toute une journ\u00e9e et ne doit pas se trouver \u00e0 plus d&rsquo;un m\u00e8tre du sol.<\/p>\n<p>Vous pouvez placer la ruche \u00e0 bourdons \u00e0 n&rsquo;importe quelle saison.<\/p>\n<h2>Acheter une ruche \u00e0 bourdons<\/h2>\n<p>Toutes les ruches que nous proposons \u00e0 Jatu sont assembl\u00e9es localement et sont fabriqu\u00e9es exclusivement \u00e0 partir de bois issu d&rsquo;une sylviculture responsable. De cette mani\u00e8re, nous voulons maintenir l&#8217;empreinte \u00e9cologique aussi faible que possible et garantir la durabilit\u00e9 du produit.<\/p>\n<p>La ruche Bourdon est facile \u00e0 commander en ligne. Nous garantissons une livraison sans probl\u00e8me dans les quatre jours ouvrables. Commandez cette ruche d\u00e8s maintenant et donnez un coup de pouce \u00e0 la biodiversit\u00e9 belge!<\/p>\n","protected":false},"featured_media":51009,"template":"","meta":{"_acf_changed":false,"inline_featured_image":false,"footnotes":""},"product_cat":[5407],"product_tag":[],"class_list":{"0":"post-47393","1":"product","2":"type-product","3":"status-publish","4":"has-post-thumbnail","6":"product_cat-hotel-pour-insectes-protection-des-animaux-et-des-niches","8":"first","9":"instock","10":"taxable","11":"shipping-taxable","12":"purchasable","13":"product-type-variable","14":"has-default-attributes"},"acf":{"woocommerce_erp_id":"19177","woocommerce_cnk_id":"203176","product_density":0,"custom_prices":[{"variation_id":"54851","customer_group":"CON","customer_id":"","min_qty":1,"max_qty":9999999,"steps":1,"price":66.94,"price_incl":81,"delivery_group":"DELIVERY"},{"variation_id":"54851","customer_group":"CON","customer_id":"","min_qty":1,"max_qty":1,"steps":1,"price":66.94,"price_incl":81,"delivery_group":"COLLECT"}],"packaging_ids":[{"packaging_name":"Pi\u00e8ce","packaging_id":"7","erp_id":"19177"}],"c_lengte":"","c_breedte":"","c_hoogte":""},"_links":{"self":[{"href":"https:\/\/www.jatu.be\/fr\/wp-json\/wp\/v2\/product\/47393","targetHints":{"allow":["GET"]}}],"collection":[{"href":"https:\/\/www.jatu.be\/fr\/wp-json\/wp\/v2\/product"}],"about":[{"href":"https:\/\/www.jatu.be\/fr\/wp-json\/wp\/v2\/types\/product"}],"version-history":[{"count":3,"href":"https:\/\/www.jatu.be\/fr\/wp-json\/wp\/v2\/product\/47393\/revisions"}],"predecessor-version":[{"id":51038,"href":"https:\/\/www.jatu.be\/fr\/wp-json\/wp\/v2\/product\/47393\/revisions\/51038"}],"wp:featuredmedia":[{"embeddable":true,"href":"https:\/\/www.jatu.be\/fr\/wp-json\/wp\/v2\/media\/51009"}],"wp:attachment":[{"href":"https:\/\/www.jatu.be\/fr\/wp-json\/wp\/v2\/media?parent=47393"}],"wp:term":[{"taxonomy":"product_cat","embeddable":true,"href":"https:\/\/www.jatu.be\/fr\/wp-json\/wp\/v2\/product_cat?post=47393"},{"taxonomy":"product_tag","embeddable":true,"href":"https:\/\/www.jatu.be\/fr\/wp-json\/wp\/v2\/product_tag?post=47393"}],"curies":[{"name":"wp","href":"https:\/\/api.w.org\/{rel}","templated":true}]}}