{"id":47395,"date":"2024-01-10T11:33:29","date_gmt":"2024-01-10T10:33:29","guid":{"rendered":"https:\/\/www.jatu.be\/?post_type=product&#038;p=47395"},"modified":"2026-03-09T09:45:16","modified_gmt":"2026-03-09T08:45:16","slug":"nichoir-a-martinets","status":"publish","type":"product","link":"https:\/\/www.jatu.be\/fr\/produit\/nichoir-a-martinets\/","title":{"rendered":"Nichoir \u00e0 martinets"},"content":{"rendered":"","protected":false},"excerpt":{"rendered":"<ul>\n<li>Nichoir \u00e0 martinets sur mesure<\/li>\n<li>Augmentation des chances de r\u00e9ussite<\/li>\n<li>Parfait pour les zones urbaines<\/li>\n<li>Fabriqu\u00e9 localement<\/li>\n<li>Bois issu d&rsquo;une sylviculture responsable<\/li>\n<\/ul>\n<h2>Nichoir pour le martinet<\/h2>\n<p>Ce nichoir \u00e0 martinet offre au martinet davantage de possibilit\u00e9s de nidification dans les zones urbaines.<\/p>\n<p><strong>Les nichoirs \u00e0 martinet commun sont utilis\u00e9s de plus en plus souvent.<\/strong> En raison de r\u00e9novations et d&rsquo;une isolation de grande ampleur, d&rsquo;autres lieux de nidification, qui \u00e9taient nombreux il y a encore quelques ann\u00e9es, sont en train de dispara\u00eetre. Les bassins, les avant-toits et les murs creux deviennent de plus en plus inaccessibles pour la construction des nids, ce qui se refl\u00e8te dans le nombre de martinets. La pose d&rsquo;un nichoir \u00e0 martinets porte donc ses fruits.<\/p>\n<h2>Comment accrocher un nichoir pour le martinet?<\/h2>\n<p>Cette esp\u00e8ce se trouve principalement dans les zones urbaines et fait <strong>son nid le plus haut possible sur les b\u00e2timents.<\/strong> Il est accroch\u00e9 avec <strong>l&rsquo;ouverture d&rsquo;entr\u00e9e sur mesure sur le c\u00f4t\u00e9 nord ou est \u00e0 une hauteur d&rsquo;au moins 4m.<\/strong> Le nichoir doit \u00eatre nettoy\u00e9 apr\u00e8s la saison de reproduction (octobre &#8211; d\u00e9cembre).<\/p>\n<h2>Acheter un nid pour les martinets<\/h2>\n<p>Voulez-vous contribuer \u00e0 la reconstruction de la population des martinets ? C&rsquo;est parfait ! Avec nos nichoirs, vous faites d\u00e9j\u00e0 un grand pas dans la bonne direction. Il suffit de <strong>les commander en ligne<\/strong> et nous les enverrons dans les quatre jours ouvrables. Ensemble, nous ferons en sorte que l&rsquo;hirondelle rustique puisse \u00e0 nouveau revendiquer sa place dans notre pays fortement urbanis\u00e9.<\/p>\n","protected":false},"featured_media":51323,"template":"","meta":{"_acf_changed":false,"inline_featured_image":false,"footnotes":""},"product_cat":[5412],"product_tag":[],"class_list":{"0":"post-47395","1":"product","2":"type-product","3":"status-publish","4":"has-post-thumbnail","6":"product_cat-nichoirs-pour-oiseaux-protection-des-animaux-et-des-niches","8":"first","9":"instock","10":"taxable","11":"shipping-taxable","12":"purchasable","13":"product-type-variable","14":"has-default-attributes"},"acf":{"woocommerce_erp_id":"19178","woocommerce_cnk_id":"203177","product_density":0,"custom_prices":[{"variation_id":"54852","customer_group":"CON","customer_id":"","min_qty":1,"max_qty":9999999,"steps":1,"price":59.5,"price_incl":72,"delivery_group":"DELIVERY"}],"packaging_ids":[{"packaging_name":"Pi\u00e8ce","packaging_id":"7","erp_id":"19178"}],"c_lengte":"","c_breedte":"","c_hoogte":""},"_links":{"self":[{"href":"https:\/\/www.jatu.be\/fr\/wp-json\/wp\/v2\/product\/47395","targetHints":{"allow":["GET"]}}],"collection":[{"href":"https:\/\/www.jatu.be\/fr\/wp-json\/wp\/v2\/product"}],"about":[{"href":"https:\/\/www.jatu.be\/fr\/wp-json\/wp\/v2\/types\/product"}],"version-history":[{"count":3,"href":"https:\/\/www.jatu.be\/fr\/wp-json\/wp\/v2\/product\/47395\/revisions"}],"predecessor-version":[{"id":51640,"href":"https:\/\/www.jatu.be\/fr\/wp-json\/wp\/v2\/product\/47395\/revisions\/51640"}],"wp:featuredmedia":[{"embeddable":true,"href":"https:\/\/www.jatu.be\/fr\/wp-json\/wp\/v2\/media\/51323"}],"wp:attachment":[{"href":"https:\/\/www.jatu.be\/fr\/wp-json\/wp\/v2\/media?parent=47395"}],"wp:term":[{"taxonomy":"product_cat","embeddable":true,"href":"https:\/\/www.jatu.be\/fr\/wp-json\/wp\/v2\/product_cat?post=47395"},{"taxonomy":"product_tag","embeddable":true,"href":"https:\/\/www.jatu.be\/fr\/wp-json\/wp\/v2\/product_tag?post=47395"}],"curies":[{"name":"wp","href":"https:\/\/api.w.org\/{rel}","templated":true}]}}