{"id":47397,"date":"2024-01-10T11:33:31","date_gmt":"2024-01-10T10:33:31","guid":{"rendered":"https:\/\/www.jatu.be\/?post_type=product&#038;p=47397"},"modified":"2026-03-09T09:45:21","modified_gmt":"2026-03-09T08:45:21","slug":"nichoir-pour-les-rouges-gorges-et-les-troglodytes","status":"publish","type":"product","link":"https:\/\/www.jatu.be\/fr\/produit\/nichoir-pour-les-rouges-gorges-et-les-troglodytes\/","title":{"rendered":"Nichoir pour les rouges-gorges et les troglodytes"},"content":{"rendered":"","protected":false},"excerpt":{"rendered":"<ul>\n<li>Nichoir sur mesure Robin des bois\/ Troglodyte mignon<\/li>\n<li>Convient \u00e9galement au merle, au rouge-queue noir, au gobe-mouches gris et \u00e0 la bergeronnette blanche.<\/li>\n<li>Grand trou d&rsquo;entr\u00e9e, attention aux chats<\/li>\n<li>Fabriqu\u00e9 localement<\/li>\n<li>Bois issu d&rsquo;une sylviculture responsable<\/li>\n<\/ul>\n<h2>Nichoir pour les rouges-gorges et les troglodytes<\/h2>\n<p>Le troglodyte aime faire son nid dans <strong>un endroit calme, abrit\u00e9 et bien cach\u00e9<\/strong> parmi de nombreux buissons ou du lierre. Il est pr\u00e9f\u00e9rable d&rsquo;installer ce nichoir sur un arbre ou un mur \u00e0 une hauteur maximale de 2 m\u00e8tres.\u00a0<\/p>\n<p>Veillez \u00e0 ce que le nichoir <strong>ne soit pas en plein soleil<\/strong> et que l&rsquo;ouverture ne soit pas orient\u00e9e vers la pluie afin que l&rsquo;oiseau puisse s&rsquo;approcher librement. Si vous souhaitez <strong>placer plusieurs nichoirs<\/strong>, ils doivent \u00eatre <strong>espac\u00e9s d&rsquo;au moins 10 m\u00e8tres.<\/strong> S&rsquo;il y a un mangeoire \u00e0 proximit\u00e9, veillez \u00e9galement \u00e0 vous en \u00e9loigner d&rsquo;environ 3 m\u00e8tres.<\/p>\n<h2>Entretien de la ruche<\/h2>\n<p>Le nettoyage de la ruche s&rsquo;effectue de pr\u00e9f\u00e9rence en automne<\/p>\n<h2>Acheter un nichoir pour les rouges-gorges<\/h2>\n<p>Tous les nichoirs que nous proposons chez Jatu sont fabriqu\u00e9s localement et se composent uniquement de bois issu d&rsquo;une exploitation foresti\u00e8re responsable. Ce nichoir est \u00e9galement facile \u00e0 commander en ligne. Il vous est ensuite envoy\u00e9 avec les soins n\u00e9cessaires. La livraison est effectu\u00e9e rapidement dans les quatre jours ouvrables suivant la confirmation de la commande.<\/p>\n","protected":false},"featured_media":51238,"template":"","meta":{"_acf_changed":false,"inline_featured_image":false,"footnotes":""},"product_cat":[5412],"product_tag":[],"class_list":{"0":"post-47397","1":"product","2":"type-product","3":"status-publish","4":"has-post-thumbnail","6":"product_cat-nichoirs-pour-oiseaux-protection-des-animaux-et-des-niches","8":"first","9":"instock","10":"taxable","11":"shipping-taxable","12":"purchasable","13":"product-type-variable","14":"has-default-attributes"},"acf":{"woocommerce_erp_id":"19179","woocommerce_cnk_id":"203178","product_density":0,"custom_prices":[{"variation_id":"54853","customer_group":"CON","customer_id":"","min_qty":1,"max_qty":9999999,"steps":1,"price":24.79,"price_incl":30,"delivery_group":"DELIVERY"},{"variation_id":"54853","customer_group":"CON","customer_id":"","min_qty":1,"max_qty":9999999,"steps":1,"price":24.79,"price_incl":30,"delivery_group":"COLLECT"}],"packaging_ids":[{"packaging_name":"Pi\u00e8ce","packaging_id":"7","erp_id":"19179"}],"c_lengte":"","c_breedte":"","c_hoogte":""},"_links":{"self":[{"href":"https:\/\/www.jatu.be\/fr\/wp-json\/wp\/v2\/product\/47397","targetHints":{"allow":["GET"]}}],"collection":[{"href":"https:\/\/www.jatu.be\/fr\/wp-json\/wp\/v2\/product"}],"about":[{"href":"https:\/\/www.jatu.be\/fr\/wp-json\/wp\/v2\/types\/product"}],"version-history":[{"count":4,"href":"https:\/\/www.jatu.be\/fr\/wp-json\/wp\/v2\/product\/47397\/revisions"}],"predecessor-version":[{"id":56229,"href":"https:\/\/www.jatu.be\/fr\/wp-json\/wp\/v2\/product\/47397\/revisions\/56229"}],"wp:featuredmedia":[{"embeddable":true,"href":"https:\/\/www.jatu.be\/fr\/wp-json\/wp\/v2\/media\/51238"}],"wp:attachment":[{"href":"https:\/\/www.jatu.be\/fr\/wp-json\/wp\/v2\/media?parent=47397"}],"wp:term":[{"taxonomy":"product_cat","embeddable":true,"href":"https:\/\/www.jatu.be\/fr\/wp-json\/wp\/v2\/product_cat?post=47397"},{"taxonomy":"product_tag","embeddable":true,"href":"https:\/\/www.jatu.be\/fr\/wp-json\/wp\/v2\/product_tag?post=47397"}],"curies":[{"name":"wp","href":"https:\/\/api.w.org\/{rel}","templated":true}]}}