{"id":47401,"date":"2024-01-10T11:33:35","date_gmt":"2024-01-10T10:33:35","guid":{"rendered":"https:\/\/www.jatu.be\/?post_type=product&#038;p=47401"},"modified":"2026-03-09T09:45:30","modified_gmt":"2026-03-09T08:45:30","slug":"nichoir-horizontal-pour-moineaux","status":"publish","type":"product","link":"https:\/\/www.jatu.be\/fr\/produit\/nichoir-horizontal-pour-moineaux\/","title":{"rendered":"Nichoir horizontal pour moineaux"},"content":{"rendered":"","protected":false},"excerpt":{"rendered":"<ul>\n<li>nichoir pour moineaux avec 5 chambres<\/li>\n<li>Bois durable<\/li>\n<li>Fabriqu\u00e9 localement<\/li>\n<li>Livraison rapide<\/li>\n<\/ul>\n<p>Ce nichoir horizontal pour moineaux <strong>domestiques comporte 5 pi\u00e8ces.<\/strong> Les moineaux domestiques \u00e9tant des reproducteurs coloniaux, ce nichoir permet de faire plusieurs nids. Assurez-vous que <strong>la voie d&rsquo;acc\u00e8s est libre<\/strong> lorsque vous placez le nichoir.<\/p>\n<h2>Comment vont les moineaux?<\/h2>\n<p>Les moineaux se portaient tr\u00e8s bien dans le Benelux jusqu&rsquo;\u00e0 il y a quelques ann\u00e9es, parce qu&rsquo;il y avait plus de haies et que de nombreuses maisons avaient encore de vieux toits et une structure de toit d\u00e9pass\u00e9e.<\/p>\n<p>En raison de la modernisation profonde, il y a <strong>aujourd&rsquo;hui de moins en moins de lieux de nidification appropri\u00e9s<\/strong> pour cet oiseau. Un nichoir \u00e0 moineaux domestiques est le substitut parfait \u00e0 la disparition de ces possibilit\u00e9s de nidification.<\/p>\n<h2>Les moineaux dans votre jardin<\/h2>\n<p>Les ruches \u00e0 moineaux se pr\u00e9sentent sous de nombreuses formes et tailles. L&rsquo;h\u00f4tel des moineaux peut \u00eatre facilement command\u00e9 en ligne. Nous garantissons une livraison rapide dans les quatre jours ouvrables. Avant que vous ne vous en rendiez compte, votre jardin sera plein de vie<\/p>\n<h2>O\u00f9 placer l&rsquo;h\u00f4tel \u00e0 moineaux<\/h2>\n<p>Il est pr\u00e9f\u00e9rable de <strong>placer la ruche colonie pr\u00e8s de coins arbustifs<\/strong> avec des plantes et des arbustes dans un endroit o\u00f9 <strong>les moineaux domestiques sont d\u00e9j\u00e0 pr\u00e9sents dans un rayon de 500 m\u00e8tres.<\/strong> Un arbuste ou un arbre \u00e0 feuilles persistantes \u00e0 proximit\u00e9 du site de nidification peut servir de refuge s\u00fbr. Le nichoir peut \u00eatre accroch\u00e9 sur votre maison ou tout autre b\u00e2timent \u00e0 <strong>une hauteur d&rsquo;au moins deux m\u00e8tres<\/strong> dans un endroit ombrag\u00e9.<\/p>\n<h2>Comment entretenir l&rsquo;h\u00f4tel \u00e0 moineaux ?<\/h2>\n<p>Il est pr\u00e9f\u00e9rable de nettoyer le nichoir une fois par an en automne.<\/p>\n","protected":false},"featured_media":51142,"template":"","meta":{"_acf_changed":false,"inline_featured_image":false,"footnotes":""},"product_cat":[5412],"product_tag":[],"class_list":{"0":"post-47401","1":"product","2":"type-product","3":"status-publish","4":"has-post-thumbnail","6":"product_cat-nichoirs-pour-oiseaux-protection-des-animaux-et-des-niches","8":"first","9":"instock","10":"taxable","11":"shipping-taxable","12":"purchasable","13":"product-type-variable","14":"has-default-attributes"},"acf":{"woocommerce_erp_id":"19181","woocommerce_cnk_id":"203180","product_density":0,"custom_prices":[{"variation_id":"54855","customer_group":"CON","customer_id":"","min_qty":1,"max_qty":9999999,"steps":1,"price":64.46,"price_incl":78,"delivery_group":"DELIVERY"}],"packaging_ids":[{"packaging_name":"Pi\u00e8ce","packaging_id":"7","erp_id":"19181"}],"c_lengte":"","c_breedte":"","c_hoogte":""},"_links":{"self":[{"href":"https:\/\/www.jatu.be\/fr\/wp-json\/wp\/v2\/product\/47401","targetHints":{"allow":["GET"]}}],"collection":[{"href":"https:\/\/www.jatu.be\/fr\/wp-json\/wp\/v2\/product"}],"about":[{"href":"https:\/\/www.jatu.be\/fr\/wp-json\/wp\/v2\/types\/product"}],"version-history":[{"count":4,"href":"https:\/\/www.jatu.be\/fr\/wp-json\/wp\/v2\/product\/47401\/revisions"}],"predecessor-version":[{"id":51634,"href":"https:\/\/www.jatu.be\/fr\/wp-json\/wp\/v2\/product\/47401\/revisions\/51634"}],"wp:featuredmedia":[{"embeddable":true,"href":"https:\/\/www.jatu.be\/fr\/wp-json\/wp\/v2\/media\/51142"}],"wp:attachment":[{"href":"https:\/\/www.jatu.be\/fr\/wp-json\/wp\/v2\/media?parent=47401"}],"wp:term":[{"taxonomy":"product_cat","embeddable":true,"href":"https:\/\/www.jatu.be\/fr\/wp-json\/wp\/v2\/product_cat?post=47401"},{"taxonomy":"product_tag","embeddable":true,"href":"https:\/\/www.jatu.be\/fr\/wp-json\/wp\/v2\/product_tag?post=47401"}],"curies":[{"name":"wp","href":"https:\/\/api.w.org\/{rel}","templated":true}]}}