{"id":47403,"date":"2024-01-10T11:33:38","date_gmt":"2024-01-10T10:33:38","guid":{"rendered":"https:\/\/www.jatu.be\/?post_type=product&#038;p=47403"},"modified":"2026-03-09T09:45:37","modified_gmt":"2026-03-09T08:45:37","slug":"pot-de-coccinelle","status":"publish","type":"product","link":"https:\/\/www.jatu.be\/fr\/produit\/pot-de-coccinelle\/","title":{"rendered":"Pot de Coccinelle"},"content":{"rendered":"","protected":false},"excerpt":{"rendered":"<ul>\n<li>Parfait pour l&rsquo;horticulture ou les potagers<\/li>\n<li>Contr\u00f4le biologique des nuisibles<\/li>\n<li>Attire les oiseaux<\/li>\n<\/ul>\n<p>Ces nids artificiels sont utilis\u00e9s par les insectes comme abris, sites d&rsquo;hivernage et de reproduction.<\/p>\n<h2>La solution naturelle contre les pucerons<\/h2>\n<p>Ces pots \u00e0 coccinelles comme abris pour la faune sont principalement utilis\u00e9s en horticulture ou dans les potagers comme <strong>lutte biologique contre les pucerons et les \u0153ufs de carpocapse.<\/strong> Les coccinelles et les perce-oreilles mangent chaque jour de grandes quantit\u00e9s de pucerons<\/p>\n<p>Ces deux insectes sont eux-m\u00eames au menu de la plupart des oiseaux. Ainsi, les pots profitent en fait \u00e0 une grande partie de la cha\u00eene faunistique du lieu.<\/p>\n<h2>Placement du pot de coccinelle<\/h2>\n<p>Accrochez les nids <strong>aux branches pr\u00e8s des plantes \u00e0 pucerons.<\/strong><\/p>\n<p>Remplissez les deux maisons <strong>de feuilles ou de paille.<\/strong> Il est conseill\u00e9 de poser les <strong>nids sur le sol pendant quelques jours avant de les suspendre.<\/strong> Ils seront ainsi <strong>plus rapidement peupl\u00e9s<\/strong> et pr\u00eats \u00e0 \u00eatre utilis\u00e9s lorsque vous les placerez effectivement. Veillez \u00e0 ce que la paille sortant du pot du perce-oreille touche les branches des plantes \u00e0 pucerons.<\/p>\n","protected":false},"featured_media":51621,"template":"","meta":{"_acf_changed":false,"inline_featured_image":false,"footnotes":""},"product_cat":[5407],"product_tag":[],"class_list":{"0":"post-47403","1":"product","2":"type-product","3":"status-publish","4":"has-post-thumbnail","6":"product_cat-hotel-pour-insectes-protection-des-animaux-et-des-niches","8":"first","9":"instock","10":"taxable","11":"shipping-taxable","12":"purchasable","13":"product-type-variable","14":"has-default-attributes"},"acf":{"woocommerce_erp_id":"19182","woocommerce_cnk_id":"203181","product_density":0,"custom_prices":[{"variation_id":"54856","customer_group":"CON","customer_id":"","min_qty":1,"max_qty":9999999,"steps":1,"price":21.49,"price_incl":26,"delivery_group":"DELIVERY"},{"variation_id":"54856","customer_group":"CON","customer_id":"","min_qty":1,"max_qty":1,"steps":1,"price":21.49,"price_incl":26,"delivery_group":"COLLECT"}],"packaging_ids":[{"packaging_name":"Pi\u00e8ce","packaging_id":"7","erp_id":"19182"}],"c_lengte":"","c_breedte":"","c_hoogte":""},"_links":{"self":[{"href":"https:\/\/www.jatu.be\/fr\/wp-json\/wp\/v2\/product\/47403","targetHints":{"allow":["GET"]}}],"collection":[{"href":"https:\/\/www.jatu.be\/fr\/wp-json\/wp\/v2\/product"}],"about":[{"href":"https:\/\/www.jatu.be\/fr\/wp-json\/wp\/v2\/types\/product"}],"version-history":[{"count":3,"href":"https:\/\/www.jatu.be\/fr\/wp-json\/wp\/v2\/product\/47403\/revisions"}],"predecessor-version":[{"id":51632,"href":"https:\/\/www.jatu.be\/fr\/wp-json\/wp\/v2\/product\/47403\/revisions\/51632"}],"wp:featuredmedia":[{"embeddable":true,"href":"https:\/\/www.jatu.be\/fr\/wp-json\/wp\/v2\/media\/51621"}],"wp:attachment":[{"href":"https:\/\/www.jatu.be\/fr\/wp-json\/wp\/v2\/media?parent=47403"}],"wp:term":[{"taxonomy":"product_cat","embeddable":true,"href":"https:\/\/www.jatu.be\/fr\/wp-json\/wp\/v2\/product_cat?post=47403"},{"taxonomy":"product_tag","embeddable":true,"href":"https:\/\/www.jatu.be\/fr\/wp-json\/wp\/v2\/product_tag?post=47403"}],"curies":[{"name":"wp","href":"https:\/\/api.w.org\/{rel}","templated":true}]}}