{"id":47427,"date":"2024-01-10T11:34:05","date_gmt":"2024-01-10T10:34:05","guid":{"rendered":"https:\/\/www.jatu.be\/?post_type=product&#038;p=47427"},"modified":"2026-03-09T09:47:05","modified_gmt":"2026-03-09T08:47:05","slug":"gravier-colour-mix-6-14","status":"publish","type":"product","link":"https:\/\/www.jatu.be\/fr\/produit\/gravier-colour-mix-6-14\/","title":{"rendered":"Colour Mix 6\/14"},"content":{"rendered":"","protected":false},"excerpt":{"rendered":"<h2>Colour Mix 6\/14 : Ajoutez de la Couleur et de la Vie \u00e0 Votre All\u00e9e, Terrasse ou Chemin<\/h2>\n<p>Le Colour Mix 6\/14 est le choix id\u00e9al pour ceux qui souhaitent am\u00e9nager leur <a href=\"https:\/\/www.jatu.be\/fr\/installation-allee-de-gravier\/\">all\u00e9e<\/a>, terrasse ou sentier avec un magnifique m\u00e9lange de couleurs en granulom\u00e9trie 6\/14 mm. Cette <strong>combinaison unique de bleu, blanc, rouge, beige, jaune et gris<\/strong> ajoute non seulement de la couleur, mais aussi de la vitalit\u00e9 et du style \u00e0 chaque espace ext\u00e9rieur. Avec le Colour Mix 6\/14, cr\u00e9ez une apparence harmonieuse et dynamique qui convient parfaitement aux environnements modernes comme naturels. Ces variations de couleurs donneront vie \u00e0 votre projet et laisseront une impression durable. Optez pour le Colour Mix 6\/14 et profitez d&rsquo;une solution durable et <strong>color\u00e9e qui conf\u00e8re un caract\u00e8re unique \u00e0 chaque projet ext\u00e9rieur<\/strong>.<\/p>\n<h3>Avantages du Colour Mix 6\/14<\/h3>\n<ul>\n<li><strong>Granulom\u00e9trie parfaite pour diff\u00e9rentes applications<\/strong> : Le calibre de 6\/14 mm offre une texture \u00e9quilibr\u00e9e pour les all\u00e9es, <a href=\"https:\/\/www.jatu.be\/fr\/project\/guide-installation-terrasse-en-gravier\/\">terrasses<\/a> et sentiers.<\/li>\n<li><strong>Combinaison de couleurs unique<\/strong> : Un m\u00e9lange qui assure une palette de couleurs vivante et harmonieuse.<\/li>\n<li><strong>Durable et R\u00e9sistant aux intemp\u00e9ries<\/strong> : Ces granulats sont robustes et r\u00e9sistent \u00e0 un usage intensif ainsi qu\u2019aux conditions climatiques variables.<\/li>\n<li><strong>Gravillons durs<\/strong> : Le Colour Mix 6\/14 est compos\u00e9 de <a href=\"https:\/\/www.jatu.be\/fr\/categorie-produit\/gravier-et-galets\/gravier-decoratif-gravier-et-galets\/\">gravillons<\/a> durs, ce qui signifie que les pierres ne se cassent pas sous pression et ne produisent pas de poussi\u00e8re sous les passages. Cela en fait un gravier id\u00e9al pour une utilisation intensive, comme les all\u00e9es et parkings.<\/li>\n<\/ul>\n<h2>Applications du Colour Mix 6\/14<\/h2>\n<ul>\n<li>\n<p><strong>All\u00e9e et Parking<\/strong> : Le Colour Mix 6\/14 est parfait pour am\u00e9nager une all\u00e9e ou un parking solide et color\u00e9. Pour une stabilit\u00e9 accrue, nous recommandons des <a href=\"https:\/\/www.jatu.be\/fr\/produit\/eccogravel-4-cm-blanc\/\">stabilisateurs de gravier blancs de 4 cm<\/a> d&rsquo;\u00e9paisseur, qui s&rsquo;accordent parfaitement aux variations de couleur du Colour Mix, que ce soit \u00e0 sec ou mouill\u00e9. Ces stabilisateurs blancs offrent une finition fra\u00eeche et professionnelle.<\/p>\n<\/li>\n<li>\n<p><strong>Sentiers p\u00e9destres et cyclables<\/strong> : Le Colour Mix 6\/14 constitue une base durable et attrayante pour les sentiers p\u00e9destres et cyclables. Utilisez des <a href=\"https:\/\/www.jatu.be\/fr\/produit\/eccogravel-3-cm-blanc\/\">stabilisateurs de gravier ECCOgravel de 3 cm<\/a> d&rsquo;\u00e9paisseur pour plus de stabilit\u00e9 et une finition soign\u00e9e. Les stabilisateurs blancs cr\u00e9ent un joli fond clair qui met en valeur les couleurs du Colour Mix et forme un ensemble harmonieux.<\/p>\n<\/li>\n<li>\n<p><strong>Bordures d\u00e9coratives et jardins d\u2019ornement<\/strong> : Pour les bordures d\u00e9coratives et jardins d&rsquo;ornement, le Colour Mix 6\/14 est un excellent choix. Placez un g\u00e9otextile <a href=\"https:\/\/www.jatu.be\/fr\/categorie-produit\/anti-racine\/\">anti-racines<\/a> sous le gravier pour emp\u00eacher la pousse ind\u00e9sirable des plantes. Utilisez une couche de gravier de 5 cm pour une couverture optimale. Des <a href=\"https:\/\/www.jatu.be\/fr\/produit\/eccogravel-2-cm-blanc\/\">stabilisateurs de gravier fins<\/a> de 2 cm d&rsquo;\u00e9paisseur en blanc apportent une apparence \u00e9clatante et permettent aux couleurs du Colour Mix de ressortir dans une finition nette.<\/p>\n<\/li>\n<\/ul>\n<h3>Quelle quantit\u00e9 de Colour Mix 6\/14 me faut-il ?<\/h3>\n<p>En fonction de l&rsquo;application, vous aurez besoin d&rsquo;une certaine quantit\u00e9 de gravier Colour Mix. Utilisez notre <a href=\"https:\/\/www.jatu.be\/fr\/calculateur-de-gravier-calculer-quantite\/\">calculateur de gravier<\/a> pour calculer pr\u00e9cis\u00e9ment vos besoins :<\/p>\n<ul>\n<li><strong>Pour les all\u00e9es et parkings<\/strong> : Une couche de <strong>gravier de 5 cm<\/strong> est recommand\u00e9e, soit environ <strong>80 kg\/m\u00b2<\/strong>.<\/li>\n<li><strong>Pour les sentiers p\u00e9destres et cyclables<\/strong> : Une <strong>couche de 4 cm<\/strong> est id\u00e9ale, soit environ <strong>65 kg\/m\u00b2<\/strong>.<\/li>\n<li><strong>Pour les bordures d\u00e9coratives et jardins d\u2019ornement<\/strong> : Avec des stabilisateurs fins, une <strong>couche de 3 cm de gravier (50 kg\/m\u00b2)<\/strong> est suffisante. Si vous utilisez un g\u00e9otextile anti-racines, une couche de 5 cm est parfaite pour une couverture optimale, soit environ 80 kg\/m\u00b2.<\/li>\n<\/ul>\n<h3>Emballages et Options Disponibles<\/h3>\n<p>Le Colour Mix 6\/14 est disponible en :<\/p>\n<ul>\n<li><strong>Big Bags<\/strong> \u2013 Disponibles en 500, 1000 ou 1500 kg, id\u00e9als pour les grandes surfaces.<\/li>\n<li><strong>En vrac \u00e0 partir de 5 tonnes<\/strong> \u2013 Convient aux grands projets tels que les all\u00e9es ou am\u00e9nagements paysagers.<\/li>\n<\/ul>\n<p><strong>Conseil : Profitez de tarifs avantageux lors d\u2019un retrait en vrac \u00e0 partir de 1 tonne !<\/strong><\/p>\n<h2>Options de Livraison<\/h2>\n<p>Pour la livraison, nous proposons des <a href=\"https:\/\/www.jatu.be\/fr\/specifications-de-livraison-jatu-rapide-efficace\/\">sp\u00e9cifications<\/a> : s\u00e9lectionnez simplement en ligne la quantit\u00e9 et l\u2019option de livraison souhait\u00e9e qui conviennent le mieux \u00e0 votre projet. Un retrait est possible dans nos <a href=\"https:\/\/www.jatu.be\/fr\/points-de-collecte\/\">points de collecte<\/a> \u00e0 Wevelgem et Zedelgem. \u00c0 partir de 1 tonne en vrac, b\u00e9n\u00e9ficiez de tarifs avantageux.<\/p>\n","protected":false},"featured_media":49746,"template":"","meta":{"_acf_changed":false,"inline_featured_image":false,"footnotes":""},"product_cat":[5415],"product_tag":[6992],"class_list":{"0":"post-47427","1":"product","2":"type-product","3":"status-publish","4":"has-post-thumbnail","6":"product_cat-gravier-decoratif-gravier-et-galets","7":"product_tag-reduction-cat-2","9":"first","10":"instock","11":"taxable","12":"shipping-taxable","13":"purchasable","14":"product-type-variable","15":"has-default-attributes"},"acf":{"woocommerce_erp_id":"19218","woocommerce_cnk_id":"203217","product_density":1.6,"custom_prices":[{"variation_id":"62622","customer_group":"CON","customer_id":"","min_qty":1,"max_qty":9999999,"steps":1,"price":200.83,"price_incl":243,"delivery_group":"COLLECT"},{"variation_id":"62622","customer_group":"CON","customer_id":"","min_qty":1,"max_qty":9999999,"steps":1,"price":200.83,"price_incl":243,"delivery_group":"DELIVERY"},{"variation_id":"62621","customer_group":"CON","customer_id":"","min_qty":1,"max_qty":9999999,"steps":1,"price":103.31,"price_incl":125,"delivery_group":"COLLECT"},{"variation_id":"62621","customer_group":"CON","customer_id":"","min_qty":1,"max_qty":9999999,"steps":1,"price":103.31,"price_incl":125,"delivery_group":"DELIVERY"},{"variation_id":"62623","customer_group":"CON","customer_id":"","min_qty":1,"max_qty":9999999,"steps":1,"price":300,"price_incl":363,"delivery_group":"COLLECT"},{"variation_id":"62623","customer_group":"CON","customer_id":"","min_qty":1,"max_qty":9999999,"steps":1,"price":300,"price_incl":363,"delivery_group":"DELIVERY"},{"variation_id":"48685","customer_group":"CON","customer_id":"","min_qty":1,"max_qty":9999999,"steps":0.1,"price":181.82,"price_incl":220,"delivery_group":"COLLECT"},{"variation_id":"48685","customer_group":"CON","customer_id":"","min_qty":5,"max_qty":9999999,"steps":0.1,"price":181.82,"price_incl":220,"delivery_group":"DELIVERY"}],"packaging_ids":[{"packaging_name":"En vrac (\u00e0 partir de tonnes)","packaging_id":"10","erp_id":"19218"},{"packaging_name":"Big bag 500 kg","packaging_id":"3","erp_id":"19608"},{"packaging_name":"Big bag 1000 kg","packaging_id":"2","erp_id":"19609"},{"packaging_name":"Big bag 1500 kg","packaging_id":"4","erp_id":"19610"}],"c_lengte":"","c_breedte":"","c_hoogte":""},"_links":{"self":[{"href":"https:\/\/www.jatu.be\/fr\/wp-json\/wp\/v2\/product\/47427","targetHints":{"allow":["GET"]}}],"collection":[{"href":"https:\/\/www.jatu.be\/fr\/wp-json\/wp\/v2\/product"}],"about":[{"href":"https:\/\/www.jatu.be\/fr\/wp-json\/wp\/v2\/types\/product"}],"version-history":[{"count":12,"href":"https:\/\/www.jatu.be\/fr\/wp-json\/wp\/v2\/product\/47427\/revisions"}],"predecessor-version":[{"id":62657,"href":"https:\/\/www.jatu.be\/fr\/wp-json\/wp\/v2\/product\/47427\/revisions\/62657"}],"wp:featuredmedia":[{"embeddable":true,"href":"https:\/\/www.jatu.be\/fr\/wp-json\/wp\/v2\/media\/49746"}],"wp:attachment":[{"href":"https:\/\/www.jatu.be\/fr\/wp-json\/wp\/v2\/media?parent=47427"}],"wp:term":[{"taxonomy":"product_cat","embeddable":true,"href":"https:\/\/www.jatu.be\/fr\/wp-json\/wp\/v2\/product_cat?post=47427"},{"taxonomy":"product_tag","embeddable":true,"href":"https:\/\/www.jatu.be\/fr\/wp-json\/wp\/v2\/product_tag?post=47427"}],"curies":[{"name":"wp","href":"https:\/\/api.w.org\/{rel}","templated":true}]}}