{"id":47429,"date":"2024-01-10T11:34:07","date_gmt":"2024-01-10T10:34:07","guid":{"rendered":"https:\/\/www.jatu.be\/?post_type=product&#038;p=47429"},"modified":"2026-03-09T09:47:13","modified_gmt":"2026-03-09T08:47:13","slug":"acheter-gravier-panda-8-12","status":"publish","type":"product","link":"https:\/\/www.jatu.be\/fr\/produit\/acheter-gravier-panda-8-12\/","title":{"rendered":"Gravier de Panda 8\/12"},"content":{"rendered":"","protected":false},"excerpt":{"rendered":"<h2>Gravier Panda 8\/12 &#8211; Donnez vie \u00e0 votre jardin !<\/h2>\n<p>Donnez \u00e0 votre jardin une apparence unique avec notre gravier Panda 8\/12. C&rsquo;est un magnifique m\u00e9lange de tons blancs et fonc\u00e9s. Les <a href=\"https:\/\/www.jatu.be\/fr\/categorie-produit\/gravier-et-galets\/?pa_korrelgrootte=0-100&amp;pa_kleur%5B%5D=6453\">pierres blanches<\/a> contiennent une subtile cristallisation, qui cr\u00e9e une scintillation \u00e9clatante lorsque le soleil les \u00e9claire. La teinte fonc\u00e9e provient du basalte, une roche extr\u00eamement solide. Le contraste entre ces deux couleurs cr\u00e9e un aspect \u00e9poustouflant et \u00e9l\u00e9gant. Cela rend le gravier Panda parfait pour tout projet de jardin.<\/p>\n<p>Imaginez : lors d&rsquo;une journ\u00e9e ensoleill\u00e9e, les rayons du soleil se refl\u00e8tent sur les pierres. Cela donne vie \u00e0 votre jardin avec des scintillements qui conf\u00e8rent une touche luxueuse \u00e0 votre espace ext\u00e9rieur.<\/p>\n<h3>Avantages du Gravier Panda 8\/12:<\/h3>\n<ul>\n<li>\n<p><strong>M\u00e9lange unique<\/strong> : Le contraste entre les pierres fonc\u00e9es en basalte et les pierres blanches avec cristallisation offre un aspect \u00e9l\u00e9gant et intemporel qui rehausse chaque jardin.<\/p>\n<\/li>\n<li>\n<p><strong>Durable et facile \u00e0 entretenir<\/strong> : Le basalte est extr\u00eamement r\u00e9sistant et durable, ce qui le rend id\u00e9al pour les surfaces fr\u00e9quemment utilis\u00e9es comme les <a href=\"https:\/\/www.jatu.be\/fr\/project\/manuel-instruction-allee-de-jardin-gravier\/\">sentiers<\/a> et les terrasses. Vous n&rsquo;avez pas \u00e0 vous soucier des dommages ou de la d\u00e9coloration.<\/p>\n<\/li>\n<li>\n<p><strong>Applications polyvalentes<\/strong> : Que ce soit pour des all\u00e9es, des terrasses, des chemins ou comme d\u00e9coration dans les bordures, le gravier Panda 8\/12 est le choix parfait pour chaque utilisation.<\/p>\n<\/li>\n<li>\n<p><strong>R\u00e9flexions lumineuses esth\u00e9tiques<\/strong> : Les cristaux des pierres blanches cr\u00e9ent de magnifiques reflets lumineux lorsque le soleil les touche, donnant \u00e0 votre jardin un aspect dynamique et luxueux.<\/p>\n<\/li>\n<\/ul>\n<h2>Applications du Gravier Panda 8\/12<\/h2>\n<p>Le gravier Panda est id\u00e9al pour diverses applications autour de votre maison. Que vous souhaitiez cr\u00e9er une all\u00e9e \u00e9pur\u00e9e, une terrasse \u00e9l\u00e9gante ou ajouter des \u00e9l\u00e9ments d\u00e9coratifs \u00e0 votre jardin, le gravier Panda 8\/12 s\u2019adapte \u00e0 tout. Voici quelques suggestions :<\/p>\n<ul>\n<li>All\u00e9es et <a href=\"https:\/\/www.jatu.be\/fr\/project\/calculateur-allee-de-gravier\/\">parkings<\/a><\/li>\n<li>Terrasses et chemins de jardin<\/li>\n<li>Bordures d\u00e9coratives et parterres de fleurs<\/li>\n<\/ul>\n<p>En plus de ses avantages esth\u00e9tiques, le gravier Panda est \u00e9galement fonctionnel : il offre une base stable et facile \u00e0 entretenir que vous pouvez utiliser pendant des ann\u00e9es sans probl\u00e8me.<\/p>\n<h3>De combien de gravier avez-vous besoin ?<\/h3>\n<p>La quantit\u00e9 de gravier n\u00e9cessaire d\u00e9pend de l&rsquo;utilisation de <strong>stabilisateurs de gravier<\/strong> et de l&rsquo;\u00e9paisseur souhait\u00e9e de la couche. Voici quelques lignes directrices simples :<\/p>\n<ul>\n<li><a href=\"https:\/\/www.jatu.be\/fr\/produit\/eccogravel-4-cm-blanc\/\">Stabilisateurs de gravier de 4 cm<\/a> : Pour une couche de 5 cm de gravier, vous avez besoin d&rsquo;environ <strong>80 kg par m\u00b2<\/strong>.<\/li>\n<li><a href=\"https:\/\/www.jatu.be\/fr\/produit\/eccogravel-3-cm-blanc\/\">Stabilisateurs de gravier de 3 cm<\/a> : Pour une couche de 4 cm, cela correspond \u00e0 environ <strong>65 kg par m\u00b2<\/strong>.<\/li>\n<li><a href=\"https:\/\/www.jatu.be\/fr\/produit\/eccogravel-2-cm-blanc\/\">Stabilisateurs de gravier de 2 cm<\/a> : Pour une couche de 3 cm, vous aurez besoin d&rsquo;environ <strong>50 kg par m\u00b2<\/strong>.<\/li>\n<\/ul>\n<p>Vous n&rsquo;\u00eates pas s\u00fbr de la quantit\u00e9 exacte de gravier dont vous avez besoin ? Utilisez notre <a href=\"https:\/\/www.jatu.be\/fr\/calculateur-de-gravier-calculer-quantite\/\">calculateur de gravier<\/a>\u00a0pratique pour calculer en quelques clics la quantit\u00e9 exacte n\u00e9cessaire pour votre projet. Ainsi, vous commandez toujours la bonne quantit\u00e9, sans gaspillage !<\/p>\n<h3>Emballages et granulom\u00e9tries<\/h3>\n<p>Pour vous assurer d&rsquo;obtenir la quantit\u00e9 exacte dont vous avez besoin, nous proposons le gravier Panda 8\/12 dans diff\u00e9rents emballages :<\/p>\n<ul>\n<li><strong>En vrac<\/strong> : Disponible \u00e0 partir de 5 tonnes, id\u00e9al pour les grands projets.<\/li>\n<li><strong>Big Bags<\/strong> : Disponibles en 500 kg, 1000 kg et 1500 kg.<\/li>\n<li><strong>Sacs<\/strong> : Pour les petits projets, vous pouvez \u00e9galement obtenir le gravier Panda en sacs de 25 kg. Cette option comprend deux types de gravier distincts, que vous pouvez m\u00e9langer vous-m\u00eame pour une composition unique.<\/li>\n<\/ul>\n<p><b>Conseil<\/b>: Commandez \u00e0 prix avantageux d\u00e8s 0,5 tonne en vrac \u00e0 emporter !<\/p>\n<h2>Livraison rapide et retrait<\/h2>\n<p>Commander est simple et rapide. En quelques clics, vous pouvez recevoir le gravier Panda 8\/12 chez vous, selon les <a href=\"https:\/\/www.jatu.be\/fr\/specifications-de-livraison-jatu-rapide-efficace\/\">sp\u00e9cifications de livraison<\/a> choisies. Nous livrons partout en Belgique en quatre jours ouvrables. Vous pr\u00e9f\u00e9rez venir chercher votre commande ? C\u2019est possible dans nos \u00a0<a href=\"https:\/\/www.jatu.be\/fr\/points-de-collecte\/\">points de retrait<\/a>, \u00e0 partir de 25 kg.<\/p>\n<p><strong>Commandez maintenant votre gravier Panda et donnez \u00e0 votre jardin une apparence \u00e9l\u00e9gante, durable et luxueuse !<\/strong><\/p>\n","protected":false},"featured_media":58842,"template":"","meta":{"_acf_changed":false,"inline_featured_image":false,"footnotes":""},"product_cat":[5415],"product_tag":[6992],"class_list":{"0":"post-47429","1":"product","2":"type-product","3":"status-publish","4":"has-post-thumbnail","6":"product_cat-gravier-decoratif-gravier-et-galets","7":"product_tag-reduction-cat-2","9":"first","10":"instock","11":"taxable","12":"shipping-taxable","13":"purchasable","14":"product-type-variable","15":"has-default-attributes"},"acf":{"woocommerce_erp_id":"19220","woocommerce_cnk_id":"203219","product_density":1.6,"custom_prices":[{"variation_id":"58957","customer_group":"CON","customer_id":"","min_qty":1,"max_qty":9999999,"steps":1,"price":236.36,"price_incl":286,"delivery_group":"COLLECT"},{"variation_id":"58957","customer_group":"CON","customer_id":"","min_qty":1,"max_qty":9999999,"steps":1,"price":236.36,"price_incl":286,"delivery_group":"DELIVERY"},{"variation_id":"58956","customer_group":"CON","customer_id":"","min_qty":1,"max_qty":9999999,"steps":1,"price":126.45,"price_incl":153,"delivery_group":"COLLECT"},{"variation_id":"58956","customer_group":"CON","customer_id":"","min_qty":1,"max_qty":9999999,"steps":1,"price":126.45,"price_incl":153,"delivery_group":"DELIVERY"},{"variation_id":"58958","customer_group":"CON","customer_id":"","min_qty":1,"max_qty":9999999,"steps":1,"price":342.15,"price_incl":414,"delivery_group":"COLLECT"},{"variation_id":"58958","customer_group":"CON","customer_id":"","min_qty":1,"max_qty":9999999,"steps":1,"price":342.15,"price_incl":414,"delivery_group":"DELIVERY"},{"variation_id":"54857","customer_group":"CON","customer_id":"","min_qty":0.5,"max_qty":9999999,"steps":0.1,"price":210.74,"price_incl":255,"delivery_group":"COLLECT"},{"variation_id":"54857","customer_group":"CON","customer_id":"","min_qty":5,"max_qty":9999999,"steps":0.1,"price":210.74,"price_incl":255,"delivery_group":"DELIVERY"}],"packaging_ids":[{"packaging_name":"En vrac (\u00e0 partir de tonnes)","packaging_id":"10","erp_id":"19220"},{"packaging_name":"Big bag 500 kg","packaging_id":"3","erp_id":"19569"},{"packaging_name":"Big bag 1000 kg","packaging_id":"2","erp_id":"19570"},{"packaging_name":"Big bag 1500 kg","packaging_id":"4","erp_id":"19571"}],"c_lengte":"","c_breedte":"","c_hoogte":""},"_links":{"self":[{"href":"https:\/\/www.jatu.be\/fr\/wp-json\/wp\/v2\/product\/47429","targetHints":{"allow":["GET"]}}],"collection":[{"href":"https:\/\/www.jatu.be\/fr\/wp-json\/wp\/v2\/product"}],"about":[{"href":"https:\/\/www.jatu.be\/fr\/wp-json\/wp\/v2\/types\/product"}],"version-history":[{"count":6,"href":"https:\/\/www.jatu.be\/fr\/wp-json\/wp\/v2\/product\/47429\/revisions"}],"predecessor-version":[{"id":63307,"href":"https:\/\/www.jatu.be\/fr\/wp-json\/wp\/v2\/product\/47429\/revisions\/63307"}],"wp:featuredmedia":[{"embeddable":true,"href":"https:\/\/www.jatu.be\/fr\/wp-json\/wp\/v2\/media\/58842"}],"wp:attachment":[{"href":"https:\/\/www.jatu.be\/fr\/wp-json\/wp\/v2\/media?parent=47429"}],"wp:term":[{"taxonomy":"product_cat","embeddable":true,"href":"https:\/\/www.jatu.be\/fr\/wp-json\/wp\/v2\/product_cat?post=47429"},{"taxonomy":"product_tag","embeddable":true,"href":"https:\/\/www.jatu.be\/fr\/wp-json\/wp\/v2\/product_tag?post=47429"}],"curies":[{"name":"wp","href":"https:\/\/api.w.org\/{rel}","templated":true}]}}