{"id":47437,"date":"2024-01-10T11:34:16","date_gmt":"2024-01-10T10:34:16","guid":{"rendered":"https:\/\/www.jatu.be\/?post_type=product&#038;p=47437"},"modified":"2026-03-09T09:47:34","modified_gmt":"2026-03-09T08:47:34","slug":"bol-a-feu-en-acier-corten-diablo-5-tailles","status":"publish","type":"product","link":"https:\/\/www.jatu.be\/fr\/produit\/bol-a-feu-en-acier-corten-diablo-5-tailles\/","title":{"rendered":"Bol \u00e0 feu en acier Corten Diablo &#8211; 5 tailles"},"content":{"rendered":"","protected":false},"excerpt":{"rendered":"<h2>Acheter le Bol de feu de jardin en acier corten<\/h2>\n<p>Il vous suffit de <strong>commander votre Bol de feu<\/strong> en ligne aujourd&rsquo;hui pour qu&rsquo;il soit <strong>livr\u00e9 \u00e0 votre domicile gratuite<\/strong> dans un <strong>d\u00e9lai de 4 jours<\/strong> ouvrables. Non seulement vous voulez qu&rsquo;il soit chaud et confortable, mais vous aimez aussi cuisiner sur le feu? Jetez ensuite un coup d&rsquo;\u0153il \u00e0 la plaque de gril pour le feu de jardin Diablo.<\/p>\n<p>Les bols \u00e0 feu Diablo ajoutent de la convivialit\u00e9 \u00e0 tout jardin. De plus, ils sont fabriqu\u00e9s en v\u00e9ritable acier Corten et non en acier ordinaire comme de nombreux autres mod\u00e8les sur le march\u00e9.<\/p>\n<h2>Bol de feu en corten de 60 \u00e0 150 cm de diam\u00e8tre<\/h2>\n<p>Le bol \u00e0 feu Diablo est un \u00e9l\u00e9ment de feu \u00e9l\u00e9gant fabriqu\u00e9 en acier Corten 100 % pur de classe A. C&rsquo;est la combinaison parfaite entre r\u00e9sistance et durabilit\u00e9. Gr\u00e2ce \u00e0 son mod\u00e8le classique, il se pr\u00eate parfaitement aux jardins modernes et classiques. Disponible en 5 tailles diff\u00e9rentes :<\/p>\n<ul>\n<li>Diam\u00e8tre 60 cm sur 8 cm de haut, 2 mm \u00e9paisseur<\/li>\n<li>Diam\u00e8tre 80 cm sur 10,7 cm de haut, 2 mm \u00e9paisseur<\/li>\n<li>Diam\u00e8tre 100 cm \u00e0 13,4 cm de hauteur, 3 mm \u00e9paisseur<\/li>\n<li>Diam\u00e8tre 120 cm \u00e0 16,1 cm de hauteur, 4 mm \u00e9paisseur<\/li>\n<li>Diam\u00e8tre 150 cm \u00e0 20,1 cm de hauteur, 4 mm \u00e9paisseur<\/li>\n<\/ul>\n","protected":false},"featured_media":50816,"template":"","meta":{"_acf_changed":false,"inline_featured_image":false,"footnotes":""},"product_cat":[4894,4881],"product_tag":[],"class_list":{"0":"post-47437","1":"product","2":"type-product","3":"status-publish","4":"has-post-thumbnail","6":"product_cat-gravier-stabilisateurs-de-gravier","7":"product_cat-default","9":"first","10":"instock","11":"taxable","12":"shipping-taxable","13":"purchasable","14":"product-type-variable","15":"has-default-attributes"},"acf":{"woocommerce_erp_id":"19226","woocommerce_cnk_id":"203225","product_density":1,"custom_prices":[{"variation_id":"47846","customer_group":"CON","customer_id":"","min_qty":1,"max_qty":9999999,"steps":1,"price":76.03,"price_incl":92,"delivery_group":"DELIVERY"},{"variation_id":"47883","customer_group":"CON","customer_id":"","min_qty":1,"max_qty":9999999,"steps":1,"price":115.7,"price_incl":140,"delivery_group":"DELIVERY"},{"variation_id":"47899","customer_group":"CON","customer_id":"","min_qty":1,"max_qty":9999999,"steps":1,"price":198.35,"price_incl":240,"delivery_group":"DELIVERY"},{"variation_id":"47906","customer_group":"CON","customer_id":"","min_qty":1,"max_qty":9999999,"steps":1,"price":280.99,"price_incl":340,"delivery_group":"DELIVERY"},{"variation_id":"47912","customer_group":"CON","customer_id":"","min_qty":1,"max_qty":9999999,"steps":1,"price":446.28,"price_incl":540,"delivery_group":"DELIVERY"}],"packaging_ids":[{"packaging_name":"Diam\u00e8tre 60 cm","packaging_id":"15","erp_id":"19226"},{"packaging_name":"Diam\u00e8tre 80 cm","packaging_id":"16","erp_id":"19227"},{"packaging_name":"Diam\u00e8tre 100 cm","packaging_id":"17","erp_id":"19228"},{"packaging_name":"Diam\u00e8tre 120 cm","packaging_id":"18","erp_id":"19229"},{"packaging_name":"Diam\u00e8tre 150 cm","packaging_id":"19","erp_id":"19230"}],"c_lengte":"","c_breedte":"","c_hoogte":""},"_links":{"self":[{"href":"https:\/\/www.jatu.be\/fr\/wp-json\/wp\/v2\/product\/47437","targetHints":{"allow":["GET"]}}],"collection":[{"href":"https:\/\/www.jatu.be\/fr\/wp-json\/wp\/v2\/product"}],"about":[{"href":"https:\/\/www.jatu.be\/fr\/wp-json\/wp\/v2\/types\/product"}],"version-history":[{"count":1,"href":"https:\/\/www.jatu.be\/fr\/wp-json\/wp\/v2\/product\/47437\/revisions"}],"predecessor-version":[{"id":50818,"href":"https:\/\/www.jatu.be\/fr\/wp-json\/wp\/v2\/product\/47437\/revisions\/50818"}],"wp:featuredmedia":[{"embeddable":true,"href":"https:\/\/www.jatu.be\/fr\/wp-json\/wp\/v2\/media\/50816"}],"wp:attachment":[{"href":"https:\/\/www.jatu.be\/fr\/wp-json\/wp\/v2\/media?parent=47437"}],"wp:term":[{"taxonomy":"product_cat","embeddable":true,"href":"https:\/\/www.jatu.be\/fr\/wp-json\/wp\/v2\/product_cat?post=47437"},{"taxonomy":"product_tag","embeddable":true,"href":"https:\/\/www.jatu.be\/fr\/wp-json\/wp\/v2\/product_tag?post=47437"}],"curies":[{"name":"wp","href":"https:\/\/api.w.org\/{rel}","templated":true}]}}