{"id":47441,"date":"2024-01-10T11:34:21","date_gmt":"2024-01-10T10:34:21","guid":{"rendered":"https:\/\/www.jatu.be\/?post_type=product&#038;p=47441"},"modified":"2026-03-09T09:47:47","modified_gmt":"2026-03-09T08:47:47","slug":"plaque-de-gril-pour-foyer-diablo-5-tailles","status":"publish","type":"product","link":"https:\/\/www.jatu.be\/fr\/produit\/plaque-de-gril-pour-foyer-diablo-5-tailles\/","title":{"rendered":"Plaque de gril pour foyer Diablo &#8211; 5 tailles"},"content":{"rendered":"","protected":false},"excerpt":{"rendered":"<h2>Acheter une plaque de gril pour feu de jardin<\/h2>\n<p>Avec cette <strong>plaque de cuisson Geroba Bowli<\/strong>, vous pouvez faire de votre foyer de jardin la pi\u00e8ce ma\u00eetresse multifonctionnelle de votre jardin. Il suffit de commander cette plaque en ligne et nous la <strong>livrerons gratuitement dans un d\u00e9lai de quatre jours<\/strong> ouvrables partout en Belgique.<\/p>\n<h2>Plaque Bowli pour chaque feu de jardin<\/h2>\n<p>Cette plaque de gril Bowli est faite sur mesure pour <a href=\"https:\/\/www.jatu.be\/fr\/produit\/bol-a-feu-en-acier-corten-diablo-5-tailles\/\" target=\"_blank\" rel=\"noopener noreferrer\">le bol \u00e0 feu Diablo<\/a>. Gr\u00e2ce \u00e0 sa solide \u00e9paisseur de 4 mm, cette plaque de gril en acier dure tr\u00e8s longtemps. Facilement lavable et gr\u00e2ce \u00e0 ses nombreuses tailles, il peut \u00e9galement \u00eatre combin\u00e9 avec d&rsquo;autres mod\u00e8les de bols \u00e0 feu. Il est pr\u00e9f\u00e9rable de le ranger \u00e0 l&rsquo;int\u00e9rieur apr\u00e8s utilisation pour une dur\u00e9e de vie optimale.<\/p>\n<p><strong>Dimensions:<\/strong><\/p>\n<ul>\n<li>Diam\u00e8tre 60 cm, \u00e9paisseur 4 mm<\/li>\n<li>Diam\u00e8tre 80 cm, \u00e9paisseur 4 mm<\/li>\n<li>Diam\u00e8tre de 100 cm, \u00e9paisseur de 4 mm<\/li>\n<li>Diam\u00e8tre 120 cm, \u00e9paisseur 4 mm<\/li>\n<li>Diam\u00e8tre 150cm, \u00e9paisseur 4mm<\/li>\n<\/ul>\n<p>Commandez en ligne aujourd&rsquo;hui et nous vous livrerons ce gril gratuitement dans les quatre jours ouvrables suivant la confirmation de la commande.<\/p>\n","protected":false},"featured_media":50835,"template":"","meta":{"_acf_changed":false,"inline_featured_image":false,"footnotes":""},"product_cat":[4894,4881],"product_tag":[],"class_list":{"0":"post-47441","1":"product","2":"type-product","3":"status-publish","4":"has-post-thumbnail","6":"product_cat-gravier-stabilisateurs-de-gravier","7":"product_cat-default","9":"first","10":"instock","11":"taxable","12":"shipping-taxable","13":"purchasable","14":"product-type-variable","15":"has-default-attributes"},"acf":{"woocommerce_erp_id":"19236","woocommerce_cnk_id":"203235","product_density":1,"custom_prices":[{"variation_id":"54860","customer_group":"CON","customer_id":"","min_qty":1,"max_qty":9999999,"steps":1,"price":109.09,"price_incl":132,"delivery_group":"DELIVERY"},{"variation_id":"54861","customer_group":"CON","customer_id":"","min_qty":1,"max_qty":9999999,"steps":1,"price":142.15,"price_incl":172,"delivery_group":"DELIVERY"},{"variation_id":"54862","customer_group":"CON","customer_id":"","min_qty":1,"max_qty":9999999,"steps":1,"price":190.08,"price_incl":230,"delivery_group":"DELIVERY"},{"variation_id":"54863","customer_group":"CON","customer_id":"","min_qty":1,"max_qty":9999999,"steps":1,"price":257.85,"price_incl":312,"delivery_group":"DELIVERY"},{"variation_id":"54864","customer_group":"CON","customer_id":"","min_qty":1,"max_qty":9999999,"steps":1,"price":373.55,"price_incl":452,"delivery_group":"DELIVERY"}],"packaging_ids":[{"packaging_name":"Diam\u00e8tre 60 cm","packaging_id":"15","erp_id":"19236"},{"packaging_name":"Diam\u00e8tre 80 cm","packaging_id":"16","erp_id":"19237"},{"packaging_name":"Diam\u00e8tre 100 cm","packaging_id":"17","erp_id":"19238"},{"packaging_name":"Diam\u00e8tre 120 cm","packaging_id":"18","erp_id":"19239"},{"packaging_name":"Diam\u00e8tre 150 cm","packaging_id":"19","erp_id":"19240"}],"c_lengte":"","c_breedte":"","c_hoogte":""},"_links":{"self":[{"href":"https:\/\/www.jatu.be\/fr\/wp-json\/wp\/v2\/product\/47441","targetHints":{"allow":["GET"]}}],"collection":[{"href":"https:\/\/www.jatu.be\/fr\/wp-json\/wp\/v2\/product"}],"about":[{"href":"https:\/\/www.jatu.be\/fr\/wp-json\/wp\/v2\/types\/product"}],"version-history":[{"count":2,"href":"https:\/\/www.jatu.be\/fr\/wp-json\/wp\/v2\/product\/47441\/revisions"}],"predecessor-version":[{"id":57502,"href":"https:\/\/www.jatu.be\/fr\/wp-json\/wp\/v2\/product\/47441\/revisions\/57502"}],"wp:featuredmedia":[{"embeddable":true,"href":"https:\/\/www.jatu.be\/fr\/wp-json\/wp\/v2\/media\/50835"}],"wp:attachment":[{"href":"https:\/\/www.jatu.be\/fr\/wp-json\/wp\/v2\/media?parent=47441"}],"wp:term":[{"taxonomy":"product_cat","embeddable":true,"href":"https:\/\/www.jatu.be\/fr\/wp-json\/wp\/v2\/product_cat?post=47441"},{"taxonomy":"product_tag","embeddable":true,"href":"https:\/\/www.jatu.be\/fr\/wp-json\/wp\/v2\/product_tag?post=47441"}],"curies":[{"name":"wp","href":"https:\/\/api.w.org\/{rel}","templated":true}]}}