{"id":47457,"date":"2024-01-10T11:34:39","date_gmt":"2024-01-10T10:34:39","guid":{"rendered":"https:\/\/www.jatu.be\/?post_type=product&#038;p=47457"},"modified":"2026-03-09T09:48:04","modified_gmt":"2026-03-09T08:48:04","slug":"support-de-foyer-pour-diablo-reposa-3-tailles","status":"publish","type":"product","link":"https:\/\/www.jatu.be\/fr\/produit\/support-de-foyer-pour-diablo-reposa-3-tailles\/","title":{"rendered":"Support de foyer pour Diablo &#8211; Reposa 3 tailles"},"content":{"rendered":"","protected":false},"excerpt":{"rendered":"<ul>\n<li>Compatible avec <a href=\"https:\/\/www.jatu.be\/fr\/produit\/bol-a-feu-en-acier-corten-diablo-5-tailles\/\" target=\"_blank\" rel=\"noopener noreferrer\">le bol de feu Diablo<\/a><\/li>\n<li>Exp\u00e9dition gratuite<\/li>\n<li>Acier corten classe A<\/li>\n<li>R\u00e9sistant aux UV et au gel<\/li>\n<li>100% recyclable<\/li>\n<\/ul>\n<h2>Acheter support de bras\u00e9ro en acier Corten<\/h2>\n<p>Avec le support de bras\u00e9ro Reposa, vous choisissez un design intemporel pour la finition de votre bol de feu Diablo. Ce support de bras\u00e9ro est fabriqu\u00e9 en acier corten de classe A 100% pur. Pas en acier ordinaire comme de nombreux autres mod\u00e8les sur le march\u00e9.<\/p>\n<p>Achetez ce support de bras\u00e9ro avec votre bol de feu Diablo et nous vous le <strong>livrerons gratuitement<\/strong> dans les <strong>quatre jours<\/strong> ouvrables. Si vous pr\u00e9f\u00e9rez un support de bras\u00e9ro de jardin plus subtil, jetez un coup d&rsquo;\u0153il au support de coupe-feu de jardin Rido.<\/p>\n<p>Les supports de bras\u00e9ros Reposa en acier Corten sont disponibles en 3 tailles diff\u00e9rentes. Ainsi, pour chaque taille de la coupe Diablo (ou d&rsquo;autres mod\u00e8les), il existe un pied disponible. Vous pouvez choisir entre :<\/p>\n<ul>\n<li>35cm de large, 35cm de long et 30cm de haut<\/li>\n<li>50cm de large, 50cm de long et 42,3cm de haut<\/li>\n<li>65cm de large, 65cm de long et 54,5cm de haut<\/li>\n<\/ul>\n<p>Alors n&rsquo;h\u00e9sitez plus et choisissez la bonne finition pour votre \u00e9l\u00e9ment de feu!<\/p>\n","protected":false},"featured_media":50848,"template":"","meta":{"_acf_changed":false,"inline_featured_image":false,"footnotes":""},"product_cat":[4894,4881],"product_tag":[],"class_list":{"0":"post-47457","1":"product","2":"type-product","3":"status-publish","4":"has-post-thumbnail","6":"product_cat-gravier-stabilisateurs-de-gravier","7":"product_cat-default","9":"first","10":"instock","11":"taxable","12":"shipping-taxable","13":"purchasable","14":"product-type-variable","15":"has-default-attributes"},"acf":{"woocommerce_erp_id":"19244","woocommerce_cnk_id":"203243","product_density":1,"custom_prices":[{"variation_id":"54868","customer_group":"CON","customer_id":"","min_qty":1,"max_qty":9999999,"steps":1,"price":109.09,"price_incl":132,"delivery_group":"DELIVERY"},{"variation_id":"54869","customer_group":"CON","customer_id":"","min_qty":1,"max_qty":9999999,"steps":1,"price":125.62,"price_incl":152,"delivery_group":"DELIVERY"},{"variation_id":"54870","customer_group":"CON","customer_id":"","min_qty":1,"max_qty":9999999,"steps":1,"price":142.15,"price_incl":172,"delivery_group":"DELIVERY"}],"packaging_ids":[{"packaging_name":"35 sur 35cm, 30cm de haut","packaging_id":"22","erp_id":"19244"},{"packaging_name":"50 sur 50cm, 42.3cm de haut","packaging_id":"23","erp_id":"19245"},{"packaging_name":"65 sur 65cm, 54.5cm de haut","packaging_id":"24","erp_id":"19246"}],"c_lengte":"","c_breedte":"","c_hoogte":""},"_links":{"self":[{"href":"https:\/\/www.jatu.be\/fr\/wp-json\/wp\/v2\/product\/47457","targetHints":{"allow":["GET"]}}],"collection":[{"href":"https:\/\/www.jatu.be\/fr\/wp-json\/wp\/v2\/product"}],"about":[{"href":"https:\/\/www.jatu.be\/fr\/wp-json\/wp\/v2\/types\/product"}],"version-history":[{"count":2,"href":"https:\/\/www.jatu.be\/fr\/wp-json\/wp\/v2\/product\/47457\/revisions"}],"predecessor-version":[{"id":57512,"href":"https:\/\/www.jatu.be\/fr\/wp-json\/wp\/v2\/product\/47457\/revisions\/57512"}],"wp:featuredmedia":[{"embeddable":true,"href":"https:\/\/www.jatu.be\/fr\/wp-json\/wp\/v2\/media\/50848"}],"wp:attachment":[{"href":"https:\/\/www.jatu.be\/fr\/wp-json\/wp\/v2\/media?parent=47457"}],"wp:term":[{"taxonomy":"product_cat","embeddable":true,"href":"https:\/\/www.jatu.be\/fr\/wp-json\/wp\/v2\/product_cat?post=47457"},{"taxonomy":"product_tag","embeddable":true,"href":"https:\/\/www.jatu.be\/fr\/wp-json\/wp\/v2\/product_tag?post=47457"}],"curies":[{"name":"wp","href":"https:\/\/api.w.org\/{rel}","templated":true}]}}