{"id":47459,"date":"2024-01-10T11:34:41","date_gmt":"2024-01-10T10:34:41","guid":{"rendered":"https:\/\/www.jatu.be\/?post_type=product&#038;p=47459"},"modified":"2026-03-09T09:48:10","modified_gmt":"2026-03-09T08:48:10","slug":"support-de-foyer-pour-diablo-anneaux-rido-3-tailles","status":"publish","type":"product","link":"https:\/\/www.jatu.be\/fr\/produit\/support-de-foyer-pour-diablo-anneaux-rido-3-tailles\/","title":{"rendered":"Support de foyer pour Diablo &#8211; anneaux Rido 3 tailles"},"content":{"rendered":"","protected":false},"excerpt":{"rendered":"<ul>\n<li>Compatible avec le <a href=\"https:\/\/www.jatu.be\/fr\/produit\/bol-a-feu-en-acier-corten-diablo-5-tailles\/\" target=\"_blank\" rel=\"noopener noreferrer\">bol de feu Diablo<\/a><\/li>\n<li>Acier corten classe A<\/li>\n<li>R\u00e9sistant aux UV et au gel<\/li>\n<li>100% recyclable<\/li>\n<\/ul>\n<h2>Acheter un support de bol de feu de jardin en forme d&rsquo;anneau<\/h2>\n<p>Le support Rido bol de feu est un mod\u00e8le classique en forme d&rsquo;anneau qui place votre Diablo bol de feu \u00e0 la bonne hauteur de mani\u00e8re \u00e9l\u00e9gante et stable. Ce mod\u00e8le est \u00e9galement fabriqu\u00e9 en acier corten de classe A 100% pur, ce qui lui assure une longue dur\u00e9e de vie car il r\u00e9siste aux UV et au gel. Des propri\u00e9t\u00e9s non n\u00e9gligeables pour un support de bol de feu destin\u00e9 \u00e0 un usage ext\u00e9rieur.<\/p>\n<p>Achetez ce support pour bol de feu avec votre bol de feu Diablo et nous vous livrerons \u00e0 votre domicile dans les quatre jours ouvrables. Pour les commandes sup\u00e9rieures \u00e0 100 \u20ac, les frais de transport ne sont pas factur\u00e9s. Vous pouvez donc \u00e9viter ces frais en commandant le support en m\u00eame temps que votre feu de jardin.\u00a0<\/p>\n<p>Si vous pr\u00e9f\u00e9rez un porte-bouteille complet plus robuste, jetez un coup d&rsquo;\u0153il au porte-bouteille Reposa en forme d&rsquo;anneau. Le porte-foyer Rido en acier Corten est disponible en 3 tailles diff\u00e9rentes. Ainsi, pour chaque taille du Diablo Fire Bowl (ou d&rsquo;autres mod\u00e8les), il existe un support en forme d&rsquo;anneau. Vous pouvez choisir entre:<\/p>\n<ul>\n<li>Diam\u00e8tre 50 cm et hauteur 25 cm<\/li>\n<li>Diam\u00e8tre 70 cm et hauteur 25 cm<\/li>\n<li>Diam\u00e8tre 90 cm et hauteur 25 cm<\/li>\n<\/ul>\n<p>Alors n&rsquo;h\u00e9sitez plus et choisissez la finition appropri\u00e9e pour votre \u00e9l\u00e9ment de feu!<\/p>\n","protected":false},"featured_media":50853,"template":"","meta":{"_acf_changed":false,"inline_featured_image":false,"footnotes":""},"product_cat":[4894,4881],"product_tag":[],"class_list":{"0":"post-47459","1":"product","2":"type-product","3":"status-publish","4":"has-post-thumbnail","6":"product_cat-gravier-stabilisateurs-de-gravier","7":"product_cat-default","9":"first","10":"instock","11":"taxable","12":"shipping-taxable","13":"purchasable","14":"product-type-variable","15":"has-default-attributes"},"acf":{"woocommerce_erp_id":"19247","woocommerce_cnk_id":"203246","product_density":1,"custom_prices":[{"variation_id":"54871","customer_group":"CON","customer_id":"","min_qty":1,"max_qty":9999999,"steps":1,"price":67.77,"price_incl":82,"delivery_group":"DELIVERY"},{"variation_id":"54872","customer_group":"CON","customer_id":"","min_qty":1,"max_qty":9999999,"steps":1,"price":84.3,"price_incl":102,"delivery_group":"DELIVERY"},{"variation_id":"54873","customer_group":"CON","customer_id":"","min_qty":1,"max_qty":9999999,"steps":1,"price":92.56,"price_incl":112,"delivery_group":"DELIVERY"}],"packaging_ids":[{"packaging_name":"Diam\u00e8tre 50cm, hauteur 25cm","packaging_id":"25","erp_id":"19247"},{"packaging_name":"Diam\u00e8tre 70cm, hauteur 25cm","packaging_id":"26","erp_id":"19248"},{"packaging_name":"Diam\u00e8tre 90cm, hauteur 25cm","packaging_id":"27","erp_id":"19249"}],"c_lengte":"","c_breedte":"","c_hoogte":""},"_links":{"self":[{"href":"https:\/\/www.jatu.be\/fr\/wp-json\/wp\/v2\/product\/47459","targetHints":{"allow":["GET"]}}],"collection":[{"href":"https:\/\/www.jatu.be\/fr\/wp-json\/wp\/v2\/product"}],"about":[{"href":"https:\/\/www.jatu.be\/fr\/wp-json\/wp\/v2\/types\/product"}],"version-history":[{"count":2,"href":"https:\/\/www.jatu.be\/fr\/wp-json\/wp\/v2\/product\/47459\/revisions"}],"predecessor-version":[{"id":57511,"href":"https:\/\/www.jatu.be\/fr\/wp-json\/wp\/v2\/product\/47459\/revisions\/57511"}],"wp:featuredmedia":[{"embeddable":true,"href":"https:\/\/www.jatu.be\/fr\/wp-json\/wp\/v2\/media\/50853"}],"wp:attachment":[{"href":"https:\/\/www.jatu.be\/fr\/wp-json\/wp\/v2\/media?parent=47459"}],"wp:term":[{"taxonomy":"product_cat","embeddable":true,"href":"https:\/\/www.jatu.be\/fr\/wp-json\/wp\/v2\/product_cat?post=47459"},{"taxonomy":"product_tag","embeddable":true,"href":"https:\/\/www.jatu.be\/fr\/wp-json\/wp\/v2\/product_tag?post=47459"}],"curies":[{"name":"wp","href":"https:\/\/api.w.org\/{rel}","templated":true}]}}