{"id":47461,"date":"2024-01-10T11:34:43","date_gmt":"2024-01-10T10:34:43","guid":{"rendered":"https:\/\/www.jatu.be\/?post_type=product&#038;p=47461"},"modified":"2026-03-09T09:48:18","modified_gmt":"2026-03-09T08:48:18","slug":"bordure-ecolat-sur-rouleau-25-m-x-19-cm","status":"publish","type":"product","link":"https:\/\/www.jatu.be\/fr\/produit\/bordure-ecolat-sur-rouleau-25-m-x-19-cm\/","title":{"rendered":"Bordure Ecolat sur rouleau &#8211; 25 m x 19 cm"},"content":{"rendered":"","protected":false},"excerpt":{"rendered":"<h2>Acheter Ecolat, 25m sur rouleau de 19cm de haut<\/h2>\n<p>L&rsquo;Ecolat peut facilement \u00eatre command\u00e9 en ligne pour \u00eatre collect\u00e9 ou livr\u00e9. Pour la collecte, ils sont imm\u00e9diatement disponibles dans nos d\u00e9p\u00f4ts de Wevelgem et Zedelgem. La livraison a lieu dans les quatre jours ouvrables.<\/p>\n<p>Le rouleau Ecolat est \u00e9galement disponible avec une <a href=\"https:\/\/www.jatu.be\/fr\/bordures-de-jardin\/plastique\/ecolat-enroulee-25m-x-14cm\/\" target=\"_blank\" rel=\"noopener noreferrer\">hauteur de 14cm<\/a>. Si vous avez surtout besoin de pi\u00e8ces droites, ne manquez pas de jeter un coup d&rsquo;\u0153il aux droites Ecolat de 2 m chacune. Ils sont \u00e9galement disponibles en 14 cm ou 19 cm de hauteur. Quelques avantages d&rsquo;Ecolat sur les rouleaux :<\/p>\n<ul>\n<li>Bordure de jardin en plastique<\/li>\n<li>Plastique recycl\u00e9<\/li>\n<li>Remblai flexible<\/li>\n<li>Facile \u00e0 installer<\/li>\n<li>Durable et abordable<\/li>\n<\/ul>\n<h2>A quoi sert Ecolat?<\/h2>\n<p>Avec les bordures en plastique Ecolat, vous pouvez cr\u00e9er des bordures de jardin parfaites pour les pelouses, les chemins de jardin, les bordures et les parterres de fleurs avec du gravier, des cailloux, des \u00e9corces ou des coquillages. Le syst\u00e8me Ecolat est \u00e9galement id\u00e9al pour cr\u00e9er un bord de bassin plat sans feuille visible.<\/p>\n<h2>Comment installer les bordures de bassin Ecolat?<\/h2>\n<p>Vous fixez Ecolat de mani\u00e8re stable et facile avec les poteaux Ecopic \u00e0 profil H. Les coupes Ecolat sont fabriqu\u00e9es en plastique recycl\u00e9. Elles sont donc meilleures pour l&rsquo;environnement, plus durables, beaucoup plus souples et mieux adapt\u00e9es aux formes ondul\u00e9es que les lattes en bois. Les lattes peuvent \u00eatre travaill\u00e9es comme du bois (per\u00e7age, fraisage, sciage) et sont disponibles en gris avec diff\u00e9rentes nuances et textures.<\/p>\n","protected":false},"featured_media":50558,"template":"","meta":{"_acf_changed":false,"inline_featured_image":false,"footnotes":""},"product_cat":[5408,5383],"product_tag":[6990],"class_list":{"0":"post-47461","1":"product","2":"type-product","3":"status-publish","4":"has-post-thumbnail","6":"product_cat-plastique-bordures-de-jardin","7":"product_cat-bordures-de-jardin","8":"product_tag-reduction-cat-1","10":"first","11":"instock","12":"taxable","13":"shipping-taxable","14":"purchasable","15":"product-type-variable","16":"has-default-attributes"},"acf":{"woocommerce_erp_id":"19251","woocommerce_cnk_id":"203250","product_density":1,"custom_prices":[{"variation_id":"54874","customer_group":"CON","customer_id":"","min_qty":1,"max_qty":9999999,"steps":1,"price":114.05,"price_incl":138,"delivery_group":"COLLECT"},{"variation_id":"54874","customer_group":"CON","customer_id":"","min_qty":1,"max_qty":9999999,"steps":1,"price":114.05,"price_incl":138,"delivery_group":"DELIVERY"}],"packaging_ids":[{"packaging_name":"Pi\u00e8ce","packaging_id":"7","erp_id":"19251"}],"c_lengte":"","c_breedte":"","c_hoogte":""},"_links":{"self":[{"href":"https:\/\/www.jatu.be\/fr\/wp-json\/wp\/v2\/product\/47461","targetHints":{"allow":["GET"]}}],"collection":[{"href":"https:\/\/www.jatu.be\/fr\/wp-json\/wp\/v2\/product"}],"about":[{"href":"https:\/\/www.jatu.be\/fr\/wp-json\/wp\/v2\/types\/product"}],"version-history":[{"count":1,"href":"https:\/\/www.jatu.be\/fr\/wp-json\/wp\/v2\/product\/47461\/revisions"}],"predecessor-version":[{"id":50567,"href":"https:\/\/www.jatu.be\/fr\/wp-json\/wp\/v2\/product\/47461\/revisions\/50567"}],"wp:featuredmedia":[{"embeddable":true,"href":"https:\/\/www.jatu.be\/fr\/wp-json\/wp\/v2\/media\/50558"}],"wp:attachment":[{"href":"https:\/\/www.jatu.be\/fr\/wp-json\/wp\/v2\/media?parent=47461"}],"wp:term":[{"taxonomy":"product_cat","embeddable":true,"href":"https:\/\/www.jatu.be\/fr\/wp-json\/wp\/v2\/product_cat?post=47461"},{"taxonomy":"product_tag","embeddable":true,"href":"https:\/\/www.jatu.be\/fr\/wp-json\/wp\/v2\/product_tag?post=47461"}],"curies":[{"name":"wp","href":"https:\/\/api.w.org\/{rel}","templated":true}]}}