{"id":47465,"date":"2024-01-10T11:34:47","date_gmt":"2024-01-10T10:34:47","guid":{"rendered":"https:\/\/www.jatu.be\/?post_type=product&#038;p=47465"},"modified":"2026-03-09T09:49:58","modified_gmt":"2026-03-09T08:49:58","slug":"substrat-de-lit-de-pose-creabed-parkings","status":"publish","type":"product","link":"https:\/\/www.jatu.be\/fr\/produit\/substrat-de-lit-de-pose-creabed-parkings\/","title":{"rendered":"Substrat de lit de pose &#8211; CREAbed"},"content":{"rendered":"","protected":false},"excerpt":{"rendered":"<h2>Substrat de lit de pose &#8211; CREAbed \u2013 La couche de nivellement id\u00e9ale pour parkings engazonn\u00e9<\/h2>\n<p>Notre substrat de lit de pose de haute qualit\u00e9 est sp\u00e9cialement con\u00e7u pour former une couche de nivellement solide et stable sous les dalles de gazon pour <a href=\"https:\/\/www.jatu.be\/fr\/categorie-produit\/gazon-et-plus\/parking-engazonne-gazon-et-plus\/\">parkings engazonn\u00e9<\/a>. Il combine durabilit\u00e9, robustesse et excellente perm\u00e9abilit\u00e9 aux racines, ce qui le rend parfaitement adapt\u00e9 aux particuliers comme aux professionnels. Gr\u00e2ce \u00e0 sa composition unique, ce substrat constitue la base id\u00e9ale pour une finition durable et esth\u00e9tique. Le substrat de lit de pose, connu sous le nom de <a href=\"https:\/\/vivamix.be\/product\/creabed-legbedsubstraat\/\"><strong>CREAbed by Vivamix<\/strong><\/a>, est la solution parfaite pour votre projet.<\/p>\n<h3>Avantages du substrat de lit de pose<\/h3>\n<ul>\n<li><strong>Composition unique<\/strong> : Le m\u00e9lange de porphyre concass\u00e9, de terre v\u00e9g\u00e9tale enrichie et de lave garantit une base stable et perm\u00e9able aux racines. Cette composition rend le substrat de lit de pose particuli\u00e8rement adapt\u00e9 comme couche de nivellement sous les <a href=\"https:\/\/www.jatu.be\/fr\/produit\/eccodal-dalle-gazon-4-cm-vert\/\">dalles de gazon<\/a>.<\/li>\n<li><strong>Robuste et perm\u00e9able aux racines<\/strong> : Le substrat offre \u00e0 la fois la robustesse n\u00e9cessaire pour une base durable et la perm\u00e9abilit\u00e9 essentielle \u00e0 la croissance saine du gazon.<\/li>\n<li><strong>Facile \u00e0 utiliser<\/strong> : Le substrat de lit de pose est simple \u00e0 appliquer. Il se r\u00e9partit facilement et peut \u00eatre compact\u00e9 avec un rouleau pour un nivellement optimal.<\/li>\n<li><strong>Efficace et \u00e9conomique<\/strong> : Gr\u00e2ce \u00e0 son application directe, ce substrat est une solution rentable pour des projets de toutes tailles. Il vous permet de gagner du temps et de l&rsquo;argent.<\/li>\n<\/ul>\n<h3>Applications possibles<\/h3>\n<ul>\n<li><strong>Parkings en herbe<\/strong> : Le substrat de lit de pose est le choix id\u00e9al comme couche de nivellement pour parkings en herbe. Il offre une base solide et stable, parfaitement adapt\u00e9e \u00e0 une utilisation intensive, comme le stationnement de v\u00e9hicules. Gr\u00e2ce \u00e0 sa perm\u00e9abilit\u00e9, il favorise une croissance saine du gazon dans les dalles. Cela garantit une solution fonctionnelle pour le stationnement tout en conservant une apparence naturelle et verte. Le substrat de lit de pose convient aussi bien aux parkings priv\u00e9s qu&rsquo;aux parkings commerciaux.<\/li>\n<\/ul>\n<h3>Quelle quantit\u00e9 de substrat de lit de pose est n\u00e9cessaire et comment l\u2019utiliser ?<\/h3>\n<h4>Quelle quantit\u00e9 est n\u00e9cessaire ?<\/h4>\n<ul>\n<li>Pour une couche de 5 cm, appliqu\u00e9e comme couche de nivellement au-dessus du <a href=\"https:\/\/www.jatu.be\/fr\/produit\/substrat-de-fondation-creasoil-drainant\/\">substrat de fondation<\/a>, vous avez besoin d&rsquo;environ <strong>0,5 m\u00b3 par 10 m\u00b2<\/strong>.<\/li>\n<li>Utilisez notre outil de calcul pratique pour d\u00e9terminer la quantit\u00e9 exacte dont vous avez besoin. Cela vous \u00e9vite tout gaspillage et garantit que vous disposez de la bonne quantit\u00e9.<\/li>\n<\/ul>\n<h4>Comment utiliser le substrat de lit de pose ?<\/h4>\n<p>Lors de <a href=\"https:\/\/www.jatu.be\/fr\/project\/parking-en-herbe-avec-dalles-de-gazon\/\">l\u2019am\u00e9nagement d\u2019un parking engazonn\u00e9<\/a>, il est essentiel de cr\u00e9er une base stable et nivel\u00e9e. Notre substrat de lit de pose est con\u00e7u sp\u00e9cialement pour r\u00e9pondre \u00e0 cette exigence et assure un r\u00e9sultat durable.<\/p>\n<ul>\n<li>R\u00e9partissez le substrat uniform\u00e9ment sur toute la surface \u00e0 couvrir. Veillez \u00e0 ce que l\u2019\u00e9paisseur soit homog\u00e8ne pour garantir un nivellement r\u00e9gulier.<\/li>\n<li><strong>Compactez le substrat avec un rouleau<\/strong> au lieu de le tasser. Cela permet d\u2019obtenir une couche solide et uniforme tout en maintenant sa perm\u00e9abilit\u00e9 aux racines.<\/li>\n<li>Assurez-vous que la surface est bien nivel\u00e9e avant de poser les dalles de gazon ou les <a href=\"https:\/\/www.jatu.be\/fr\/produit\/dalles-en-gazon-precultivees-durable\/\">dalles de gazon pr\u00e9cultiv\u00e9es<\/a>.<br \/>\n.<\/li>\n<\/ul>\n<h2>Conditionnements disponibles et livraison<\/h2>\n<p>Notre substrat de lit de pose est disponible en diff\u00e9rents conditionnements pour r\u00e9pondre \u00e0 vos besoins :<\/p>\n<ul>\n<li style=\"list-style-type: none;\">\n<ul>\n<li><strong>Big bags de 1 m\u00b3<\/strong> : Id\u00e9al pour les <strong>projets de petite ou moyenne<\/strong> taille. Les big bags sont pratiques \u00e0 manipuler et garantissent une application efficace du substrat.<\/li>\n<li><strong>Vrac \u00e0 partir de 5 m\u00b3<\/strong> : Pour les<strong> grands projets<\/strong>, nous livrons le substrat en vrac. \u00c0 partir de 5 m\u00b3, nous assurons la livraison directement sur votre site, ce qui permet un travail rapide et efficace.<\/li>\n<li><strong>Enl\u00e8vement \u00e0 partir de 0,5 m\u00b3<\/strong> : Pour les petits projets, vous pouvez venir chercher le substrat \u00e0 partir de 0,5 m\u00b3 dans l\u2019un de nos points d\u2019enl\u00e8vement. Une solution pratique pour d\u00e9marrer imm\u00e9diatement vos travaux.<\/li>\n<\/ul>\n<\/li>\n<\/ul>\n<h4>Livraison dans toute la Belgique<\/h4>\n<p>Nous assurons une <a href=\"https:\/\/www.jatu.be\/fr\/specifications-de-livraison-jatu-rapide-efficace\/\">livraison rapide \u00e0 domicile<\/a>, avec un d\u00e9lai de <strong>quatre jours ouvrables apr\u00e8s confirmation de commande<\/strong>. Que vous choisissiez la livraison en big bags ou en vrac, nous veillons \u00e0 ce que votre commande arrive \u00e0 temps et en toute s\u00e9curit\u00e9.<\/p>\n<p>Vous pr\u00e9f\u00e9rez venir chercher votre commande ? Aucun probl\u00e8me ! Rendez-vous dans l\u2019un de <a href=\"https:\/\/www.jatu.be\/fr\/points-de-collecte\/\">nos points d\u2019enl\u00e8vement<\/a>, o\u00f9 vous pouvez retirer votre substrat \u00e0 partir de 0,5 m\u00b3.<\/p>\n<p><strong>Besoin de plus d\u2019informations ou d\u2019un devis sur mesure ?<br \/>\n<\/strong>Vous avez encore des questions ou souhaitez un devis personnalis\u00e9 ? <a href=\"https:\/\/www.jatu.be\/fr\/contact\/\">Contactez nos experts<\/a>, qui se feront un plaisir de vous accompagner dans la r\u00e9alisation de vos projets. Vous recevrez une r\u00e9ponse dans les 24 heures (jours ouvrables).<\/p>\n","protected":false},"featured_media":56513,"template":"","meta":{"_acf_changed":false,"inline_featured_image":false,"footnotes":""},"product_cat":[5402],"product_tag":[],"class_list":{"0":"post-47465","1":"product","2":"type-product","3":"status-publish","4":"has-post-thumbnail","6":"product_cat-parking-engazonne-gazon-et-plus","8":"first","9":"instock","10":"taxable","11":"shipping-taxable","12":"purchasable","13":"product-type-variable","14":"has-default-attributes"},"acf":{"woocommerce_erp_id":"19346","woocommerce_cnk_id":"203345","product_density":1.4,"custom_prices":[{"variation_id":"47876","customer_group":"CON","customer_id":"","min_qty":1,"max_qty":9999999,"steps":1,"price":109.09,"price_incl":132,"delivery_group":"COLLECT"},{"variation_id":"47876","customer_group":"CON","customer_id":"","min_qty":1,"max_qty":9999999,"steps":1,"price":109.09,"price_incl":132,"delivery_group":"DELIVERY"},{"variation_id":"48681","customer_group":"CON","customer_id":"","min_qty":0.5,"max_qty":9999999,"steps":0.5,"price":88.43,"price_incl":107,"delivery_group":"COLLECT"},{"variation_id":"48681","customer_group":"CON","customer_id":"","min_qty":5,"max_qty":9999999,"steps":0.5,"price":88.43,"price_incl":107,"delivery_group":"DELIVERY"}],"packaging_ids":[{"packaging_name":"En vrac (\u00e0 partir de m\u00b3)","packaging_id":"11","erp_id":"19346"},{"packaging_name":"Big bag 1 m\u00b3","packaging_id":"9","erp_id":"19357"}],"c_lengte":"","c_breedte":"","c_hoogte":""},"_links":{"self":[{"href":"https:\/\/www.jatu.be\/fr\/wp-json\/wp\/v2\/product\/47465","targetHints":{"allow":["GET"]}}],"collection":[{"href":"https:\/\/www.jatu.be\/fr\/wp-json\/wp\/v2\/product"}],"about":[{"href":"https:\/\/www.jatu.be\/fr\/wp-json\/wp\/v2\/types\/product"}],"version-history":[{"count":4,"href":"https:\/\/www.jatu.be\/fr\/wp-json\/wp\/v2\/product\/47465\/revisions"}],"predecessor-version":[{"id":64003,"href":"https:\/\/www.jatu.be\/fr\/wp-json\/wp\/v2\/product\/47465\/revisions\/64003"}],"wp:featuredmedia":[{"embeddable":true,"href":"https:\/\/www.jatu.be\/fr\/wp-json\/wp\/v2\/media\/56513"}],"wp:attachment":[{"href":"https:\/\/www.jatu.be\/fr\/wp-json\/wp\/v2\/media?parent=47465"}],"wp:term":[{"taxonomy":"product_cat","embeddable":true,"href":"https:\/\/www.jatu.be\/fr\/wp-json\/wp\/v2\/product_cat?post=47465"},{"taxonomy":"product_tag","embeddable":true,"href":"https:\/\/www.jatu.be\/fr\/wp-json\/wp\/v2\/product_tag?post=47465"}],"curies":[{"name":"wp","href":"https:\/\/api.w.org\/{rel}","templated":true}]}}