{"id":47473,"date":"2024-01-10T11:34:56","date_gmt":"2024-01-10T10:34:56","guid":{"rendered":"https:\/\/www.jatu.be\/?post_type=product&#038;p=47473"},"modified":"2026-03-09T09:50:23","modified_gmt":"2026-03-09T08:50:23","slug":"granules-pour-arbres-creatree-land","status":"publish","type":"product","link":"https:\/\/www.jatu.be\/fr\/produit\/granules-pour-arbres-creatree-land\/","title":{"rendered":"Granul\u00e9s pour arbres &#8211; CREAtree land"},"content":{"rendered":"","protected":false},"excerpt":{"rendered":"<h2>Acheter CREAtree Land &#8211; granul\u00e9s pour arbres<\/h2>\n<p>Si vous \u00eates \u00e0 la recherche de la terre id\u00e9ale pour<strong> planter des arbres et des arbustes<\/strong> dans un cadre rustique, la terre pour arbres CREAtree Land est le choix id\u00e9al. Ce m\u00e9lange soigneusement compos\u00e9 de terre, de compost et de roches de lave cr\u00e9e un environnement nutritif et bien drain\u00e9 dans lequel les arbres et les arbustes peuvent se d\u00e9velopper de mani\u00e8re optimale.<\/p>\n<h2>A quoi servent les granul\u00e9s pour arbres?<\/h2>\n<p>La terre de qualit\u00e9 sup\u00e9rieure pour arbres CREAtree Land que nous proposons est totalement exempte de graines de mauvaises herbes et de parasites. Ce substrat est id\u00e9al pour la plantation d&rsquo;arbres et d&rsquo;arbustes en <strong>milieu rural<\/strong> et pr\u00e9sente de nombreux avantages par rapport \u00e0 d&rsquo;autres types de sol.<\/p>\n<h2>Les propri\u00e9t\u00e9s positives de CREAtree Land<\/h2>\n<p>L&rsquo;un des principaux avantages du terreau pour arbres CREAtree Land r\u00e9side dans sa richesse en \u00e9l\u00e9ments nutritifs en tant que substrat. Ce sol contient une abondance de mati\u00e8res organiques et de composants nutritifs indispensables au d\u00e9veloppement des arbres et des arbustes. De plus, le substrat pr\u00e9sente une excellente perm\u00e9abilit\u00e9 \u00e0 l&rsquo;eau, ce qui facilite l&rsquo;\u00e9vacuation rapide de l&rsquo;eau abondante et \u00e9vite toute forme d&rsquo;engorgement.<\/p>\n<p>Un atout suppl\u00e9mentaire de notre terreau pour arbres r\u00e9side dans l&rsquo;environnement optimal qu&rsquo;il offre \u00e0 la progression des arbres et arbustes. Le substrat constitue une base stable pour les racines de ces cultures, favorisant leur plein d\u00e9veloppement. Il en r\u00e9sulte des arbres et arbustes sains et vigoureux qui r\u00e9sistent \u00e0 toutes les conditions.<\/p>\n<p>&nbsp;<\/p>\n","protected":false},"featured_media":50909,"template":"","meta":{"_acf_changed":false,"inline_featured_image":false,"footnotes":""},"product_cat":[5386],"product_tag":[],"class_list":{"0":"post-47473","1":"product","2":"type-product","3":"status-publish","4":"has-post-thumbnail","6":"product_cat-soins-aux-arbres","8":"first","9":"instock","10":"taxable","11":"shipping-taxable","12":"purchasable","13":"product-type-variable","14":"has-default-attributes"},"acf":{"woocommerce_erp_id":"19350","woocommerce_cnk_id":"203349","product_density":1.3,"custom_prices":[{"variation_id":"47869","customer_group":"CON","customer_id":"","min_qty":1,"max_qty":9999999,"steps":1,"price":111.57,"price_incl":135,"delivery_group":"COLLECT"},{"variation_id":"47869","customer_group":"CON","customer_id":"","min_qty":1,"max_qty":9999999,"steps":1,"price":111.57,"price_incl":135,"delivery_group":"DELIVERY"},{"variation_id":"48677","customer_group":"CON","customer_id":"","min_qty":0.5,"max_qty":9999999,"steps":0.1,"price":84.3,"price_incl":102,"delivery_group":"COLLECT"},{"variation_id":"48677","customer_group":"CON","customer_id":"","min_qty":5,"max_qty":9999999,"steps":0.1,"price":84.3,"price_incl":102,"delivery_group":"DELIVERY"}],"packaging_ids":[{"packaging_name":"En vrac (\u00e0 partir de m\u00b3)","packaging_id":"11","erp_id":"19350"},{"packaging_name":"Big bag 1 m\u00b3","packaging_id":"9","erp_id":"19403"}],"c_lengte":"","c_breedte":"","c_hoogte":""},"_links":{"self":[{"href":"https:\/\/www.jatu.be\/fr\/wp-json\/wp\/v2\/product\/47473","targetHints":{"allow":["GET"]}}],"collection":[{"href":"https:\/\/www.jatu.be\/fr\/wp-json\/wp\/v2\/product"}],"about":[{"href":"https:\/\/www.jatu.be\/fr\/wp-json\/wp\/v2\/types\/product"}],"version-history":[{"count":1,"href":"https:\/\/www.jatu.be\/fr\/wp-json\/wp\/v2\/product\/47473\/revisions"}],"predecessor-version":[{"id":50915,"href":"https:\/\/www.jatu.be\/fr\/wp-json\/wp\/v2\/product\/47473\/revisions\/50915"}],"wp:featuredmedia":[{"embeddable":true,"href":"https:\/\/www.jatu.be\/fr\/wp-json\/wp\/v2\/media\/50909"}],"wp:attachment":[{"href":"https:\/\/www.jatu.be\/fr\/wp-json\/wp\/v2\/media?parent=47473"}],"wp:term":[{"taxonomy":"product_cat","embeddable":true,"href":"https:\/\/www.jatu.be\/fr\/wp-json\/wp\/v2\/product_cat?post=47473"},{"taxonomy":"product_tag","embeddable":true,"href":"https:\/\/www.jatu.be\/fr\/wp-json\/wp\/v2\/product_tag?post=47473"}],"curies":[{"name":"wp","href":"https:\/\/api.w.org\/{rel}","templated":true}]}}