{"id":47475,"date":"2024-01-10T11:34:59","date_gmt":"2024-01-10T10:34:59","guid":{"rendered":"https:\/\/www.jatu.be\/?post_type=product&#038;p=47475"},"modified":"2026-03-09T09:50:36","modified_gmt":"2026-03-09T08:50:36","slug":"bordure-en-beton-flexible-100-x-20-cm","status":"publish","type":"product","link":"https:\/\/www.jatu.be\/fr\/produit\/bordure-en-beton-flexible-100-x-20-cm\/","title":{"rendered":"Bordure en b\u00e9ton flexible &#8211; 100 x 20 cm"},"content":{"rendered":"","protected":false},"excerpt":{"rendered":"<h2>Acheter une bordure en b\u00e9ton flexible<\/h2>\n<p>Cette variante de la <a href=\"https:\/\/www.jatu.be\/fr\/bordures-de-jardin\/en-beton\/bordurette-biseaute-wirtz-100\/\" target=\"_blank\" rel=\"noopener noreferrer\">broderie en b\u00e9ton classique<\/a>\u00a0vous permet de placer une bordure en b\u00e9ton \u00e9l\u00e9gante en lignes ondul\u00e9es. Commandez cette broderie en b\u00e9ton flexible en ligne et nous la livrerons \u00e0 votre domicile dans les quatre jours ouvrables, partout en Belgique. Si vous cherchez une broderie en b\u00e9ton en Flandre occidentale, vous pouvez \u00e9galement la retirer dans l&rsquo;un de nos <a href=\"https:\/\/www.jatu.be\/fr\/points-de-collecte\/\" target=\"_blank\" rel=\"noopener noreferrer\">points de collecte<\/a> dans la r\u00e9gion de Courtrai ou de Bruges.<\/p>\n<h2>Broderie en b\u00e9ton souple, facile \u00e0 placer<\/h2>\n<p>Contrairement aux broderies droites, celles-ci peuvent facilement \u00eatre utilis\u00e9es pour cr\u00e9er des courbes. Tout comme la bordure classique, cette version pliable mesure \u00e9galement 1 m de long, 20 cm de haut et 1,5 cm d&rsquo;\u00e9paisseur. Ils sont donc parfaitement compatibles avec les pi\u00e8ces droites, ce qui vous donne encore plus de libert\u00e9 pour cr\u00e9er votre espace ext\u00e9rieur.<\/p>\n<p>Le bord biseaut\u00e9 en haut est typique de cette broderie. Gr\u00e2ce \u00e0 son format fin, combin\u00e9 \u00e0 cette finition \u00e9l\u00e9gante, vous pouvez tr\u00e8s facilement installer une bordure propre et intemporelle. Ces panneaux en b\u00e9ton sont renforc\u00e9s, 100% r\u00e9sistants au gel et faciles \u00e0 d\u00e9couper. Le compos\u00e9 de fer qui y est incorpor\u00e9 maintient la lice bien assembl\u00e9e lorsque vous formez des courbes.<\/p>\n","protected":false},"featured_media":50275,"template":"","meta":{"_acf_changed":false,"inline_featured_image":false,"footnotes":""},"product_cat":[5384,5383],"product_tag":[6990],"class_list":{"0":"post-47475","1":"product","2":"type-product","3":"status-publish","4":"has-post-thumbnail","6":"product_cat-en-beton-bordures-de-jardin","7":"product_cat-bordures-de-jardin","8":"product_tag-reduction-cat-1","10":"first","11":"instock","12":"taxable","13":"shipping-taxable","14":"purchasable","15":"product-type-variable","16":"has-default-attributes"},"acf":{"woocommerce_erp_id":"19355","woocommerce_cnk_id":"203354","product_density":0,"custom_prices":[{"variation_id":"54881","customer_group":"CON","customer_id":"","min_qty":1,"max_qty":9999999,"steps":1,"price":9.09,"price_incl":11,"delivery_group":"COLLECT"},{"variation_id":"54881","customer_group":"CON","customer_id":"","min_qty":5,"max_qty":9999999,"steps":1,"price":9.09,"price_incl":11,"delivery_group":"DELIVERY"}],"packaging_ids":[{"packaging_name":"Pi\u00e8ce","packaging_id":"7","erp_id":"19355"}],"c_lengte":"","c_breedte":"","c_hoogte":""},"_links":{"self":[{"href":"https:\/\/www.jatu.be\/fr\/wp-json\/wp\/v2\/product\/47475","targetHints":{"allow":["GET"]}}],"collection":[{"href":"https:\/\/www.jatu.be\/fr\/wp-json\/wp\/v2\/product"}],"about":[{"href":"https:\/\/www.jatu.be\/fr\/wp-json\/wp\/v2\/types\/product"}],"version-history":[{"count":5,"href":"https:\/\/www.jatu.be\/fr\/wp-json\/wp\/v2\/product\/47475\/revisions"}],"predecessor-version":[{"id":66284,"href":"https:\/\/www.jatu.be\/fr\/wp-json\/wp\/v2\/product\/47475\/revisions\/66284"}],"wp:featuredmedia":[{"embeddable":true,"href":"https:\/\/www.jatu.be\/fr\/wp-json\/wp\/v2\/media\/50275"}],"wp:attachment":[{"href":"https:\/\/www.jatu.be\/fr\/wp-json\/wp\/v2\/media?parent=47475"}],"wp:term":[{"taxonomy":"product_cat","embeddable":true,"href":"https:\/\/www.jatu.be\/fr\/wp-json\/wp\/v2\/product_cat?post=47475"},{"taxonomy":"product_tag","embeddable":true,"href":"https:\/\/www.jatu.be\/fr\/wp-json\/wp\/v2\/product_tag?post=47475"}],"curies":[{"name":"wp","href":"https:\/\/api.w.org\/{rel}","templated":true}]}}