{"id":47477,"date":"2024-01-10T11:35:01","date_gmt":"2024-01-10T10:35:01","guid":{"rendered":"https:\/\/www.jatu.be\/?post_type=product&#038;p=47477"},"modified":"2026-04-24T16:32:31","modified_gmt":"2026-04-24T14:32:31","slug":"bordure-de-jardin-corten-terralis","status":"publish","type":"product","link":"https:\/\/www.jatu.be\/fr\/produit\/bordure-de-jardin-corten-terralis\/","title":{"rendered":"Bordure de jardin Corten \u2013 Terralis 100 x 6,5 cm"},"content":{"rendered":"","protected":false},"excerpt":{"rendered":"<h2>Acheter une bordure de jardin en acier Corten<\/h2>\n<p>Le Terralis Corten est une bordure subtile en acier Corten. Cela donne \u00e0 ces bordures de jardin une \u00e9l\u00e9gante couche de rouille sans endommager la cl\u00f4ture. Achetez cette bordure de jardin en corten par pi\u00e8ce de 1 m et venez la chercher ou la faire livrer partout en Belgique.<\/p>\n<p>Terralis est disponible en trois hauteurs diff\u00e9rentes:<\/p>\n<ul>\n<li>100 x 6,5 cm<\/li>\n<li><a href=\"https:\/\/www.jatu.be\/fr\/produit\/bordure-de-jardin-corten-terralis-100-x-10-cm\/\">100 x 10 cm<\/a><\/li>\n<li>100 x 15 cm<\/li>\n<\/ul>\n<p>Vous pouvez \u00e9galement acheter cette bordure de jardin \u00e9conomique en acier galvanis\u00e9. Cette finition de 6,5 cm de haut (hauteur de d\u00e9marcation elle-m\u00eame sans piquet) est parfaite pour une finition esth\u00e9tique et des applications l\u00e9g\u00e8res telles que la s\u00e9paration de vos all\u00e9es de jardin, d&rsquo;un couvre-sol ou d&rsquo;une pelouse.<\/p>\n<p>Vous souhaitez que votre bordure de jardin en acier corten soit encore plus visible ? Dans ce cas, optez pour les Terralis de 10 ou 15 cm de haut. Elles offrent un peu plus de marge de man\u0153uvre et d\u00e9limitent encore mieux les fronti\u00e8res.<\/p>\n<h2>Bordure de jardin multifonctionnelle: sections droites, courbes et angles \u00e0 90<\/h2>\n<p>Le Terralis est con\u00e7u pour cr\u00e9er des bordures simples et \u00e9l\u00e9gantes pour votre jardin. Les pi\u00e8ces standard sont des pi\u00e8ces droites de 1 m, mais elles peuvent \u00eatre transform\u00e9es en formes inclin\u00e9es ou en angles jusqu&rsquo;\u00e0 90\u00b0 (et plus).<\/p>\n<p>Gr\u00e2ce aux connecteurs situ\u00e9s aux extr\u00e9mit\u00e9s, ils peuvent facilement \u00eatre assembl\u00e9s pour former une bordure de jardin encore plus longue. Gr\u00e2ce aux piquets fix\u00e9s, vous pouvez les ancrer directement dans le sol.<\/p>\n<p>Vous \u00eates \u00e0 la recherche d&rsquo;une cl\u00f4ture de jardin \u00e9conomique, facile \u00e0 installer et polyvalente ? Le Terralis Galva ou l&rsquo;acier Corten sont faits pour vous ! Commandez-les en ligne d\u00e8s maintenant et faites-les livrer chez vous dans un d\u00e9lai maximum de quatre jours ouvrables.<\/p>\n","protected":false},"featured_media":55947,"template":"","meta":{"_acf_changed":false,"inline_featured_image":false,"footnotes":""},"product_cat":[5394,5383],"product_tag":[6990],"class_list":{"0":"post-47477","1":"product","2":"type-product","3":"status-publish","4":"has-post-thumbnail","6":"product_cat-acier-corten-bordures-de-jardin","7":"product_cat-bordures-de-jardin","8":"product_tag-reduction-cat-1","10":"first","11":"instock","12":"taxable","13":"shipping-taxable","14":"purchasable","15":"product-type-variable"},"acf":{"woocommerce_erp_id":"19364","woocommerce_cnk_id":"203363","product_density":0,"custom_prices":[{"variation_id":"55954","customer_group":"CON","customer_id":"","min_qty":1,"max_qty":9999999,"steps":1,"price":11.57,"price_incl":14,"delivery_group":"COLLECT"},{"variation_id":"55954","customer_group":"CON","customer_id":"","min_qty":1,"max_qty":9999999,"steps":1,"price":11.57,"price_incl":14,"delivery_group":"DELIVERY"}],"packaging_ids":[{"packaging_name":"Pi\u00e8ce","packaging_id":"7","erp_id":"19364"}],"c_lengte":"","c_breedte":"","c_hoogte":""},"_links":{"self":[{"href":"https:\/\/www.jatu.be\/fr\/wp-json\/wp\/v2\/product\/47477","targetHints":{"allow":["GET"]}}],"collection":[{"href":"https:\/\/www.jatu.be\/fr\/wp-json\/wp\/v2\/product"}],"about":[{"href":"https:\/\/www.jatu.be\/fr\/wp-json\/wp\/v2\/types\/product"}],"version-history":[{"count":9,"href":"https:\/\/www.jatu.be\/fr\/wp-json\/wp\/v2\/product\/47477\/revisions"}],"predecessor-version":[{"id":71848,"href":"https:\/\/www.jatu.be\/fr\/wp-json\/wp\/v2\/product\/47477\/revisions\/71848"}],"wp:featuredmedia":[{"embeddable":true,"href":"https:\/\/www.jatu.be\/fr\/wp-json\/wp\/v2\/media\/55947"}],"wp:attachment":[{"href":"https:\/\/www.jatu.be\/fr\/wp-json\/wp\/v2\/media?parent=47477"}],"wp:term":[{"taxonomy":"product_cat","embeddable":true,"href":"https:\/\/www.jatu.be\/fr\/wp-json\/wp\/v2\/product_cat?post=47477"},{"taxonomy":"product_tag","embeddable":true,"href":"https:\/\/www.jatu.be\/fr\/wp-json\/wp\/v2\/product_tag?post=47477"}],"curies":[{"name":"wp","href":"https:\/\/api.w.org\/{rel}","templated":true}]}}