{"id":47479,"date":"2024-01-10T11:35:04","date_gmt":"2024-01-10T10:35:04","guid":{"rendered":"https:\/\/www.jatu.be\/?post_type=product&#038;p=47479"},"modified":"2026-03-09T09:51:06","modified_gmt":"2026-03-09T08:51:06","slug":"acheter-terre-noire-terreau-pret-a-l-emploi","status":"publish","type":"product","link":"https:\/\/www.jatu.be\/fr\/produit\/acheter-terre-noire-terreau-pret-a-l-emploi\/","title":{"rendered":"Terre noire &#8211; SOLbase"},"content":{"rendered":"","protected":false},"excerpt":{"rendered":"<h2>Acheter de la terre noire, la terre de jardin pr\u00eate \u00e0 planter<\/h2>\n<p>Vous voulez une terre de jardin pr\u00eate \u00e0 \u00eatre plant\u00e9e imm\u00e9diatement ? La terre noire de SOLbase est le produit complet que vous recherchez ! Cette <a href=\"https:\/\/www.jatu.be\/fr\/produit\/terre-arable\/\">terre v\u00e9g\u00e9tale<\/a> tamis\u00e9e de haute qualit\u00e9, m\u00e9lang\u00e9e \u00e0 du <a href=\"https:\/\/www.jatu.be\/fr\/produit\/acheter-compost-vert-solgreen\/\">compost vert approuv\u00e9s par vlaco<\/a> et du compost, d&rsquo;\u00e9corce fournit la structure de sol et les nutriments id\u00e9aux pour un jardin sain et luxuriant.<\/p>\n<h3>Qu&rsquo;est-ce qui rend la terre noire SOLbase unique ?<\/h3>\n<ul>\n<li><strong>Pr\u00eat \u00e0 l&#8217;emploi<\/strong> : aucun additif suppl\u00e9mentaire n&rsquo;est n\u00e9cessaire. Commencez \u00e0 planter imm\u00e9diatement.<\/li>\n<li><strong>Riche en nutriments<\/strong> : m\u00e9lange \u00e9quilibr\u00e9 de terre v\u00e9g\u00e9tale tamis\u00e9e, de compost vert et de compost d&rsquo;\u00e9corce.<\/li>\n<li><strong>Excellente structure du sol<\/strong> : \u00e9quilibre parfait entre a\u00e9ration, r\u00e9gulation de l&rsquo;humidit\u00e9 et stockage des nutriments.<\/li>\n<li><strong>Une base parfaite<\/strong> : il s&rsquo;agit d&rsquo;une base parfaite pour planter votre <a href=\"https:\/\/www.jatu.be\/fr\/categorie-produit\/gazon-et-plus\/\">pelouse<\/a>, vos bordures ou vos parterres de fleurs.<\/li>\n<\/ul>\n<h3>Avantages de la terre noire :<\/h3>\n<ul>\n<li>Peut \u00eatre utilis\u00e9e directement pour les bordures, les jardini\u00e8res et les pelouses.<\/li>\n<li>Favorise une croissance et un d\u00e9veloppement sains des plantes.<\/li>\n<li>Moins d&rsquo;entretien gr\u00e2ce \u00e0 une meilleure r\u00e9gulation de l&rsquo;eau et des nutriments.<\/li>\n<li>Produit de mani\u00e8re durable avec du compost approuv\u00e9 par la vlaco.<\/li>\n<\/ul>\n<h3>Applications :<\/h3>\n<p>La terre noire SOLbase est id\u00e9ale pour :<\/p>\n<ul>\n<li>Cr\u00e9er des bordures et des parterres de fleurs.<\/li>\n<li>Am\u00e9liorer les structures de sol existantes.<\/li>\n<li>Remplir les jardini\u00e8res et les pots.<\/li>\n<li>Pr\u00e9parer une couche de sol saine pour les pelouses.<\/li>\n<\/ul>\n<h3>Pourquoi passer \u00e0 SOLbase ?<\/h3>\n<p>Vous avez commenc\u00e9 avec notre terre SOLterre ? Choisissez alors la terre noire SOLbase si vous souhaitez une solution de terre finie instantan\u00e9e. Alors que SOLterre est un produit de base, SOLbase offre tout ce dont vous avez besoin pour un jardin pr\u00eat \u00e0 \u00eatre plant\u00e9. Bien entendu, vous pouvez \u00e9galement combiner les deux pour r\u00e9aliser <a href=\"https:\/\/www.jatu.be\/fr\/comment-cultiver-son-jardin\/\">l&rsquo;\u00e9l\u00e9vation de votre jardin<\/a> avec de la terre, o\u00f9 la couche de finition est fournie avec de la terre noire pour une croissance et des r\u00e9sultats optimaux.<\/p>\n<h3>Emballage et livraison :<\/h3>\n<ul>\n<li><strong>La terre noire est livr\u00e9e en vrac<\/strong> : Il suffit de commander par m\u00e8tre cube (1100kg\/m\u00b3). Id\u00e9al pour les grands projets.<\/li>\n<li><strong>Big bags de 0,5 m\u00b3 ou 1 m\u00b3<\/strong> : pour les petites quantit\u00e9s (&lt;5m\u00b3) et le stockage.<\/li>\n<li><strong>Livraison<\/strong> : <a href=\"https:\/\/www.jatu.be\/fr\/specifications-de-livraison-jatu-rapide-efficace\/\">Livraison sans souci<\/a> en vrac ou en big bags dans toute la Belgique dans les 4 jours ouvrables.<\/li>\n<li><strong>Collecte<\/strong> : Vous avez besoin d&rsquo;une petite quantit\u00e9 ? Commandez de la terre noire bon march\u00e9 en vrac \u00e0 partir de 0,31 m\u00b3 ou 500 kg dans l&rsquo;un de nos <a href=\"https:\/\/www.jatu.be\/fr\/points-de-collecte\/\">points de collecte<\/a>.<\/li>\n<\/ul>\n<h3>Pourquoi choisir la terre noire SOLbase ?<\/h3>\n<ul>\n<li>Qualit\u00e9 sup\u00e9rieure gr\u00e2ce \u00e0 un m\u00e9lange unique de compost et de terre v\u00e9g\u00e9tale tamis\u00e9e.<\/li>\n<li>Commodit\u00e9 : imm\u00e9diatement pr\u00eat \u00e0 l&#8217;emploi.<\/li>\n<li>Livraison \u00e0 domicile fiable ou possibilit\u00e9 d&rsquo;enl\u00e8vement.<\/li>\n<li>Un coup de pouce imm\u00e9diat pour la plantation et des nutriments \u00e0 long terme pour le sol.<\/li>\n<\/ul>\n<h2>Commandez votre terre noire SOLbase d\u00e8s aujourd&rsquo;hui !<\/h2>\n<p>Facilitez vos projets de jardinage avec cette terre noire de haute qualit\u00e9. Commandez en ligne ou contactez-nous pour plus d&rsquo;informations sur nos produits et nos options de livraison.<\/p>\n","protected":false},"featured_media":63309,"template":"","meta":{"_acf_changed":false,"inline_featured_image":false,"footnotes":""},"product_cat":[5388],"product_tag":[],"class_list":{"0":"post-47479","1":"product","2":"type-product","3":"status-publish","4":"has-post-thumbnail","6":"product_cat-achat-de-terre-pour-le-jardin-conditionneurs-de-sol","8":"first","9":"instock","10":"taxable","11":"shipping-taxable","12":"purchasable","13":"product-type-variable","14":"has-default-attributes"},"acf":{"woocommerce_erp_id":"19367","woocommerce_cnk_id":"203366","product_density":1.1,"custom_prices":[{"variation_id":"54884","customer_group":"CON","customer_id":"","min_qty":1,"max_qty":9999999,"steps":1,"price":113.21,"price_incl":120,"delivery_group":"DELIVERY"},{"variation_id":"54884","customer_group":"CON","customer_id":"","min_qty":1,"max_qty":9999999,"steps":1,"price":113.21,"price_incl":120,"delivery_group":"COLLECT"},{"variation_id":"54882","customer_group":"CON","customer_id":"","min_qty":0.45,"max_qty":9999999,"steps":0.1,"price":53.77,"price_incl":57,"delivery_group":"COLLECT"},{"variation_id":"54882","customer_group":"CON","customer_id":"","min_qty":5,"max_qty":9999999,"steps":0.1,"price":53.77,"price_incl":57,"delivery_group":"DELIVERY"},{"variation_id":"54883","customer_group":"CON","customer_id":"","min_qty":1,"max_qty":9999999,"steps":1,"price":93.4,"price_incl":99,"delivery_group":"COLLECT"},{"variation_id":"54883","customer_group":"CON","customer_id":"","min_qty":1,"max_qty":9999999,"steps":1,"price":93.4,"price_incl":99,"delivery_group":"DELIVERY"}],"packaging_ids":[{"packaging_name":"En vrac (\u00e0 partir de m\u00b3)","packaging_id":"11","erp_id":"19367"},{"packaging_name":"Big bag 1 m\u00b3","packaging_id":"9","erp_id":"19368"},{"packaging_name":"Big bag 0,5 m\u00b3","packaging_id":"50","erp_id":"19385"}],"c_lengte":"","c_breedte":"","c_hoogte":""},"_links":{"self":[{"href":"https:\/\/www.jatu.be\/fr\/wp-json\/wp\/v2\/product\/47479","targetHints":{"allow":["GET"]}}],"collection":[{"href":"https:\/\/www.jatu.be\/fr\/wp-json\/wp\/v2\/product"}],"about":[{"href":"https:\/\/www.jatu.be\/fr\/wp-json\/wp\/v2\/types\/product"}],"version-history":[{"count":9,"href":"https:\/\/www.jatu.be\/fr\/wp-json\/wp\/v2\/product\/47479\/revisions"}],"predecessor-version":[{"id":63487,"href":"https:\/\/www.jatu.be\/fr\/wp-json\/wp\/v2\/product\/47479\/revisions\/63487"}],"wp:featuredmedia":[{"embeddable":true,"href":"https:\/\/www.jatu.be\/fr\/wp-json\/wp\/v2\/media\/63309"}],"wp:attachment":[{"href":"https:\/\/www.jatu.be\/fr\/wp-json\/wp\/v2\/media?parent=47479"}],"wp:term":[{"taxonomy":"product_cat","embeddable":true,"href":"https:\/\/www.jatu.be\/fr\/wp-json\/wp\/v2\/product_cat?post=47479"},{"taxonomy":"product_tag","embeddable":true,"href":"https:\/\/www.jatu.be\/fr\/wp-json\/wp\/v2\/product_tag?post=47479"}],"curies":[{"name":"wp","href":"https:\/\/api.w.org\/{rel}","templated":true}]}}