{"id":47481,"date":"2024-01-10T11:35:06","date_gmt":"2024-01-10T10:35:06","guid":{"rendered":"https:\/\/www.jatu.be\/?post_type=product&#038;p=47481"},"modified":"2026-03-09T09:51:11","modified_gmt":"2026-03-09T08:51:11","slug":"bordure-de-jardin-galva-terralis","status":"publish","type":"product","link":"https:\/\/www.jatu.be\/fr\/produit\/bordure-de-jardin-galva-terralis\/","title":{"rendered":"Bordure de jardin Galva &#8211; Terralis 100 x 6,5 cm"},"content":{"rendered":"","protected":false},"excerpt":{"rendered":"<h2>Acheter des bordures de jardin en acier inoxydable, Terralis 6,5 cm<\/h2>\n<p>La Terralis Galva est une bordure subtile en acier galvanis\u00e9. Elle est donc inoxydable. Achetez cette cl\u00f4ture de jardin en galva par pi\u00e8ce de 1m pour enl\u00e8vement ou livraison partout en Belgique.<\/p>\n<p>Terralis est disponible en trois hauteurs diff\u00e9rentes:<\/p>\n<ul>\n<li>100 x 6,5 cm<\/li>\n<li><a href=\"https:\/\/www.jatu.be\/fr\/produit\/bordure-de-jarding-galva-terralis-100-x-10-cm\/\">100 x 10 cm<\/a><\/li>\n<li><a href=\"https:\/\/www.jatu.be\/fr\/produit\/bordure-de-jardin-galva-terralis-100-x-15-cm\/\">100 x 15 cm<\/a><\/li>\n<\/ul>\n<p>Vous pouvez \u00e9galement acheter cette <a href=\"https:\/\/www.jatu.be\/fr\/produit\/bordure-de-jardin-corten-terralis\/\">bordure de jardin \u00e9conomique en acier Corten<\/a>. Si vous pr\u00e9f\u00e9rez toujours un style de jardin moderne, le Terralis Galva est id\u00e9al pour votre projet de jardin. Cette bordure de jardin de 6,5 cm de haut est id\u00e9ale comme bordure de jardin bon march\u00e9 avec une finition de qualit\u00e9. Elle est parfaite pour les applications l\u00e9g\u00e8res telles que les bordures de jardin, les all\u00e9es ou les \u00e9crans de pelouse o\u00f9 l&rsquo;esth\u00e9tique prime.<\/p>\n<p>Si vous voulez vous assurer que votre pelouse ou vos bordures de plantes ne poussent pas dans des zones o\u00f9 elles ne sont pas pr\u00e9vues, il est pr\u00e9f\u00e9rable d&rsquo;opter pour les Terralis de 10 ou 15 cm de haut. Elles peuvent \u00eatre ancr\u00e9es plus profond\u00e9ment, ce qui permet de cr\u00e9er un jardin encore plus facile \u00e0 entretenir.<\/p>\n<h2>Bordure de jardin multifonctionnelle: sections droites, courbes et angles \u00e0 90<\/h2>\n<p>Le Terralis a \u00e9t\u00e9 con\u00e7u pour cr\u00e9er des bordures simples et \u00e9l\u00e9gantes pour votre jardin. Les pi\u00e8ces standard sont des pi\u00e8ces droites de 1m, mais elles peuvent \u00eatre transform\u00e9es en formes inclin\u00e9es ou en angles jusqu&rsquo;\u00e0 90\u00b0 (et plus).<\/p>\n<p>Gr\u00e2ce aux connecteurs situ\u00e9s aux extr\u00e9mit\u00e9s, ils peuvent facilement \u00eatre assembl\u00e9s pour former une bordure de jardin encore plus longue. Gr\u00e2ce aux piquets fix\u00e9s, vous pouvez les ancrer directement dans le sol.<\/p>\n<p>Vous \u00eates \u00e0 la recherche d&rsquo;une cl\u00f4ture de jardin \u00e9conomique, facile \u00e0 installer et polyvalente? Le Terralis Galva ou l&rsquo;acier Corten sont faits pour vous! Commandez-les en ligne d\u00e8s maintenant et faites-les livrer chez vous dans un d\u00e9lai maximum de quatre jours ouvrables.<\/p>\n","protected":false},"featured_media":56002,"template":"","meta":{"_acf_changed":false,"inline_featured_image":false,"footnotes":""},"product_cat":[5398,5383],"product_tag":[6990],"class_list":{"0":"post-47481","1":"product","2":"type-product","3":"status-publish","4":"has-post-thumbnail","6":"product_cat-galvanisee-bordures-de-jardin","7":"product_cat-bordures-de-jardin","8":"product_tag-reduction-cat-1","10":"first","11":"instock","12":"taxable","13":"shipping-taxable","14":"purchasable","15":"product-type-variable"},"acf":{"woocommerce_erp_id":"19369","woocommerce_cnk_id":"203368","product_density":0,"custom_prices":[{"variation_id":"56009","customer_group":"CON","customer_id":"","min_qty":1,"max_qty":9999999,"steps":1,"price":11.57,"price_incl":14,"delivery_group":"COLLECT"},{"variation_id":"56009","customer_group":"CON","customer_id":"","min_qty":1,"max_qty":9999999,"steps":1,"price":11.57,"price_incl":14,"delivery_group":"DELIVERY"}],"packaging_ids":[{"packaging_name":"Pi\u00e8ce","packaging_id":"7","erp_id":"19369"}],"c_lengte":"","c_breedte":"","c_hoogte":""},"_links":{"self":[{"href":"https:\/\/www.jatu.be\/fr\/wp-json\/wp\/v2\/product\/47481","targetHints":{"allow":["GET"]}}],"collection":[{"href":"https:\/\/www.jatu.be\/fr\/wp-json\/wp\/v2\/product"}],"about":[{"href":"https:\/\/www.jatu.be\/fr\/wp-json\/wp\/v2\/types\/product"}],"version-history":[{"count":8,"href":"https:\/\/www.jatu.be\/fr\/wp-json\/wp\/v2\/product\/47481\/revisions"}],"predecessor-version":[{"id":57156,"href":"https:\/\/www.jatu.be\/fr\/wp-json\/wp\/v2\/product\/47481\/revisions\/57156"}],"wp:featuredmedia":[{"embeddable":true,"href":"https:\/\/www.jatu.be\/fr\/wp-json\/wp\/v2\/media\/56002"}],"wp:attachment":[{"href":"https:\/\/www.jatu.be\/fr\/wp-json\/wp\/v2\/media?parent=47481"}],"wp:term":[{"taxonomy":"product_cat","embeddable":true,"href":"https:\/\/www.jatu.be\/fr\/wp-json\/wp\/v2\/product_cat?post=47481"},{"taxonomy":"product_tag","embeddable":true,"href":"https:\/\/www.jatu.be\/fr\/wp-json\/wp\/v2\/product_tag?post=47481"}],"curies":[{"name":"wp","href":"https:\/\/api.w.org\/{rel}","templated":true}]}}