{"id":47483,"date":"2024-01-10T11:35:08","date_gmt":"2024-01-10T10:35:08","guid":{"rendered":"https:\/\/www.jatu.be\/?post_type=product&#038;p=47483"},"modified":"2026-03-09T09:51:32","modified_gmt":"2026-03-09T08:51:32","slug":"barenbrug-shadow-15kg","status":"publish","type":"product","link":"https:\/\/www.jatu.be\/fr\/produit\/barenbrug-shadow-15kg\/","title":{"rendered":"Barenbrug Shadow &#8211; 15kg"},"content":{"rendered":"","protected":false},"excerpt":{"rendered":"<p>Vous \u00eates \u00e0 la recherche de semences de gazon robustes qui poussent aussi bien \u00e0 l&rsquo;ombre qu&rsquo;au soleil ? D\u00e9couvrez Barenbrug Shadow !<\/p>\n<h2>Acheter des semences de gazon : Barenbrug Shadow &#8211; Parfait pour les zones ombrag\u00e9es<\/h2>\n<p>Chez Jatu, vous pouvez facilement commander en ligne cette graine de gazon exceptionnellement r\u00e9sistante, avec une livraison dans toute la Belgique dans les quatre jours ouvrables. Pour ceux qui pr\u00e9f\u00e8rent avoir leur achat en main imm\u00e9diatement, il est \u00e9galement possible de venir le chercher dans nos points d&rsquo;enl\u00e8vement. N&rsquo;h\u00e9sitez plus et transformez votre pelouse.<\/p>\n<h2>La semence de gazon pour l&rsquo;ombre et tous ses avantages.&nbsp;<\/h2>\n<p>Barenbrug Shadow offre de nombreux avantages. Il emp\u00eache la formation de mousse dans les zones ombrag\u00e9es et cr\u00e9e une belle surface de gazon enti\u00e8rement constitu\u00e9e d&rsquo;herbe. Vous pouvez compter sur un gazon dense qui \u00e9vite les zones d\u00e9nud\u00e9es et qui se distingue \u00e9galement par sa tol\u00e9rance \u00e0 l&rsquo;ombre et sa r\u00e9sistance au pi\u00e9tinement. Cette graine de gazon est donc id\u00e9ale pour les jeux et les jardins d&rsquo;agr\u00e9ment.<\/p>\n<p>Choisissez Barenbrug Shadow et profitez d&rsquo;un gazon luxuriant, m\u00eame \u00e0 l&rsquo;ombre !<\/p>\n","protected":false},"featured_media":56070,"template":"","meta":{"_acf_changed":false,"inline_featured_image":false,"footnotes":""},"product_cat":[5405,6864],"product_tag":[],"class_list":{"0":"post-47483","1":"product","2":"type-product","3":"status-publish","4":"has-post-thumbnail","6":"product_cat-semences-gazon","7":"product_cat-entretien-des-jardins","9":"first","10":"instock","11":"taxable","12":"shipping-taxable","13":"purchasable","14":"product-type-variable","15":"has-default-attributes"},"acf":{"woocommerce_erp_id":"19376","woocommerce_cnk_id":"203375","product_density":1,"custom_prices":[{"variation_id":"47819","customer_group":"CON","customer_id":"","min_qty":1,"max_qty":9999999,"steps":1,"price":171.7,"price_incl":182,"delivery_group":"DELIVERY"},{"variation_id":"47819","customer_group":"CON","customer_id":"","min_qty":1,"max_qty":9999999,"steps":1,"price":171.7,"price_incl":182,"delivery_group":"COLLECT"}],"packaging_ids":[{"packaging_name":"Pi\u00e8ce","packaging_id":"7","erp_id":"19376"}],"c_lengte":"","c_breedte":"","c_hoogte":""},"_links":{"self":[{"href":"https:\/\/www.jatu.be\/fr\/wp-json\/wp\/v2\/product\/47483","targetHints":{"allow":["GET"]}}],"collection":[{"href":"https:\/\/www.jatu.be\/fr\/wp-json\/wp\/v2\/product"}],"about":[{"href":"https:\/\/www.jatu.be\/fr\/wp-json\/wp\/v2\/types\/product"}],"version-history":[{"count":1,"href":"https:\/\/www.jatu.be\/fr\/wp-json\/wp\/v2\/product\/47483\/revisions"}],"predecessor-version":[{"id":54294,"href":"https:\/\/www.jatu.be\/fr\/wp-json\/wp\/v2\/product\/47483\/revisions\/54294"}],"wp:featuredmedia":[{"embeddable":true,"href":"https:\/\/www.jatu.be\/fr\/wp-json\/wp\/v2\/media\/56070"}],"wp:attachment":[{"href":"https:\/\/www.jatu.be\/fr\/wp-json\/wp\/v2\/media?parent=47483"}],"wp:term":[{"taxonomy":"product_cat","embeddable":true,"href":"https:\/\/www.jatu.be\/fr\/wp-json\/wp\/v2\/product_cat?post=47483"},{"taxonomy":"product_tag","embeddable":true,"href":"https:\/\/www.jatu.be\/fr\/wp-json\/wp\/v2\/product_tag?post=47483"}],"curies":[{"name":"wp","href":"https:\/\/api.w.org\/{rel}","templated":true}]}}