{"id":47489,"date":"2024-01-10T11:35:15","date_gmt":"2024-01-10T10:35:15","guid":{"rendered":"https:\/\/www.jatu.be\/?post_type=product&#038;p=47489"},"modified":"2026-03-09T09:52:11","modified_gmt":"2026-03-09T08:52:11","slug":"sable-darbre-creatree-city","status":"publish","type":"product","link":"https:\/\/www.jatu.be\/fr\/produit\/sable-darbre-creatree-city\/","title":{"rendered":"Sable d&rsquo;arbre &#8211; CREAtree city"},"content":{"rendered":"","protected":false},"excerpt":{"rendered":"<h2>Acheter du sable d&rsquo;arbre<\/h2>\n<p>CREAtree City ou sable d&rsquo;arbre est un m\u00e9lange soigneusement formul\u00e9 et \u00e9cologique d&rsquo;ingr\u00e9dients naturels, dont du sable doux, des granul\u00e9s d&rsquo;argile, de la terre nutritive et des champignons de sol. Ce m\u00e9lange unique est sp\u00e9cialement con\u00e7u pour favoriser la sant\u00e9 et la vitalit\u00e9 des <strong>arbres et arbustes<\/strong> dans des environnements sensibles. Le remplissage des trous de plantation avec cet amendement de sol de haute qualit\u00e9 am\u00e9liorera consid\u00e9rablement la croissance de la verdure dans les zones urbaines.<\/p>\n<h2>Pourquoi utiliser du sable d&rsquo;arbre ?\u00a0<\/h2>\n<p>Le sable d&rsquo;arbre, comme celui de CREAtree City, est un excellent substrat dot\u00e9 d&rsquo;une perm\u00e9abilit\u00e9 \u00e0 l&rsquo;eau sup\u00e9rieure, essentielle \u00e0 la croissance saine et durable des arbres et arbustes. Il offre un environnement de croissance id\u00e9al en cr\u00e9ant un \u00e9quilibre optimal entre l&rsquo;air et l&rsquo;humidit\u00e9 dans le sol, ce qui se traduit par des racines plus fortes et une meilleure absorption des nutriments.<\/p>\n<h2>Avantages du sable pour arbres<\/h2>\n<p>Ce sable d&rsquo;arbre de rue peut \u00e9galement \u00eatre compact\u00e9 pour poser des clinkers, par exemple, \u00e0 proximit\u00e9 d&rsquo;une plantation d&rsquo;arbre, de sorte que les racines soient toujours libres de poursuivre leur croissance dans ce substrat.<\/p>\n","protected":false},"featured_media":50925,"template":"","meta":{"_acf_changed":false,"inline_featured_image":false,"footnotes":""},"product_cat":[5386],"product_tag":[],"class_list":{"0":"post-47489","1":"product","2":"type-product","3":"status-publish","4":"has-post-thumbnail","6":"product_cat-soins-aux-arbres","8":"first","9":"instock","10":"taxable","11":"shipping-taxable","12":"purchasable","13":"product-type-variable","14":"has-default-attributes"},"acf":{"woocommerce_erp_id":"19404","woocommerce_cnk_id":"203403","product_density":1.1,"custom_prices":[{"variation_id":"47854","customer_group":"CON","customer_id":"","min_qty":1,"max_qty":9999999,"steps":1,"price":120.66,"price_incl":146,"delivery_group":"COLLECT"},{"variation_id":"47854","customer_group":"CON","customer_id":"","min_qty":1,"max_qty":9999999,"steps":1,"price":120.66,"price_incl":146,"delivery_group":"DELIVERY"},{"variation_id":"48675","customer_group":"CON","customer_id":"","min_qty":0.5,"max_qty":9999999,"steps":0.1,"price":90.91,"price_incl":110,"delivery_group":"COLLECT"},{"variation_id":"48675","customer_group":"CON","customer_id":"","min_qty":5,"max_qty":9999999,"steps":0.1,"price":90.91,"price_incl":110,"delivery_group":"DELIVERY"}],"packaging_ids":[{"packaging_name":"En vrac (\u00e0 partir de m\u00b3)","packaging_id":"11","erp_id":"19404"},{"packaging_name":"Big bag 1 m\u00b3","packaging_id":"9","erp_id":"19405"}],"c_lengte":"","c_breedte":"","c_hoogte":""},"_links":{"self":[{"href":"https:\/\/www.jatu.be\/fr\/wp-json\/wp\/v2\/product\/47489","targetHints":{"allow":["GET"]}}],"collection":[{"href":"https:\/\/www.jatu.be\/fr\/wp-json\/wp\/v2\/product"}],"about":[{"href":"https:\/\/www.jatu.be\/fr\/wp-json\/wp\/v2\/types\/product"}],"version-history":[{"count":1,"href":"https:\/\/www.jatu.be\/fr\/wp-json\/wp\/v2\/product\/47489\/revisions"}],"predecessor-version":[{"id":50927,"href":"https:\/\/www.jatu.be\/fr\/wp-json\/wp\/v2\/product\/47489\/revisions\/50927"}],"wp:featuredmedia":[{"embeddable":true,"href":"https:\/\/www.jatu.be\/fr\/wp-json\/wp\/v2\/media\/50925"}],"wp:attachment":[{"href":"https:\/\/www.jatu.be\/fr\/wp-json\/wp\/v2\/media?parent=47489"}],"wp:term":[{"taxonomy":"product_cat","embeddable":true,"href":"https:\/\/www.jatu.be\/fr\/wp-json\/wp\/v2\/product_cat?post=47489"},{"taxonomy":"product_tag","embeddable":true,"href":"https:\/\/www.jatu.be\/fr\/wp-json\/wp\/v2\/product_tag?post=47489"}],"curies":[{"name":"wp","href":"https:\/\/api.w.org\/{rel}","templated":true}]}}