{"id":47491,"date":"2024-01-10T11:35:17","date_gmt":"2024-01-10T10:35:17","guid":{"rendered":"https:\/\/www.jatu.be\/?post_type=product&#038;p=47491"},"modified":"2026-03-31T11:49:12","modified_gmt":"2026-03-31T09:49:12","slug":"protection-des-arbres-ecco-tree-guard-120-cm","status":"publish","type":"product","link":"https:\/\/www.jatu.be\/fr\/produit\/protection-des-arbres-ecco-tree-guard-120-cm\/","title":{"rendered":"Protection des arbres &#8211; ECCO Tree Guard 120 cm"},"content":{"rendered":"","protected":false},"excerpt":{"rendered":"<h2>Acheter protection des arbres<\/h2>\n<p>D\u00e9couvrez l&rsquo;ECCO Tree Guard : une protection fiable des arbres<\/p>\n<p>Le Tree Guard d&rsquo;ECCO est votre partenaire de confiance pour une protection efficace des arbres. Gr\u00e2ce \u00e0 des perforations astucieuses, nous veillons \u00e0 ce que vos arbres re\u00e7oivent <strong>suffisamment d&rsquo;air, de lumi\u00e8re et de soleil<\/strong>, <strong>sans risque de croissance fongique<\/strong>. Notre protection des arbres permet \u00e0 vos arbres de \u00ab\u00a0respirer\u00a0\u00bb.<\/p>\n<h2>Comment utiliser la protection des arbres ?<\/h2>\n<p>Notre protection d&rsquo;arbre ECCO est con\u00e7ue pour r\u00e9sister \u00e0 tous les caprices de Dame Nature. L&rsquo;installation est un jeu d&rsquo;enfant, gr\u00e2ce \u00e0 la d\u00e9coupe pratique sur toute la longueur qui permet \u00e0 la protection d&rsquo;arbre ECCO de se refermer automatiquement.<\/p>\n<p>Ce qui distingue vraiment ce prot\u00e8ge-arbre, c&rsquo;est la partie inf\u00e9rieure non perfor\u00e9e de 10 \u00e0 15 cm. Elle offre une protection solide contre les souris curieuses. Le prot\u00e8ge-arbre ECCO est la solution ultime pour <strong>prot\u00e9ger vos arbres contre les morsures, les abrasions et les griffures des animaux<\/strong>.<\/p>\n<p>&nbsp;<\/p>\n<p>Choisissez le prot\u00e8ge-arbre ECCO et donnez \u00e0 vos arbres la protection qu&rsquo;ils m\u00e9ritent, tout en prosp\u00e9rant dans l&rsquo;environnement naturel.<\/p>\n","protected":false},"featured_media":50901,"template":"","meta":{"_acf_changed":false,"inline_featured_image":false,"footnotes":""},"product_cat":[5386],"product_tag":[],"class_list":{"0":"post-47491","1":"product","2":"type-product","3":"status-publish","4":"has-post-thumbnail","6":"product_cat-soins-aux-arbres","8":"first","9":"instock","10":"taxable","11":"shipping-taxable","12":"purchasable","13":"product-type-variable","14":"has-default-attributes"},"acf":{"woocommerce_erp_id":"19406","woocommerce_cnk_id":"203405","product_density":0,"custom_prices":[{"variation_id":"54886","customer_group":"CON","customer_id":"","min_qty":5,"max_qty":9999999,"steps":5,"price":2.5,"price_incl":3.03,"delivery_group":"COLLECT"},{"variation_id":"54886","customer_group":"CON","customer_id":"","min_qty":5,"max_qty":9999999,"steps":5,"price":2.5,"price_incl":3.03,"delivery_group":"DELIVERY"}],"packaging_ids":[{"packaging_name":"Pi\u00e8ce","packaging_id":"7","erp_id":"19406"}],"c_lengte":"","c_breedte":"","c_hoogte":""},"_links":{"self":[{"href":"https:\/\/www.jatu.be\/fr\/wp-json\/wp\/v2\/product\/47491","targetHints":{"allow":["GET"]}}],"collection":[{"href":"https:\/\/www.jatu.be\/fr\/wp-json\/wp\/v2\/product"}],"about":[{"href":"https:\/\/www.jatu.be\/fr\/wp-json\/wp\/v2\/types\/product"}],"version-history":[{"count":1,"href":"https:\/\/www.jatu.be\/fr\/wp-json\/wp\/v2\/product\/47491\/revisions"}],"predecessor-version":[{"id":50905,"href":"https:\/\/www.jatu.be\/fr\/wp-json\/wp\/v2\/product\/47491\/revisions\/50905"}],"wp:featuredmedia":[{"embeddable":true,"href":"https:\/\/www.jatu.be\/fr\/wp-json\/wp\/v2\/media\/50901"}],"wp:attachment":[{"href":"https:\/\/www.jatu.be\/fr\/wp-json\/wp\/v2\/media?parent=47491"}],"wp:term":[{"taxonomy":"product_cat","embeddable":true,"href":"https:\/\/www.jatu.be\/fr\/wp-json\/wp\/v2\/product_cat?post=47491"},{"taxonomy":"product_tag","embeddable":true,"href":"https:\/\/www.jatu.be\/fr\/wp-json\/wp\/v2\/product_tag?post=47491"}],"curies":[{"name":"wp","href":"https:\/\/api.w.org\/{rel}","templated":true}]}}