{"id":47493,"date":"2024-01-10T11:35:19","date_gmt":"2024-01-10T10:35:19","guid":{"rendered":"https:\/\/www.jatu.be\/?post_type=product&#038;p=47493"},"modified":"2026-03-09T09:52:20","modified_gmt":"2026-03-09T08:52:20","slug":"sac-a-eau-pour-arbre-ecc-o-bag-75-l","status":"publish","type":"product","link":"https:\/\/www.jatu.be\/fr\/produit\/sac-a-eau-pour-arbre-ecc-o-bag-75-l\/","title":{"rendered":"Sac \u00e0 eau pour arbre &#8211; ECC-O-Bag 75 L"},"content":{"rendered":"","protected":false},"excerpt":{"rendered":"<h2>Acheter un sac d&rsquo;arrosage pour arbres ?<\/h2>\n<p>D\u00e9couvrez l&rsquo;ECC-O-Bag : le sac d&rsquo;irrigation r\u00e9utilisable parfait pour une irrigation efficace et uniforme, favorisant une absorption optimale de l&rsquo;eau par les arbres sans saturation inutile du sol. Cela contribue \u00e0 prot\u00e9ger les arbres pendant les p\u00e9riodes de s\u00e9cheresse extr\u00eame. Gr\u00e2ce au syst\u00e8me de fermeture \u00e9clair pratique, l&rsquo;ECC-O-Bag est facile \u00e0 installer et convient \u00e0 diff\u00e9rentes diam\u00e8tres d&rsquo;arbres, permettant de relier plusieurs sacs d&rsquo;eau. Le mat\u00e9riau utilis\u00e9 est durable, r\u00e9sistant aux d\u00e9chirures et aux rayons UV, ainsi qu&rsquo;aux intemp\u00e9ries.<\/p>\n<h2>Quand utiliser un sac d&rsquo;arrosage pour arbre ?<\/h2>\n<p>L&rsquo;ECC-O-Bag est id\u00e9al pour une utilisation apr\u00e8s la plantation ou le d\u00e9placement des arbres et convient \u00e9galement \u00e0 l&rsquo;application d&rsquo;engrais liquides pour les arbres.<\/p>\n<h2>Comment l&rsquo;utiliser<\/h2>\n<p>Remplissez l&rsquo;ECC-O-Bag une \u00e0 deux fois par semaine avec 75 litres d&rsquo;eau propre pour \u00e9viter tout colmatage des trous.<\/p>\n","protected":false},"featured_media":50890,"template":"","meta":{"_acf_changed":false,"inline_featured_image":false,"footnotes":""},"product_cat":[5386],"product_tag":[],"class_list":{"0":"post-47493","1":"product","2":"type-product","3":"status-publish","4":"has-post-thumbnail","6":"product_cat-soins-aux-arbres","8":"first","9":"instock","10":"taxable","11":"shipping-taxable","12":"purchasable","13":"product-type-variable","14":"has-default-attributes"},"acf":{"woocommerce_erp_id":"19407","woocommerce_cnk_id":"203406","product_density":0,"custom_prices":[{"variation_id":"54887","customer_group":"CON","customer_id":"","min_qty":1,"max_qty":9999999,"steps":1,"price":14.05,"price_incl":17,"delivery_group":"DELIVERY"},{"variation_id":"54887","customer_group":"CON","customer_id":"","min_qty":1,"max_qty":9999999,"steps":1,"price":14.05,"price_incl":17,"delivery_group":"COLLECT"}],"packaging_ids":[{"packaging_name":"Pi\u00e8ce","packaging_id":"7","erp_id":"19407"}],"c_lengte":"","c_breedte":"","c_hoogte":""},"_links":{"self":[{"href":"https:\/\/www.jatu.be\/fr\/wp-json\/wp\/v2\/product\/47493","targetHints":{"allow":["GET"]}}],"collection":[{"href":"https:\/\/www.jatu.be\/fr\/wp-json\/wp\/v2\/product"}],"about":[{"href":"https:\/\/www.jatu.be\/fr\/wp-json\/wp\/v2\/types\/product"}],"version-history":[{"count":1,"href":"https:\/\/www.jatu.be\/fr\/wp-json\/wp\/v2\/product\/47493\/revisions"}],"predecessor-version":[{"id":50893,"href":"https:\/\/www.jatu.be\/fr\/wp-json\/wp\/v2\/product\/47493\/revisions\/50893"}],"wp:featuredmedia":[{"embeddable":true,"href":"https:\/\/www.jatu.be\/fr\/wp-json\/wp\/v2\/media\/50890"}],"wp:attachment":[{"href":"https:\/\/www.jatu.be\/fr\/wp-json\/wp\/v2\/media?parent=47493"}],"wp:term":[{"taxonomy":"product_cat","embeddable":true,"href":"https:\/\/www.jatu.be\/fr\/wp-json\/wp\/v2\/product_cat?post=47493"},{"taxonomy":"product_tag","embeddable":true,"href":"https:\/\/www.jatu.be\/fr\/wp-json\/wp\/v2\/product_tag?post=47493"}],"curies":[{"name":"wp","href":"https:\/\/api.w.org\/{rel}","templated":true}]}}