{"id":47497,"date":"2024-01-10T11:35:24","date_gmt":"2024-01-10T10:35:24","guid":{"rendered":"https:\/\/www.jatu.be\/?post_type=product&#038;p=47497"},"modified":"2026-03-09T09:52:30","modified_gmt":"2026-03-09T08:52:30","slug":"eccoborder-flex-noir-25m-x-14cm","status":"publish","type":"product","link":"https:\/\/www.jatu.be\/fr\/produit\/eccoborder-flex-noir-25m-x-14cm\/","title":{"rendered":"ECCOborder Flex Noir &#8211; 25m x 14cm"},"content":{"rendered":"","protected":false},"excerpt":{"rendered":"<h2>Acheter des bordures de jardin noires<\/h2>\n<p>Vous voulez donner un nouveau look \u00e0 votre jardin? D\u00e9couvrez notre derni\u00e8re version de bordures de jardin flexibles en plastique : ECCOborder Flex. Cette bordure en rouleau, facile \u00e0 installer, est maintenant disponible pour l&rsquo;enl\u00e8vement ou la livraison. Toujours en stock, elle peut donc \u00eatre enlev\u00e9e imm\u00e9diatement et livr\u00e9e rapidement dans les quatre jours ouvrables partout en Belgique.<\/p>\n<p>Quelques avantages de l&rsquo;Ecolat en rouleau :<\/p>\n<ul>\n<li>PVC recycl\u00e9<\/li>\n<li>Bordure flexible<\/li>\n<li>Facile \u00e0 installer<\/li>\n<li>Durable et abordable<\/li>\n<li>Utilisation double face<\/li>\n<li>Budget raisonnable<\/li>\n<\/ul>\n<h2>Comment installer les bordures de jardin en rouleau?<\/h2>\n<p>La bordure de jardin ECCOborder flex est polyvalente et convient \u00e0 diverses applications dans votre jardin, comme les pelouses, les all\u00e9es de jardin, les bordures et les parterres de fleurs avec du gravier, des cailloux, des \u00e9corces d&rsquo;arbres ou des coquillages. En outre, cette bordure de jardin en plastique peut parfaitement servir \u00e0 cr\u00e9er un bord d&rsquo;\u00e9tang plat sans feuille visible.<\/p>\n<p>Vous pouvez facilement fixer l&rsquo;ECCOborder flex dans le sol \u00e0 l&rsquo;aide du <a href=\"https:\/\/www.jatu.be\/fr\/produit\/piquet-pour-bordure-de-jardin-multi-profile-38cm\/\" target=\"_blank\" rel=\"noopener noreferrer\">piquet Ecopic-H de 38 cm<\/a>. Cette bordure en plastique durable peut \u00eatre utilis\u00e9e de la m\u00eame mani\u00e8re que le bois. Tapotez les piquets suffisamment profond\u00e9ment pour qu&rsquo;ils soient \u00e0 peine visibles et vissez-les. Vous obtiendrez ainsi une bordure de jardin propre, simple et \u00e9conomique.<\/p>\n","protected":false},"featured_media":50577,"template":"","meta":{"_acf_changed":false,"inline_featured_image":false,"footnotes":""},"product_cat":[5408,5383,5423],"product_tag":[6990],"class_list":{"0":"post-47497","1":"product","2":"type-product","3":"status-publish","4":"has-post-thumbnail","6":"product_cat-plastique-bordures-de-jardin","7":"product_cat-bordures-de-jardin","8":"product_cat-bordures-de-jardin-noires","9":"product_tag-reduction-cat-1","11":"first","12":"instock","13":"taxable","14":"shipping-taxable","15":"purchasable","16":"product-type-variable","17":"has-default-attributes"},"acf":{"woocommerce_erp_id":"19413","woocommerce_cnk_id":"203412","product_density":0,"custom_prices":[{"variation_id":"54888","customer_group":"CON","customer_id":"","min_qty":1,"max_qty":9999999,"steps":1,"price":94.21,"price_incl":114,"delivery_group":"COLLECT"},{"variation_id":"54888","customer_group":"CON","customer_id":"","min_qty":1,"max_qty":9999999,"steps":1,"price":94.21,"price_incl":114,"delivery_group":"DELIVERY"}],"packaging_ids":[{"packaging_name":"Pi\u00e8ce","packaging_id":"7","erp_id":"19413"}],"c_lengte":"","c_breedte":"","c_hoogte":""},"_links":{"self":[{"href":"https:\/\/www.jatu.be\/fr\/wp-json\/wp\/v2\/product\/47497","targetHints":{"allow":["GET"]}}],"collection":[{"href":"https:\/\/www.jatu.be\/fr\/wp-json\/wp\/v2\/product"}],"about":[{"href":"https:\/\/www.jatu.be\/fr\/wp-json\/wp\/v2\/types\/product"}],"version-history":[{"count":3,"href":"https:\/\/www.jatu.be\/fr\/wp-json\/wp\/v2\/product\/47497\/revisions"}],"predecessor-version":[{"id":57496,"href":"https:\/\/www.jatu.be\/fr\/wp-json\/wp\/v2\/product\/47497\/revisions\/57496"}],"wp:featuredmedia":[{"embeddable":true,"href":"https:\/\/www.jatu.be\/fr\/wp-json\/wp\/v2\/media\/50577"}],"wp:attachment":[{"href":"https:\/\/www.jatu.be\/fr\/wp-json\/wp\/v2\/media?parent=47497"}],"wp:term":[{"taxonomy":"product_cat","embeddable":true,"href":"https:\/\/www.jatu.be\/fr\/wp-json\/wp\/v2\/product_cat?post=47497"},{"taxonomy":"product_tag","embeddable":true,"href":"https:\/\/www.jatu.be\/fr\/wp-json\/wp\/v2\/product_tag?post=47497"}],"curies":[{"name":"wp","href":"https:\/\/api.w.org\/{rel}","templated":true}]}}