{"id":47499,"date":"2024-01-10T11:35:26","date_gmt":"2024-01-10T10:35:26","guid":{"rendered":"https:\/\/www.jatu.be\/?post_type=product&#038;p=47499"},"modified":"2026-03-09T09:52:35","modified_gmt":"2026-03-09T08:52:35","slug":"semence-pour-gazon-de-sport-barenbrug-bar-power-rpr-15kg","status":"publish","type":"product","link":"https:\/\/www.jatu.be\/fr\/produit\/semence-pour-gazon-de-sport-barenbrug-bar-power-rpr-15kg\/","title":{"rendered":"Semence pour gazon de sport &#8211; Barenbrug Bar Power RPR 15kg"},"content":{"rendered":"","protected":false},"excerpt":{"rendered":"<h2>Acheter de la semence de gazon Barenbrug Bar Power RPR<\/h2>\n<p>Vous \u00eates \u00e0 la recherche de semences de gazon de haute qualit\u00e9 qui r\u00e9sistent \u00e0 un usage intensif ? D\u00e9couvrez Barenbrug Bar Power RPR !<\/p>\n<p>Chez Jatu, vous pouvez facilement commander cette puissante semence de gazon en ligne, avec une livraison dans toute la Belgique dans les quatre jours ouvrables. Pour ceux qui pr\u00e9f\u00e8rent avoir leur achat en main imm\u00e9diatement, il est \u00e9galement possible de venir le chercher dans nos points de collecte. Pourquoi attendre ? Transformez votre pelouse avec Bar Power RPR d\u00e8s aujourd&rsquo;hui !<\/p>\n<h2>Quand faut-il semer du gazon ?<\/h2>\n<p>Avec le Bar Power RPR de Barenbrug, vous pouvez commencer \u00e0 semer d\u00e8s le mois de mars. Il suffit de 2,5 \u00e0 3 kg pour couvrir 100 m\u00b2. Cette semence de gazon polyvalente convient aussi bien aux nouvelles constructions (semis) qu&rsquo;aux semis compl\u00e9mentaires (sursemis) et peut \u00eatre utilis\u00e9e dans les jardins, les parcs, les terrains de sport, les terrains de golf et les terrains de football.<\/p>\n<h2>Pourquoi choisir Barenbrug Power RPR ?<\/h2>\n<p>RPR est l&rsquo;abr\u00e9viation de Regenerating Perennial Ryegrass (ray-grass vivace r\u00e9g\u00e9n\u00e9rant). Gr\u00e2ce \u00e0 ses pousses, l&rsquo;herbe forme un r\u00e9seau solide qui rend votre pelouse presque indestructible. M\u00eame en cas de d\u00e9g\u00e2ts, les semences de gazon RPR se r\u00e9tablissent rapidement. Sa force et sa rapidit\u00e9 permettent de r\u00e9duire le temps d&rsquo;attente avant l&rsquo;utilisation. De plus, votre gazon conservera sa densit\u00e9 gr\u00e2ce \u00e0 sa grande r\u00e9sistance aux maladies, ce qui r\u00e9duit consid\u00e9rablement les chances de voir appara\u00eetre des mauvaises herbes.<\/p>\n<p>Achetez Barenbrug Bar Power RPR d\u00e8s maintenant et profitez d&rsquo;un gazon magnifique et durable !<\/p>\n","protected":false},"featured_media":50208,"template":"","meta":{"_acf_changed":false,"inline_featured_image":false,"footnotes":""},"product_cat":[5405,6864],"product_tag":[],"class_list":{"0":"post-47499","1":"product","2":"type-product","3":"status-publish","4":"has-post-thumbnail","6":"product_cat-semences-gazon","7":"product_cat-entretien-des-jardins","9":"first","10":"instock","11":"taxable","12":"shipping-taxable","13":"purchasable","14":"product-type-variable","15":"has-default-attributes"},"acf":{"woocommerce_erp_id":"19414","woocommerce_cnk_id":"203413","product_density":1,"custom_prices":[{"variation_id":"54889","customer_group":"CON","customer_id":"","min_qty":1,"max_qty":9999999,"steps":1,"price":152.83,"price_incl":162,"delivery_group":"DELIVERY"},{"variation_id":"54889","customer_group":"CON","customer_id":"","min_qty":1,"max_qty":9999999,"steps":1,"price":152.83,"price_incl":162,"delivery_group":"COLLECT"}],"packaging_ids":[{"packaging_name":"Pi\u00e8ce","packaging_id":"7","erp_id":"19414"}],"c_lengte":"","c_breedte":"","c_hoogte":""},"_links":{"self":[{"href":"https:\/\/www.jatu.be\/fr\/wp-json\/wp\/v2\/product\/47499","targetHints":{"allow":["GET"]}}],"collection":[{"href":"https:\/\/www.jatu.be\/fr\/wp-json\/wp\/v2\/product"}],"about":[{"href":"https:\/\/www.jatu.be\/fr\/wp-json\/wp\/v2\/types\/product"}],"version-history":[{"count":1,"href":"https:\/\/www.jatu.be\/fr\/wp-json\/wp\/v2\/product\/47499\/revisions"}],"predecessor-version":[{"id":50210,"href":"https:\/\/www.jatu.be\/fr\/wp-json\/wp\/v2\/product\/47499\/revisions\/50210"}],"wp:featuredmedia":[{"embeddable":true,"href":"https:\/\/www.jatu.be\/fr\/wp-json\/wp\/v2\/media\/50208"}],"wp:attachment":[{"href":"https:\/\/www.jatu.be\/fr\/wp-json\/wp\/v2\/media?parent=47499"}],"wp:term":[{"taxonomy":"product_cat","embeddable":true,"href":"https:\/\/www.jatu.be\/fr\/wp-json\/wp\/v2\/product_cat?post=47499"},{"taxonomy":"product_tag","embeddable":true,"href":"https:\/\/www.jatu.be\/fr\/wp-json\/wp\/v2\/product_tag?post=47499"}],"curies":[{"name":"wp","href":"https:\/\/api.w.org\/{rel}","templated":true}]}}