{"id":47501,"date":"2024-01-10T11:35:28","date_gmt":"2024-01-10T10:35:28","guid":{"rendered":"https:\/\/www.jatu.be\/?post_type=product&#038;p=47501"},"modified":"2026-03-09T09:52:39","modified_gmt":"2026-03-09T08:52:39","slug":"semences-de-gazon-pour-tondeuses-robotisees-barenbrug-mow-saver-15kg","status":"publish","type":"product","link":"https:\/\/www.jatu.be\/fr\/produit\/semences-de-gazon-pour-tondeuses-robotisees-barenbrug-mow-saver-15kg\/","title":{"rendered":"Semences de gazon pour tondeuses robotis\u00e9es &#8211; Barenbrug Mow Saver 15kg"},"content":{"rendered":"","protected":false},"excerpt":{"rendered":"<p>Vous cherchez la meilleure solution pour \u00e9conomiser du temps et des efforts lors de la tonte de votre pelouse ? D\u00e9couvrez les semences de gazon Barenbrug Mow Saver !<\/p>\n<h2>Acheter des semences de gazon : Barenbrug Mow Saver &#8211; Gagnez du temps et de l&rsquo;\u00e9nergie<\/h2>\n<p>Chez Jatu, vous pouvez commander en ligne les semences de gazon Barenbrug Mow Saver sans effort, avec une livraison rapide dans toute la Belgique dans les quatre jours ouvrables. Si vous pr\u00e9f\u00e9rez avoir votre achat en main imm\u00e9diatement, vous pouvez \u00e9galement venir le chercher dans nos points de collecte.<\/p>\n<p>Le gazon id\u00e9al pour les tondeuses robotis\u00e9es. Saviez-vous que les semences de gazon Barenbrug Mow Saver sont parfaites pour les robots tondeuses ? Cette semence de gazon \u00e0 faible croissance fait de la tonte un jeu d&rsquo;enfant.<\/p>\n<h2>Semences de gazon \u00e9cologiques pour un environnement plus vert<\/h2>\n<p>Les semences de gazon Barenbrug Mow Saver ne sont pas seulement pratiques, elles sont aussi \u00e9cologiques. Gr\u00e2ce \u00e0 l&rsquo;implantation rapide de ce gazon, il y a beaucoup moins d&rsquo;herbe coup\u00e9e. Cela signifie moins de tonte, moins de consommation de carburant et une contribution positive \u00e0 la biodiversit\u00e9 de votre jardin. Choisissez Barenbrug Mow Saver et rendez votre jardin plus vert et plus facile \u00e0 entretenir !<\/p>\n","protected":false},"featured_media":50217,"template":"","meta":{"_acf_changed":false,"inline_featured_image":false,"footnotes":""},"product_cat":[5405,6864],"product_tag":[],"class_list":{"0":"post-47501","1":"product","2":"type-product","3":"status-publish","4":"has-post-thumbnail","6":"product_cat-semences-gazon","7":"product_cat-entretien-des-jardins","9":"first","10":"instock","11":"taxable","12":"shipping-taxable","13":"purchasable","14":"product-type-variable","15":"has-default-attributes"},"acf":{"woocommerce_erp_id":"19415","woocommerce_cnk_id":"203414","product_density":1,"custom_prices":[{"variation_id":"54890","customer_group":"CON","customer_id":"","min_qty":1,"max_qty":9999999,"steps":1,"price":166.98,"price_incl":177,"delivery_group":"DELIVERY"},{"variation_id":"54890","customer_group":"CON","customer_id":"","min_qty":1,"max_qty":9999999,"steps":1,"price":166.98,"price_incl":177,"delivery_group":"COLLECT"}],"packaging_ids":[{"packaging_name":"Pi\u00e8ce","packaging_id":"7","erp_id":"19415"}],"c_lengte":"","c_breedte":"","c_hoogte":""},"_links":{"self":[{"href":"https:\/\/www.jatu.be\/fr\/wp-json\/wp\/v2\/product\/47501","targetHints":{"allow":["GET"]}}],"collection":[{"href":"https:\/\/www.jatu.be\/fr\/wp-json\/wp\/v2\/product"}],"about":[{"href":"https:\/\/www.jatu.be\/fr\/wp-json\/wp\/v2\/types\/product"}],"version-history":[{"count":3,"href":"https:\/\/www.jatu.be\/fr\/wp-json\/wp\/v2\/product\/47501\/revisions"}],"predecessor-version":[{"id":53646,"href":"https:\/\/www.jatu.be\/fr\/wp-json\/wp\/v2\/product\/47501\/revisions\/53646"}],"wp:featuredmedia":[{"embeddable":true,"href":"https:\/\/www.jatu.be\/fr\/wp-json\/wp\/v2\/media\/50217"}],"wp:attachment":[{"href":"https:\/\/www.jatu.be\/fr\/wp-json\/wp\/v2\/media?parent=47501"}],"wp:term":[{"taxonomy":"product_cat","embeddable":true,"href":"https:\/\/www.jatu.be\/fr\/wp-json\/wp\/v2\/product_cat?post=47501"},{"taxonomy":"product_tag","embeddable":true,"href":"https:\/\/www.jatu.be\/fr\/wp-json\/wp\/v2\/product_tag?post=47501"}],"curies":[{"name":"wp","href":"https:\/\/api.w.org\/{rel}","templated":true}]}}