{"id":47505,"date":"2024-01-10T11:35:33","date_gmt":"2024-01-10T10:35:33","guid":{"rendered":"https:\/\/www.jatu.be\/?post_type=product&#038;p=47505"},"modified":"2026-03-09T09:52:49","modified_gmt":"2026-03-09T08:52:49","slug":"eccoborders-easyfix-cs-galva-10-cm-flexible","status":"publish","type":"product","link":"https:\/\/www.jatu.be\/fr\/produit\/eccoborders-easyfix-cs-galva-10-cm-flexible\/","title":{"rendered":"Bordure flexible en acier inoxydable: Easyfix CS Galva &#8211; 1440 x 10 cm"},"content":{"rendered":"","protected":false},"excerpt":{"rendered":"<h2>ECCOborders Easyfix CS Galva 10 cm &#8211; La solution flexible et durable pour vos projets de jardinage<\/h2>\n<p><strong>ECCOborders Easyfix CS Galva 10 cm<\/strong> est le choix id\u00e9al si vous recherchez une <a href=\"https:\/\/www.jatu.be\/fr\/categorie-produit\/bordures-de-jardin\/\">bordure<\/a> \u00e0 la fois fonctionnelle et esth\u00e9tique. Con\u00e7ue pour donner facilement et rapidement une belle finition aux all\u00e9es de jardin, aux <a href=\"https:\/\/www.jatu.be\/fr\/project\/guide-installation-terrasse-en-gravier\/\">terrasses<\/a>, aux parterres de fleurs et aux pelouses, cette bordure offre de nombreuses possibilit\u00e9s d&rsquo;application et un design durable en acier galvanis\u00e9. Parfaite pour ceux qui recherchent un design de jardin \u00e9l\u00e9gant et moderne.<\/p>\n<h3>Avantages de la bordure ECCOborders Easyfix CS Galva 10 cm :<\/h3>\n<ul>\n<li><strong>Installation facile<\/strong>: La <strong>bordure ECCOborders Easyfix CS Galva 10 cm<\/strong> est con\u00e7ue pour \u00eatre facile \u00e0 utiliser. Vous installez la bordure rapidement et facilement \u00e0 l&rsquo;aide d&rsquo;un marteau, sans avoir besoin d&rsquo;outils compliqu\u00e9s. L&rsquo;installation convient donc aussi bien aux professionnels qu&rsquo;aux bricoleurs.<\/li>\n<li><strong>La s\u00e9curit\u00e9 avant tout<\/strong>: les bordures ont un bord sup\u00e9rieur incurv\u00e9, sans ar\u00eates vives. Elles sont donc sans danger pour les enfants, les animaux domestiques et les pieds nus. Elles sont donc adapt\u00e9es aux enfants et aux animaux.<\/li>\n<\/ul>\n<ul>\n<li><strong>Flexible et adaptable<\/strong>: L&rsquo;<strong>Easyfix CS<\/strong> (Custom Shape) offre une flexibilit\u00e9 maximale. Vous pouvez facilement cr\u00e9er des formes courbes ou maintenir des lignes droites. Qu&rsquo;il s&rsquo;agisse d&rsquo;ondulations ou d&rsquo;angles vifs, cette d\u00e9marcation s&rsquo;adapte \u00e0 tous les contours de votre projet.<\/li>\n<li><strong>Mat\u00e9riau durable<\/strong>: Fabriqu\u00e9 en <a href=\"https:\/\/www.jatu.be\/fr\/categorie-produit\/bordures-de-jardin\/galvanisee-bordures-de-jardin\/\">acier galvanis\u00e9<\/a>, connu pour sa durabilit\u00e9 et sa r\u00e9sistance aux intemp\u00e9ries. Ce mat\u00e9riau offre une excellente protection contre la rouille et les autres conditions m\u00e9t\u00e9orologiques, ce qui lui assure une longue dur\u00e9e de vie, m\u00eame en ext\u00e9rieur.<\/li>\n<li><strong>Fixation invisible<\/strong>: apr\u00e8s l&rsquo;installation, les goupilles de fixation sont \u00e0 peine visibles. Les coupes restent fermement en place, tandis que le mat\u00e9riau de fixation est discret, ce qui garantit une apparence \u00e9l\u00e9gante et professionnelle.<\/li>\n<\/ul>\n<h2>Applications :<\/h2>\n<p>La <strong>bordure ECCOborders Easyfix CS Galva 10 cm<\/strong> est une d\u00e9marcation polyvalente qui convient \u00e0 de nombreux projets de jardin et d&rsquo;am\u00e9nagement paysager. Gr\u00e2ce \u00e0 sa construction durable et \u00e0 son placement flexible, vous pouvez utiliser cette d\u00e9limitation dans de nombreuses situations :<\/p>\n<ul>\n<li><strong>Terrasses<\/strong>: Donnez \u00e0 votre terrasse une finition \u00e9l\u00e9gante et soign\u00e9e gr\u00e2ce aux d\u00e9limitations Easyfix. Elles s\u00e9parent proprement les surfaces de la terrasse des zones de jardin environnantes sans compromettre l&rsquo;esth\u00e9tique.<\/li>\n<li><strong>Parterres de fleurs<\/strong>: Id\u00e9al pour d\u00e9limiter joliment les parterres de fleurs. Les bordures galvanis\u00e9es prot\u00e8gent les bords de votre parterre de fleurs de la croissance de l&rsquo;herbe et donnent un aspect net et soign\u00e9.<\/li>\n<li><strong>Pelouses<\/strong>: cr\u00e9ez des lignes de d\u00e9marcation claires et \u00e9troites entre les pelouses et les autres surfaces du jardin, telles que les all\u00e9es ou les zones gravillonn\u00e9es. Vous obtiendrez ainsi un jardin net et facile \u00e0 entretenir, o\u00f9 l&rsquo;herbe ne d\u00e9bordera pas sur d&rsquo;autres surfaces.<\/li>\n<li><strong>Jardins potagers<\/strong>: Les <strong>bordures ECCOborders Easyfix CS Galva 10 cm<\/strong> sont parfaites pour d\u00e9limiter les plates-bandes du potager, ce qui permet de s\u00e9parer proprement les diff\u00e9rentes zones de culture. Les d\u00e9limitations permettent d&rsquo;exclure les mauvaises herbes et facilitent l&rsquo;entretien.<\/li>\n<\/ul>\n<p>L&rsquo;<strong>ECCOborders Easyfix CS Galva<\/strong> est parfait pour toutes les zones o\u00f9 aucun v\u00e9hicule ne passe, telles que les surfaces pav\u00e9es et les zones de jardin.<\/p>\n<h3>Informations sur l&#8217;emballage :<\/h3>\n<p><strong>Les ECCOborders Easyfix CS Galva 10 cm<\/strong> sont vendues par paquet. Chaque paquet contient<\/p>\n<ul>\n<li>6 garde-corps d&rsquo;une longueur de 2,4 m\u00e8tres chacun, soit une longueur totale de 14,4 m\u00e8tres.<\/li>\n<li>Hauteur de chaque cordon : 10 cm<\/li>\n<li>18 poches par garde-corps, con\u00e7ues pour un placement s\u00e9curis\u00e9 des goupilles d&rsquo;ancrage.<\/li>\n<li>18 goupilles d&rsquo;ancrage par paquet, sp\u00e9cialement con\u00e7ues pour un placement ferme et s\u00fbr.<\/li>\n<\/ul>\n<h3>Variantes disponibles :<\/h3>\n<p>Plusieurs variantes d&rsquo;<strong>ECCOborders Easyfix CS Galva<\/strong> sont disponibles pour r\u00e9pondre aux besoins sp\u00e9cifiques de votre projet :<\/p>\n<ul>\n<li><a href=\"https:\/\/www.jatu.be\/fr\/produit\/eccoborder-easyfix-corten-cs-10cm\/\"><strong>ECCOborders Easyfix CS Corten<\/strong><\/a>: Ces haies sont disponibles en acier corten, qui prend une belle couleur rouille avec le temps. Ce mat\u00e9riau est tr\u00e8s souple et id\u00e9al pour les projets o\u00f9 la flexibilit\u00e9 et l&rsquo;aspect naturel sont importants.<\/li>\n<li><strong>Disponible en 15 cm de hauteur<\/strong>: Pour les projets n\u00e9cessitant une bordure plus haute, l&rsquo;<strong>Easyfix CS Galva<\/strong> et <strong>CS Corten<\/strong> est \u00e9galement disponible en <a href=\"https:\/\/www.jatu.be\/fr\/produit\/bordure-flexible-en-acier-inoxydable-easyfix-cs-galva-1440-x-15-cm\/\">15 cm de hauteur<\/a>.<\/li>\n<li><a href=\"https:\/\/www.jatu.be\/fr\/produit\/bordure-jardin-inoxydable-easyfix-galva-10\/\"><strong>ECCOborders Easyfix Galva LI 10 cm<\/strong><\/a>: Cette variante est parfaite pour cr\u00e9er des lignes droites ou des angles \u00e0 90 degr\u00e9s. <a href=\"https:\/\/www.jatu.be\/fr\/produit\/bordure-de-jardin-inoxydable-eccoborders-easyfix-li-galva-1440-x-15-cm\/\">Disponible en 15 cm de hauteur, ECCOborders Easyfix Galva LI<\/a> est con\u00e7u pour les bordures droites et serr\u00e9es.<\/li>\n<\/ul>\n<h2>Informations sur la livraison :<\/h2>\n<p>L&rsquo;<strong>ECCOborders Easyfix CS Galva 10 cm<\/strong> ne peut \u00eatre enlev\u00e9 que dans <a href=\"https:\/\/www.jatu.be\/fr\/points-de-collecte\/\">nos d\u00e9p\u00f4ts <\/a>de Wevelgem, Zedelgem ou Lochristi. Ils sont en stock de mani\u00e8re standard, de sorte que vous pouvez les retirer imm\u00e9diatement apr\u00e8s la commande.<\/p>\n","protected":false},"featured_media":50466,"template":"","meta":{"_acf_changed":false,"inline_featured_image":false,"footnotes":""},"product_cat":[5398,5383],"product_tag":[6990],"class_list":{"0":"post-47505","1":"product","2":"type-product","3":"status-publish","4":"has-post-thumbnail","6":"product_cat-galvanisee-bordures-de-jardin","7":"product_cat-bordures-de-jardin","8":"product_tag-reduction-cat-1","10":"first","11":"instock","12":"taxable","13":"shipping-taxable","14":"purchasable","15":"product-type-variable","16":"has-default-attributes"},"acf":{"woocommerce_erp_id":"19419","woocommerce_cnk_id":"203418","product_density":0,"custom_prices":[{"variation_id":"54892","customer_group":"CON","customer_id":"","min_qty":1,"max_qty":9999999,"steps":1,"price":286.78,"price_incl":347,"delivery_group":"COLLECT"},{"variation_id":"54892","customer_group":"CON","customer_id":"","min_qty":1,"max_qty":9999999,"steps":1,"price":286.78,"price_incl":347,"delivery_group":"DELIVERY"}],"packaging_ids":[{"packaging_name":"Pi\u00e8ce","packaging_id":"7","erp_id":"19419"}],"c_lengte":"","c_breedte":"","c_hoogte":""},"_links":{"self":[{"href":"https:\/\/www.jatu.be\/fr\/wp-json\/wp\/v2\/product\/47505","targetHints":{"allow":["GET"]}}],"collection":[{"href":"https:\/\/www.jatu.be\/fr\/wp-json\/wp\/v2\/product"}],"about":[{"href":"https:\/\/www.jatu.be\/fr\/wp-json\/wp\/v2\/types\/product"}],"version-history":[{"count":4,"href":"https:\/\/www.jatu.be\/fr\/wp-json\/wp\/v2\/product\/47505\/revisions"}],"predecessor-version":[{"id":61851,"href":"https:\/\/www.jatu.be\/fr\/wp-json\/wp\/v2\/product\/47505\/revisions\/61851"}],"wp:featuredmedia":[{"embeddable":true,"href":"https:\/\/www.jatu.be\/fr\/wp-json\/wp\/v2\/media\/50466"}],"wp:attachment":[{"href":"https:\/\/www.jatu.be\/fr\/wp-json\/wp\/v2\/media?parent=47505"}],"wp:term":[{"taxonomy":"product_cat","embeddable":true,"href":"https:\/\/www.jatu.be\/fr\/wp-json\/wp\/v2\/product_cat?post=47505"},{"taxonomy":"product_tag","embeddable":true,"href":"https:\/\/www.jatu.be\/fr\/wp-json\/wp\/v2\/product_tag?post=47505"}],"curies":[{"name":"wp","href":"https:\/\/api.w.org\/{rel}","templated":true}]}}