{"id":55395,"date":"2024-03-19T09:43:28","date_gmt":"2024-03-19T08:43:28","guid":{"rendered":"https:\/\/www.jatu.be\/?post_type=product&#038;p=55395"},"modified":"2026-03-09T09:55:35","modified_gmt":"2026-03-09T08:55:35","slug":"decapant-biologique-biomix-pro-atm-5l","status":"publish","type":"product","link":"https:\/\/www.jatu.be\/fr\/produit\/decapant-biologique-biomix-pro-atm-5l\/","title":{"rendered":"Nettoyant biologique &#8211; Biomix Pro ATM 5l"},"content":{"rendered":"","protected":false},"excerpt":{"rendered":"<h2>Acheter un nettoyant biologique<\/h2>\n<p>Vous avez des d\u00e9p\u00f4ts atmosph\u00e9riques ind\u00e9sirables dans votre jardin et vous n\u2019arrivez pas \u00e0 les \u00e9liminer ? Chez Jatu, nous avons la solution. Biomix est le nettoyant biologique qui fonctionne vraiment. Ce produit de nettoyage liquide concentr\u00e9 \u00e0 base d\u2019enzymes est id\u00e9al pour ceux qui veulent un jardin propre sans nuire \u00e0 l&rsquo;environnement. Il \u00e9limine toutes les impuret\u00e9s et les d\u00e9p\u00f4ts d&rsquo;origine atmosph\u00e9rique.<\/p>\n<p>Vous pouvez acheter ce nettoyant biologique pour enl\u00e8vement ou livraison gratuite. Nous livrons partout en Belgique sous quatre jours ouvrables. Commandez d\u00e8s aujourd&rsquo;hui et offrez \u00e0 votre jardin l&rsquo;entretien qu&rsquo;il m\u00e9rite.<\/p>\n<h2>Pourquoi utiliser Biomix ATM?<\/h2>\n<p>Biomix ATM peut \u00eatre utilis\u00e9 dans tous les espaces ext\u00e9rieurs o\u00f9 vous avez des d\u00e9p\u00f4ts d&rsquo;origine atmosph\u00e9rique ind\u00e9sirables. Gr\u00e2ce \u00e0 son action enzymatique, il est polyvalent et peut \u00eatre utilis\u00e9 pour :<\/p>\n<ul>\n<li><strong>Terrasses et all\u00e9es<\/strong> : <a href=\"https:\/\/www.jatu.be\/fr\/categorie-produit\/gravier-et-galets\/gravier-decoratif-gravier-et-galets\/\">gravier d\u00e9coratif<\/a>, pav\u00e9s, carreaux, bois, &#8230;<\/li>\n<li><strong>Fa\u00e7ades<\/strong> : brique, b\u00e9ton, enduit, cr\u00e9pi, bois, &#8230;<\/li>\n<li><strong>Mobilier de jardin<\/strong> : plastique, m\u00e9tal, teck, &#8230;<\/li>\n<li><strong>D\u00e9corations de jardin<\/strong> : terre cuite, b\u00e9ton, plastique, pierre naturelle, ardoise, pierre bleue, &#8230;<\/li>\n<li><strong>Toits plats et inclin\u00e9s<\/strong> : ardoises, tuiles, t\u00f4les ondul\u00e9es, chaume, roofing, &#8230;<\/li>\n<\/ul>\n<p>Attention! Soyez prudent avec les mat\u00e9riaux qui sont peints en poudre. Il est pr\u00e9f\u00e9rable de tester le produit d&rsquo;abord sur une petite surface non visible dans ce cas.<\/p>\n<h2>Comment enlever les d\u00e9p\u00f4ts d&rsquo;origine atmosph\u00e9rique ?<\/h2>\n<p>L&rsquo;\u00e9limination des d\u00e9p\u00f4ts ind\u00e9sirables n&rsquo;a jamais \u00e9t\u00e9 aussi simple. Avec Biomix ATM, c\u2019est non seulement facile, mais aussi \u00e9cologiquement responsable. Ce nettoyant liquide concentr\u00e9 \u00e0 base d&rsquo;enzymes \u00e9limine toutes les impuret\u00e9s et les d\u00e9p\u00f4ts d&rsquo;origine atmosph\u00e9rique, assurant un nettoyage en profondeur. Une averse \u00e9liminera les impuret\u00e9s dissoutes et r\u00e9activera les enzymes pour un effet prolong\u00e9. Voici comment cela fonctionne :<\/p>\n<ol>\n<li>Diluer le produit avec de l&rsquo;eau, selon le degr\u00e9 de salet\u00e9<\/li>\n<li>Appliquer le produit dilu\u00e9 sur les surfaces vertes<\/li>\n<li>Laisser la nature faire le reste<\/li>\n<li>Profitez d&rsquo;un jardin propre, sans avoir \u00e0 frotter!<\/li>\n<\/ol>\n<h3>Mode d&#8217;emploi Biomix ATM<\/h3>\n<p><strong>\u00c9tape 1 : Diluer Biomix ATM en fonction de la salet\u00e9<\/strong><\/p>\n<table style=\"border-collapse: collapse; width: 100%;\" border=\"1\">\n<tbody>\n<tr>\n<td style=\"width: 33.3333%;\"><strong>Degr\u00e9 de salet\u00e9<\/strong><\/td>\n<td style=\"width: 33.3333%;\"><strong>Rapport de dilution<\/strong><\/td>\n<td style=\"width: 33.3333%;\"><strong>Surface traitable estim\u00e9e<\/strong><\/td>\n<\/tr>\n<tr>\n<td style=\"width: 33.3333%;\">Salet\u00e9 s\u00e9v\u00e8re<\/td>\n<td style=\"width: 33.3333%;\">1L dilu\u00e9 avec 1L d&rsquo;eau<\/td>\n<td style=\"width: 33.3333%;\">50m\u00b2<\/td>\n<\/tr>\n<tr>\n<td style=\"width: 33.3333%;\">Salet\u00e9 normale\u00a0<\/td>\n<td style=\"width: 33.3333%;\">1L dilu\u00e9 avec 2L d&rsquo;eau<\/td>\n<td style=\"width: 33.3333%;\">100m\u00b2<\/td>\n<\/tr>\n<tr>\n<td style=\"width: 33.3333%;\">L\u00e9g\u00e8re salet\u00e9<\/td>\n<td style=\"width: 33.3333%;\">1L dilu\u00e9 avec 3L d&rsquo;eau<\/td>\n<td style=\"width: 33.3333%;\">150m\u00b2<\/td>\n<\/tr>\n<tr>\n<td style=\"width: 33.3333%;\">Pr\u00e9ventif<\/td>\n<td style=\"width: 33.3333%;\">1L dilu\u00e9 avec 5L d&rsquo;eau<\/td>\n<td style=\"width: 33.3333%;\">250m\u00b2<\/td>\n<\/tr>\n<\/tbody>\n<\/table>\n<p><strong>\u00c9tape 2 : Appliquer le produit<\/strong><\/p>\n<p>Appliquez le produit dilu\u00e9 sur la surface \u00e0 nettoyer \u00e0 l&rsquo;aide d&rsquo;un pulv\u00e9risateur. Il est pr\u00e9f\u00e9rable de le faire sur une surface s\u00e8che ou l\u00e9g\u00e8rement humide.<\/p>\n<p><em>Attention !<\/em> Ne pas utiliser lorsque les temp\u00e9ratures sont inf\u00e9rieures \u00e0 8\u00b0C ou s&rsquo;il est pr\u00e9vu qu&rsquo;il pleuve dans les 24 heures.<\/p>\n<p><strong>\u00c9tape 3 : Laissez la nature faire son travail<\/strong><\/p>\n<p>Les enzymes sp\u00e9cialement s\u00e9lectionn\u00e9es dans Biomix ATM d\u00e9composent les impuret\u00e9s et assurent un nettoyage en profondeur. Vous n&rsquo;avez donc pas besoin de frotter, laissez le produit agir et \u00e9liminer les d\u00e9p\u00f4ts d&rsquo;origine atmosph\u00e9rique de mani\u00e8re biologique. Une averse \u00e9liminera les impuret\u00e9s dissoutes et r\u00e9activera les enzymes pour un effet prolong\u00e9. En fonction du degr\u00e9 de salet\u00e9, les d\u00e9p\u00f4ts dispara\u00eetront \u00e0 court terme, avec un r\u00e9sultat optimal apr\u00e8s quelques semaines.<\/p>\n<p><em><strong>Conseil important!<\/strong><\/em> N&rsquo;utilisez pas notre nettoyant biologique avec un pulv\u00e9risateur o\u00f9 un autre produit a d\u00e9j\u00e0 \u00e9t\u00e9 utilis\u00e9. Comme ce produit contient des enzymes vivantes, celles-ci pourraient mourir en raison des r\u00e9sidus de l&rsquo;ancien produit, rendant ainsi le nettoyant inefficace. Il est pr\u00e9f\u00e9rable d&rsquo;utiliser un nouveau pulv\u00e9risateur d\u00e9di\u00e9 exclusivement au nettoyant biologique.<\/p>\n","protected":false},"featured_media":55437,"template":"","meta":{"_acf_changed":false,"inline_featured_image":false,"footnotes":""},"product_cat":[6864],"product_tag":[],"class_list":{"0":"post-55395","1":"product","2":"type-product","3":"status-publish","4":"has-post-thumbnail","6":"product_cat-entretien-des-jardins","8":"first","9":"instock","10":"taxable","11":"shipping-taxable","12":"purchasable","13":"product-type-variable"},"acf":{"woocommerce_erp_id":"19501","woocommerce_cnk_id":"203500","product_density":0,"custom_prices":[{"variation_id":"55396","customer_group":"CON","customer_id":"","min_qty":1,"max_qty":9999999,"steps":1,"price":42.15,"price_incl":51,"delivery_group":"COLLECT"},{"variation_id":"55396","customer_group":"CON","customer_id":"","min_qty":1,"max_qty":9999999,"steps":1,"price":42.15,"price_incl":51,"delivery_group":"DELIVERY"}],"packaging_ids":[{"packaging_name":"Pi\u00e8ce","packaging_id":"7","erp_id":"19501"}],"c_lengte":"","c_breedte":"","c_hoogte":""},"_links":{"self":[{"href":"https:\/\/www.jatu.be\/fr\/wp-json\/wp\/v2\/product\/55395","targetHints":{"allow":["GET"]}}],"collection":[{"href":"https:\/\/www.jatu.be\/fr\/wp-json\/wp\/v2\/product"}],"about":[{"href":"https:\/\/www.jatu.be\/fr\/wp-json\/wp\/v2\/types\/product"}],"version-history":[{"count":6,"href":"https:\/\/www.jatu.be\/fr\/wp-json\/wp\/v2\/product\/55395\/revisions"}],"predecessor-version":[{"id":58942,"href":"https:\/\/www.jatu.be\/fr\/wp-json\/wp\/v2\/product\/55395\/revisions\/58942"}],"wp:featuredmedia":[{"embeddable":true,"href":"https:\/\/www.jatu.be\/fr\/wp-json\/wp\/v2\/media\/55437"}],"wp:attachment":[{"href":"https:\/\/www.jatu.be\/fr\/wp-json\/wp\/v2\/media?parent=55395"}],"wp:term":[{"taxonomy":"product_cat","embeddable":true,"href":"https:\/\/www.jatu.be\/fr\/wp-json\/wp\/v2\/product_cat?post=55395"},{"taxonomy":"product_tag","embeddable":true,"href":"https:\/\/www.jatu.be\/fr\/wp-json\/wp\/v2\/product_tag?post=55395"}],"curies":[{"name":"wp","href":"https:\/\/api.w.org\/{rel}","templated":true}]}}