{"id":55401,"date":"2024-03-19T14:41:39","date_gmt":"2024-03-19T13:41:39","guid":{"rendered":"https:\/\/www.jatu.be\/?post_type=product&#038;p=55401"},"modified":"2026-03-09T09:53:16","modified_gmt":"2026-03-09T08:53:16","slug":"eccoborder-flex-panel-noir-2-4m-x-14cm","status":"publish","type":"product","link":"https:\/\/www.jatu.be\/fr\/produit\/eccoborder-flex-panel-noir-2-4m-x-14cm\/","title":{"rendered":"ECCOborder Flex Panel Noir &#8211; 2.4m x 14cm"},"content":{"rendered":"","protected":false},"excerpt":{"rendered":"<h2>Acheter des bordures de jardin droites en plastique, ECCOborder Panel<\/h2>\n<p>D\u00e9couvrez nos bordures noires en PVC recycl\u00e9 de haute qualit\u00e9. Cette alternative \u00e9conomique et \u00e9cologique aux bordures traditionnelles en bois ou en m\u00e9tal offre polyvalence et style pour tous vos projets de jardin. Avec des bords de finition plats ou arrondis, nos bordures offrent la flexibilit\u00e9 dont vous avez besoin pour obtenir des lignes nettes et modernes ainsi que des angles traditionnels de 90\u00b0.<\/p>\n<p>Vous souhaitez personnaliser davantage l&rsquo;am\u00e9nagement de votre jardin avec des formes ondul\u00e9es ou organiques ? Dans ce cas, notre ECCOborder Flex est le choix id\u00e9al. Gr\u00e2ce \u00e0 cette solution innovante, vous pouvez facilement cr\u00e9er de belles courbes et des lignes organiques dans votre jardin.<\/p>\n<h2>Bordure de jardin facile \u00e0 installer<\/h2>\n<p>Pour faciliter l&rsquo;installation de l&rsquo;ECCOborder Flex Panel et de l&rsquo;ECCOborder Flex, nous vous recommandons notre pratique <a href=\"https:\/\/www.jatu.be\/fr\/produit\/piquet-pour-bordure-de-jardin-multi-profile-38cm\/\">Multi-profil<\/a>. Celui-ci vous permet de fixer solidement la bordure dans le sol, afin que votre am\u00e9nagement reste non seulement esth\u00e9tique, mais aussi fonctionnel. Ainsi, non seulement vous transformez votre espace ext\u00e9rieur en une oasis de beaut\u00e9, mais vous contribuez \u00e9galement \u00e0 une plan\u00e8te plus durable. Optez pour la qualit\u00e9, le style et le respect de l&rsquo;environnement avec nos bordures en PVC noir.<\/p>\n","protected":false},"featured_media":55755,"template":"","meta":{"_acf_changed":false,"inline_featured_image":false,"footnotes":""},"product_cat":[5408,5383],"product_tag":[6990],"class_list":{"0":"post-55401","1":"product","2":"type-product","3":"status-publish","4":"has-post-thumbnail","6":"product_cat-plastique-bordures-de-jardin","7":"product_cat-bordures-de-jardin","8":"product_tag-reduction-cat-1","10":"first","11":"instock","12":"taxable","13":"shipping-taxable","14":"purchasable","15":"product-type-variable"},"acf":{"woocommerce_erp_id":"19439","woocommerce_cnk_id":"203438","product_density":0,"custom_prices":[{"variation_id":"55758","customer_group":"CON","customer_id":"","min_qty":1,"max_qty":9999999,"steps":1,"price":12.4,"price_incl":15,"delivery_group":"COLLECT"},{"variation_id":"55758","customer_group":"CON","customer_id":"","min_qty":1,"max_qty":9999999,"steps":1,"price":12.4,"price_incl":15,"delivery_group":"DELIVERY"}],"packaging_ids":[{"packaging_name":"Pi\u00e8ce","packaging_id":"7","erp_id":"19439"}],"c_lengte":"","c_breedte":"","c_hoogte":""},"_links":{"self":[{"href":"https:\/\/www.jatu.be\/fr\/wp-json\/wp\/v2\/product\/55401","targetHints":{"allow":["GET"]}}],"collection":[{"href":"https:\/\/www.jatu.be\/fr\/wp-json\/wp\/v2\/product"}],"about":[{"href":"https:\/\/www.jatu.be\/fr\/wp-json\/wp\/v2\/types\/product"}],"version-history":[{"count":3,"href":"https:\/\/www.jatu.be\/fr\/wp-json\/wp\/v2\/product\/55401\/revisions"}],"predecessor-version":[{"id":57896,"href":"https:\/\/www.jatu.be\/fr\/wp-json\/wp\/v2\/product\/55401\/revisions\/57896"}],"wp:featuredmedia":[{"embeddable":true,"href":"https:\/\/www.jatu.be\/fr\/wp-json\/wp\/v2\/media\/55755"}],"wp:attachment":[{"href":"https:\/\/www.jatu.be\/fr\/wp-json\/wp\/v2\/media?parent=55401"}],"wp:term":[{"taxonomy":"product_cat","embeddable":true,"href":"https:\/\/www.jatu.be\/fr\/wp-json\/wp\/v2\/product_cat?post=55401"},{"taxonomy":"product_tag","embeddable":true,"href":"https:\/\/www.jatu.be\/fr\/wp-json\/wp\/v2\/product_tag?post=55401"}],"curies":[{"name":"wp","href":"https:\/\/api.w.org\/{rel}","templated":true}]}}