{"id":55459,"date":"2024-03-21T13:48:58","date_gmt":"2024-03-21T12:48:58","guid":{"rendered":"https:\/\/www.jatu.be\/product\/druksproeier-hobby-star-5-sb\/"},"modified":"2026-03-09T09:54:37","modified_gmt":"2026-03-09T08:54:37","slug":"druksproeier-hobby-star-5-sb","status":"publish","type":"product","link":"https:\/\/www.jatu.be\/fr\/produit\/druksproeier-hobby-star-5-sb\/","title":{"rendered":"Buse de pression &#8211; Hobby Star 5 SB"},"content":{"rendered":"","protected":false},"excerpt":{"rendered":"<div class=\"flex-shrink-0 flex flex-col relative items-end\">\n<div class=\"pt-0.5\">\n<div class=\"gizmo-shadow-stroke flex h-6 w-6 items-center justify-center overflow-hidden rounded-full\">\n<div class=\"h-6 w-6\">\n<h1>Acheter un pulv\u00e9risateur \u00e0 pression pour un jardin sans mousse<\/h1>\n<p>L&rsquo;entretien du jardin fait partie de votre programme ? Dans ce cas, le pulv\u00e9risateur \u00e0 pression Hobby Star 5 SB est un attribut \u00e0 ne pas manquer. Cette buse de pression est parfaitement compatible avec le <a href=\"https:\/\/www.jatu.be\/fr\/produit\/decapant-biologique-biomix-pro-atm-5l\/\">d\u00e9graisseur Biomix ATM<\/a>. L&rsquo;entretien de votre jardin devient ainsi un jeu d&rsquo;enfant. Oubliez les frottements interminables pour enlever la verdure de votre terrasse, de votre all\u00e9e de jardin, de vos dalles ou de vos bandes de gravier.<\/p>\n<p>Distribuez efficacement Biomix ATM avec ce pulv\u00e9risateur \u00e0 pression pour un r\u00e9sultat optimal. Laissez les enzymes faire le travail pour vous et \u00e9liminez les algues de mani\u00e8re \u00e9cologique.<\/p>\n<p>Le Hobby Star 5 SB est toujours en stock et peut \u00eatre command\u00e9 pour un enl\u00e8vement imm\u00e9diat ou une livraison gratuite \u00e0 domicile dans toute la Belgique dans les quatre jours ouvrables. Commandez aujourd&rsquo;hui et profitez d&rsquo;un jardin et d&rsquo;une cour sans mousse.<\/p>\n<h2>Avantages du pulv\u00e9risateur \u00e0 pression Hobby Star 5 SB<\/h2>\n<ul>\n<li><strong>Pr\u00e9cision<\/strong> : Avec un r\u00e9servoir en plastique transparent de 5 litres (et une capacit\u00e9 totale de 7 litres), vous pouvez toujours voir la quantit\u00e9 de liquide qu&rsquo;il vous reste. Pratique, non ? De plus, avec une pression de travail de 3 bars, vous \u00eates assur\u00e9 de pulv\u00e9riser efficacement \u00e0 chaque fois.<\/li>\n<li><strong>La s\u00e9curit\u00e9 avant tout<\/strong> : plus d&rsquo;inqui\u00e9tude lors du remplissage gr\u00e2ce \u00e0 la soupape de surpression et \u00e0 l&rsquo;entonnoir de remplissage int\u00e9gr\u00e9 tr\u00e8s pratique. S\u00fbr et simple, comme il se doit.<\/li>\n<li><strong>Pulv\u00e9risation pr\u00e9cise<\/strong> : gr\u00e2ce \u00e0 la lance de pulv\u00e9risation de 40 cm et \u00e0 la buse en plastique r\u00e9glable, vous avez le contr\u00f4le total de l&rsquo;endroit et de la mani\u00e8re dont vous pulv\u00e9risez.<\/li>\n<li><strong>Facilit\u00e9 d&rsquo;utilisation<\/strong> : la pompe en forme de T avec le support int\u00e9gr\u00e9 pour le revolver de pulv\u00e9risation rend cet appareil tr\u00e8s facile \u00e0 utiliser et \u00e0 ranger. Plus besoin de se pr\u00e9occuper des pi\u00e8ces d\u00e9tach\u00e9es.<\/li>\n<li><strong>Raccordement rapide, sans stress<\/strong> : gr\u00e2ce au raccord \u00e0 pince, vous fixez la lance de pulv\u00e9risation en un tour de main. Fini les frustrations, place au plaisir du jardinage.<\/li>\n<li><strong>Toujours disponible et livraison gratuite \u00e0 domicile<\/strong> : pas de temps d&rsquo;attente &#8211; le Hobby Star 5 SB est toujours en stock pour \u00eatre enlev\u00e9. Vous pr\u00e9f\u00e9rez rester \u00e0 la maison ? Pas de probl\u00e8me ! La livraison \u00e0 domicile est gratuite.<\/li>\n<li><strong>Multifonctionnel<\/strong> : Que vous souhaitiez prendre soin de vos plantes, lutter contre les parasites, nourrir votre jardin ou enlever de la verdure, le Hobby Star 5 SB vous facilite la t\u00e2che. Ce pulv\u00e9risateur \u00e0 pression multifonctionnel peut \u00eatre utilis\u00e9 pour une multitude de t\u00e2ches d&rsquo;entretien du jardin.<\/li>\n<\/ul>\n<p>Alors, pr\u00eat \u00e0 passer \u00e0 la vitesse sup\u00e9rieure dans l&rsquo;entretien de votre jardin sans vous ruiner ? Achetez votre Hobby Star 5 SB d\u00e8s aujourd&rsquo;hui sur Jatu.be et transformez votre jardin en l&rsquo;oasis de verdure dont vous avez toujours r\u00eav\u00e9. Votre jardin, notre passion.<\/p>\n<\/div>\n<\/div>\n<\/div>\n<\/div>\n","protected":false},"featured_media":55464,"template":"","meta":{"_acf_changed":false,"inline_featured_image":false,"footnotes":""},"product_cat":[6864],"product_tag":[],"class_list":{"0":"post-55459","1":"product","2":"type-product","3":"status-publish","4":"has-post-thumbnail","6":"product_cat-entretien-des-jardins","8":"first","9":"instock","10":"taxable","11":"shipping-taxable","12":"purchasable","13":"product-type-variable"},"acf":{"woocommerce_erp_id":"19478","woocommerce_cnk_id":"203477","product_density":0,"custom_prices":[{"variation_id":"55460","customer_group":"CON","customer_id":"","min_qty":1,"max_qty":9999999,"steps":1,"price":47.11,"price_incl":57,"delivery_group":"COLLECT"},{"variation_id":"55460","customer_group":"CON","customer_id":"","min_qty":1,"max_qty":9999999,"steps":1,"price":47.11,"price_incl":57,"delivery_group":"DELIVERY"}],"packaging_ids":[{"packaging_name":"Pi\u00e8ce","packaging_id":"7","erp_id":"19478"}],"c_lengte":"","c_breedte":"","c_hoogte":""},"_links":{"self":[{"href":"https:\/\/www.jatu.be\/fr\/wp-json\/wp\/v2\/product\/55459","targetHints":{"allow":["GET"]}}],"collection":[{"href":"https:\/\/www.jatu.be\/fr\/wp-json\/wp\/v2\/product"}],"about":[{"href":"https:\/\/www.jatu.be\/fr\/wp-json\/wp\/v2\/types\/product"}],"version-history":[{"count":4,"href":"https:\/\/www.jatu.be\/fr\/wp-json\/wp\/v2\/product\/55459\/revisions"}],"predecessor-version":[{"id":55475,"href":"https:\/\/www.jatu.be\/fr\/wp-json\/wp\/v2\/product\/55459\/revisions\/55475"}],"wp:featuredmedia":[{"embeddable":true,"href":"https:\/\/www.jatu.be\/fr\/wp-json\/wp\/v2\/media\/55464"}],"wp:attachment":[{"href":"https:\/\/www.jatu.be\/fr\/wp-json\/wp\/v2\/media?parent=55459"}],"wp:term":[{"taxonomy":"product_cat","embeddable":true,"href":"https:\/\/www.jatu.be\/fr\/wp-json\/wp\/v2\/product_cat?post=55459"},{"taxonomy":"product_tag","embeddable":true,"href":"https:\/\/www.jatu.be\/fr\/wp-json\/wp\/v2\/product_tag?post=55459"}],"curies":[{"name":"wp","href":"https:\/\/api.w.org\/{rel}","templated":true}]}}