{"id":55623,"date":"2024-03-29T12:43:54","date_gmt":"2024-03-29T11:43:54","guid":{"rendered":"https:\/\/www.jatu.be\/?post_type=product&#038;p=55623"},"modified":"2026-03-09T09:55:42","modified_gmt":"2026-03-09T08:55:42","slug":"dcm-vivimus-universel-60l","status":"publish","type":"product","link":"https:\/\/www.jatu.be\/fr\/produit\/dcm-vivimus-universel-60l\/","title":{"rendered":"Terreau Universel DCM Vivimus"},"content":{"rendered":"","protected":false},"excerpt":{"rendered":"<h2>Acheter du terreau universel, DCM Vivimus<\/h2>\n<p>Vous \u00eates \u00e0 la recherche d&rsquo;un terreau de qualit\u00e9 pour une croissance optimale de vos plantes et de vos massifs ? DCM Vivimus Universal est la solution pour votre projet de jardinage. Donnez aux jeunes plantes une chance optimale de germer dans ce terreau l\u00e9ger et nutritif. La combinaison parfaite de nutrition et de structure pour l&rsquo;\u00e9panouissement des jeunes racines.<\/p>\n<p>Chez Jatu, vous pouvez acheter ce terreau universel \u00e0 partir de 25kg ou 60l pour livraison ou collecte. Commandez facilement le DCM Vivimus Universal en ligne, nous le livrons partout en Belgique dans les quatre jours ouvrables ou venez le chercher imm\u00e9diatement dans l&rsquo;un de nos points de collecte.<\/p>\n<h2>Pourquoi choisir DCM Vivimus Universal ?<\/h2>\n<ul>\n<li><strong>Am\u00e9lioration du terreau<\/strong>: Pour un enracinement rapide et une bonne croissance des jeunes plantes<\/li>\n<li><strong>Multifonctionnel<\/strong>: Ce terreau universel peut \u00eatre utilis\u00e9 pour divers projets de jardinage tels que la plantation de haies, d&rsquo;arbres et de plantes vivaces.<\/li>\n<li><strong>Prenez une longueur d&rsquo;avance<\/strong>: l&rsquo;environnement racinaire id\u00e9al pour une bonne croissance initiale et un faible taux d&rsquo;\u00e9chec.<\/li>\n<li><strong>Faible taux de digestion<\/strong>: DCM Vivimus Universel est un amendement organique pour terreau dont le processus de digestion est particuli\u00e8rement lent, ce qui permet d&rsquo;obtenir une structure de sol id\u00e9ale \u00e0 long terme.<\/li>\n<li><strong>Absorption des \u00e9l\u00e9ments nutritifs<\/strong>: Ce terreau universel contient des bact\u00e9ries b\u00e9n\u00e9fiques qui am\u00e9liorent l&rsquo;absorption des \u00e9l\u00e9ments nutritifs.<\/li>\n<\/ul>\n<h2>Comment utiliser le terreau universel ?<\/h2>\n<p>Le terreau universel peut \u00eatre utilis\u00e9 pour divers travaux de jardinage, mais il est surtout destin\u00e9 \u00e0 donner aux jeunes plantes les meilleures chances de germer. Lors de la plantation, il a donc incontestablement une valeur ajout\u00e9e. Vous pouvez \u00e9galement utiliser DCM Vivimus Universal pour donner un nouveau d\u00e9part \u00e0 vos plantes existantes.<\/p>\n<ol>\n<li><strong>Pr\u00e9paration de la plantation<\/strong>: M\u00e9langez DCM Vivimus Universeel avec la terre de jardin existante dans le trou de plantation. Vous obtiendrez ainsi un environnement optimal pour l&rsquo;enracinement et la croissance de vos nouvelles acquisitions.<\/li>\n<li><strong>Enrichissement du jardin<\/strong>: Utilisez DCM Vivimus Universal pour enrichir les lits de plantation existants. Saupoudrez-le autour de la base de vos plantes et faites-le p\u00e9n\u00e9trer doucement dans le sol. Vos plantes appr\u00e9cieront la nutrition suppl\u00e9mentaire et la r\u00e9compenseront par une croissance et une floraison luxuriantes.<\/li>\n<\/ol>\n<p>Commandez d\u00e8s aujourd&rsquo;hui votre terreau universel et donnez \u00e0 vos plantes l&rsquo;avantage qu&rsquo;elles m\u00e9ritent.<\/p>\n","protected":false},"featured_media":63409,"template":"","meta":{"_acf_changed":false,"inline_featured_image":false,"footnotes":""},"product_cat":[5392,6864],"product_tag":[],"class_list":{"0":"post-55623","1":"product","2":"type-product","3":"status-publish","4":"has-post-thumbnail","6":"product_cat-ameliorants-de-sol-conditionneurs-de-sol","7":"product_cat-entretien-des-jardins","9":"first","10":"instock","11":"taxable","12":"shipping-taxable","13":"purchasable","14":"product-type-variable"},"acf":{"woocommerce_erp_id":"19504","woocommerce_cnk_id":"203503","product_density":0,"custom_prices":[{"variation_id":"55624","customer_group":"CON","customer_id":"","min_qty":1,"max_qty":9999999,"steps":1,"price":10.38,"price_incl":11,"delivery_group":"COLLECT"},{"variation_id":"55624","customer_group":"CON","customer_id":"","min_qty":1,"max_qty":9999999,"steps":1,"price":10.38,"price_incl":11,"delivery_group":"DELIVERY"}],"packaging_ids":[{"packaging_name":"Pi\u00e8ce","packaging_id":"7","erp_id":"19504"}],"c_lengte":"","c_breedte":"","c_hoogte":""},"_links":{"self":[{"href":"https:\/\/www.jatu.be\/fr\/wp-json\/wp\/v2\/product\/55623","targetHints":{"allow":["GET"]}}],"collection":[{"href":"https:\/\/www.jatu.be\/fr\/wp-json\/wp\/v2\/product"}],"about":[{"href":"https:\/\/www.jatu.be\/fr\/wp-json\/wp\/v2\/types\/product"}],"version-history":[{"count":4,"href":"https:\/\/www.jatu.be\/fr\/wp-json\/wp\/v2\/product\/55623\/revisions"}],"predecessor-version":[{"id":63188,"href":"https:\/\/www.jatu.be\/fr\/wp-json\/wp\/v2\/product\/55623\/revisions\/63188"}],"wp:featuredmedia":[{"embeddable":true,"href":"https:\/\/www.jatu.be\/fr\/wp-json\/wp\/v2\/media\/63409"}],"wp:attachment":[{"href":"https:\/\/www.jatu.be\/fr\/wp-json\/wp\/v2\/media?parent=55623"}],"wp:term":[{"taxonomy":"product_cat","embeddable":true,"href":"https:\/\/www.jatu.be\/fr\/wp-json\/wp\/v2\/product_cat?post=55623"},{"taxonomy":"product_tag","embeddable":true,"href":"https:\/\/www.jatu.be\/fr\/wp-json\/wp\/v2\/product_tag?post=55623"}],"curies":[{"name":"wp","href":"https:\/\/api.w.org\/{rel}","templated":true}]}}