{"id":55639,"date":"2024-03-29T12:57:18","date_gmt":"2024-03-29T11:57:18","guid":{"rendered":"https:\/\/www.jatu.be\/product\/dcm-vivimus-gazon-60l\/"},"modified":"2026-03-09T09:55:51","modified_gmt":"2026-03-09T08:55:51","slug":"dcm-vivimus-gazon-60l","status":"publish","type":"product","link":"https:\/\/www.jatu.be\/fr\/produit\/dcm-vivimus-gazon-60l\/","title":{"rendered":"DCM Vivimus Pelouse"},"content":{"rendered":"","protected":false},"excerpt":{"rendered":"<div class=\"flex-1 overflow-hidden\">\n<div class=\"react-scroll-to-bottom--css-kveir-79elbk h-full\">\n<div class=\"react-scroll-to-bottom--css-kveir-1n7m0yu\">\n<div class=\"flex flex-col text-sm pb-9\">\n<div class=\"w-full text-token-text-primary\" data-testid=\"conversation-turn-5\">\n<div class=\"px-4 py-2 justify-center text-base md:gap-6 m-auto\">\n<div class=\"flex flex-1 text-base mx-auto gap-3 md:px-5 lg:px-1 xl:px-5 md:max-w-3xl lg:max-w-[40rem] xl:max-w-[48rem] group final-completion\">\n<div class=\"relative flex w-full flex-col agent-turn\">\n<div class=\"flex-col gap-1 md:gap-3\">\n<div class=\"flex flex-grow flex-col max-w-full\">\n<div class=\"min-h-[20px] text-message flex flex-col items-start gap-3 whitespace-pre-wrap break-words [.text-message+&amp;]:mt-5 overflow-x-auto\" data-message-author-role=\"assistant\" data-message-id=\"a346134d-d103-4450-ba3e-d0250506bbd4\">\n<div class=\"markdown prose w-full break-words dark:prose-invert light\">\n<h2>Acheter DCM Vivimus Pelouse, pour une r\u00e9g\u00e9n\u00e9ration efficace du gazon<\/h2>\n<p>Des zones d\u00e9nud\u00e9es ou s\u00e8ches dans votre pelouse ? Avec DCM Vivimus Pelouse, elles appartiendront bient\u00f4t au pass\u00e9. Cet amendement du sol soigneusement formul\u00e9 fournit la structure et les nutriments parfaits pour que l&rsquo;herbe germe rapidement. Appliquez-en une couche avant de semer ou de r\u00e9parer votre pelouse et donnez \u00e0 votre gazon une base optimale pour s&rsquo;\u00e9panouir.<\/p>\n<p>Chez Jatu, vous pouvez acheter ce terreau pour gazon \u00e0 partir de 25kg ou 60l. Il vous suffit de commander en ligne pour \u00eatre livr\u00e9 partout en Belgique dans les quatre jours ouvrables ou de venir le chercher imm\u00e9diatement dans l&rsquo;un de nos points de distribution. Eliminez les zones s\u00e8ches ou d\u00e9garnies de votre pelouse avec DCM Vivimus Pelouse<\/p>\n<\/div>\n<div class=\"markdown prose w-full break-words dark:prose-invert light\">\n<h3>Pourquoi choisir DCM Vivimus Pelouse?<\/h3>\n<ul>\n<li>\n<p><strong>R\u00e9paration optimale du gazon<\/strong>: parfait pour r\u00e9parer les zones d\u00e9nud\u00e9es ou s\u00e8ches de votre gazon.<\/p>\n<\/li>\n<li>\n<p><strong>Meilleure croissance du gazon<\/strong>: DCM Vivimus Pelouse offre une base optimale pour la germination du gazon.<\/p>\n<\/li>\n<li>\n<p><strong>Nivellement de taupini\u00e8res ou de fosses<\/strong>: M\u00e9langez ce terreau \u00e0 votre sol actuel pour r\u00e9parer un sol endommag\u00e9 par des taupini\u00e8res ou des fosses.<\/p>\n<\/li>\n<li>\n<p><strong>Engrais organique<\/strong>: DCM Vivimus Pelouse est un engrais organique. Il est donc non seulement \u00e9cologique, mais aussi la solution id\u00e9ale \u00e0 long terme.<\/p>\n<\/li>\n<li>\n<p><strong>Enrichit la vie du sol<\/strong><\/p>\n<\/li>\n<li>\n<p><strong>Absorption des \u00e9l\u00e9ments nutritifs<\/strong>: Contient des bact\u00e9ries b\u00e9n\u00e9fiques qui am\u00e9liorent l&rsquo;absorption des \u00e9l\u00e9ments nutritifs, ce qui ne peut qu&rsquo;\u00eatre b\u00e9n\u00e9fique pour votre gazon.<\/p>\n<\/li>\n<\/ul>\n<h3>Comment utiliser DCM Vivimus Pelouse ?<\/h3>\n<ol>\n<li><strong>Pour les nouvelles pelouses<\/strong>: M\u00e9langez DCM Vivimus Pelouse \u00e0 la couche sup\u00e9rieure de votre terre de jardin avant de semer. Vous obtiendrez ainsi une base riche et nourrissante qui permettra \u00e0 votre nouvelle pelouse de d\u00e9marrer sur les chapeaux de roues.<\/li>\n<li><strong>Pour les pelouses existantes<\/strong>: Utilisez DCM Vivimus Pelouse en tant qu&rsquo;engrais de surface. R\u00e9partissez-le uniform\u00e9ment sur votre pelouse, en particulier dans les zones qui ont besoin d&rsquo;un soin particulier. Il aidera \u00e0 r\u00e9parer, \u00e0 compacter et \u00e0 rajeunir votre pelouse.<\/li>\n<\/ol>\n<p>Commandez d\u00e8s aujourd&rsquo;hui votre terreau pour gazon pour une restauration efficace de votre pelouse. Avec DCM Vivimus Pelouse, les zones chauves et s\u00e8ches dispara\u00eetront en un rien de temps de votre pelouse autrefois verdoyante.<\/p>\n<\/div>\n<\/div>\n<\/div>\n<\/div>\n<\/div>\n<\/div>\n<\/div>\n<\/div>\n<\/div>\n<\/div>\n<\/div>\n<\/div>\n","protected":false},"featured_media":63415,"template":"","meta":{"_acf_changed":false,"inline_featured_image":false,"footnotes":""},"product_cat":[5392,5405,6864],"product_tag":[],"class_list":{"0":"post-55639","1":"product","2":"type-product","3":"status-publish","4":"has-post-thumbnail","6":"product_cat-ameliorants-de-sol-conditionneurs-de-sol","7":"product_cat-semences-gazon","8":"product_cat-entretien-des-jardins","10":"first","11":"instock","12":"taxable","13":"shipping-taxable","14":"purchasable","15":"product-type-variable"},"acf":{"woocommerce_erp_id":"19506","woocommerce_cnk_id":"203505","product_density":0,"custom_prices":[{"variation_id":"55640","customer_group":"CON","customer_id":"","min_qty":1,"max_qty":9999999,"steps":1,"price":13.21,"price_incl":14,"delivery_group":"COLLECT"},{"variation_id":"55640","customer_group":"CON","customer_id":"","min_qty":1,"max_qty":9999999,"steps":1,"price":13.21,"price_incl":14,"delivery_group":"DELIVERY"}],"packaging_ids":[{"packaging_name":"Pi\u00e8ce","packaging_id":"7","erp_id":"19506"}],"c_lengte":"","c_breedte":"","c_hoogte":""},"_links":{"self":[{"href":"https:\/\/www.jatu.be\/fr\/wp-json\/wp\/v2\/product\/55639","targetHints":{"allow":["GET"]}}],"collection":[{"href":"https:\/\/www.jatu.be\/fr\/wp-json\/wp\/v2\/product"}],"about":[{"href":"https:\/\/www.jatu.be\/fr\/wp-json\/wp\/v2\/types\/product"}],"version-history":[{"count":9,"href":"https:\/\/www.jatu.be\/fr\/wp-json\/wp\/v2\/product\/55639\/revisions"}],"predecessor-version":[{"id":63199,"href":"https:\/\/www.jatu.be\/fr\/wp-json\/wp\/v2\/product\/55639\/revisions\/63199"}],"wp:featuredmedia":[{"embeddable":true,"href":"https:\/\/www.jatu.be\/fr\/wp-json\/wp\/v2\/media\/63415"}],"wp:attachment":[{"href":"https:\/\/www.jatu.be\/fr\/wp-json\/wp\/v2\/media?parent=55639"}],"wp:term":[{"taxonomy":"product_cat","embeddable":true,"href":"https:\/\/www.jatu.be\/fr\/wp-json\/wp\/v2\/product_cat?post=55639"},{"taxonomy":"product_tag","embeddable":true,"href":"https:\/\/www.jatu.be\/fr\/wp-json\/wp\/v2\/product_tag?post=55639"}],"curies":[{"name":"wp","href":"https:\/\/api.w.org\/{rel}","templated":true}]}}