{"id":55698,"date":"2024-04-02T09:32:43","date_gmt":"2024-04-02T07:32:43","guid":{"rendered":"https:\/\/www.jatu.be\/?post_type=product&#038;p=55698"},"modified":"2026-03-09T09:13:46","modified_gmt":"2026-03-09T08:13:46","slug":"diamur-stabilise-25kg","status":"publish","type":"product","link":"https:\/\/www.jatu.be\/fr\/produit\/diamur-stabilise-25kg\/","title":{"rendered":"Diamur Stabilis\u00e9 25kg"},"content":{"rendered":"","protected":false},"excerpt":{"rendered":"<p>Diamur stabilis\u00e9 est un m\u00e9lange pr\u00e9par\u00e9 industriellement \u00e0 partir de sable s\u00e9ch\u00e9, tamis\u00e9 et composite, d&rsquo;une combinaison de liants dont le ciment est le composant principal et d&rsquo;adjuvants sp\u00e9cifiques qui ont un effet favorable sur l&rsquo;ouvrabilit\u00e9. Tous les composants du m\u00e9lange sont s\u00e9ch\u00e9s au four et enti\u00e8rement pr\u00e9m\u00e9lang\u00e9s. Diamur stabilis\u00e9 porte le label CE.<\/p>\n<h2>\u00c0 quoi sert-il ?<\/h2>\n<p>Diamur stabilis\u00e9 convient \u00e0 l&rsquo;installation de bordures en b\u00e9ton et \u00e0 l&rsquo;encastrement de tuyaux.<\/p>\n<h2>Qu&rsquo;est-ce que Diamur Stabilis\u00e9 ?<\/h2>\n<p>Diamur stabilis\u00e9 est un stabilis\u00e9 sec pr\u00e9m\u00e9lang\u00e9. L&rsquo;ajout d&rsquo;additifs sp\u00e9cifiques am\u00e9liore la maniabilit\u00e9 et la stabilit\u00e9 du stabilis\u00e9 Diamur. Diamur stabilis\u00e9 pr\u00e9sente une r\u00e9sistance \u00e9lev\u00e9e \u00e0 la compression et est facile \u00e0 travailler. Gr\u00e2ce \u00e0 sa composition optimis\u00e9e, le stabilis\u00e9 Diamur pr\u00e9sente un taux de lib\u00e9ration accru (nombre de litres de stabilis\u00e9 humide par poids de stabilis\u00e9 sec consomm\u00e9).<\/p>\n<p>Il s&rsquo;agit d&rsquo;un produit pr\u00eat \u00e0 l&#8217;emploi sous forme de poudre, auquel on ajoute de l&rsquo;eau pour obtenir un stabilisateur humide ou plastique \u00e0 haute r\u00e9sistance m\u00e9canique. Diamur stabilis\u00e9 n&rsquo;est pas une couche de finition.<\/p>\n","protected":false},"featured_media":55713,"template":"","meta":{"_acf_changed":false,"inline_featured_image":false,"footnotes":""},"product_cat":[5384,5383],"product_tag":[],"class_list":{"0":"post-55698","1":"product","2":"type-product","3":"status-publish","4":"has-post-thumbnail","6":"product_cat-en-beton-bordures-de-jardin","7":"product_cat-bordures-de-jardin","9":"first","10":"instock","11":"taxable","12":"shipping-taxable","13":"purchasable","14":"product-type-variable"},"acf":{"woocommerce_erp_id":"4883","woocommerce_cnk_id":"200421","product_density":0,"custom_prices":[{"variation_id":"55699","customer_group":"CON","customer_id":"","min_qty":1,"max_qty":9999999,"steps":1,"price":5.79,"price_incl":7,"delivery_group":"DELIVERY"},{"variation_id":"55699","customer_group":"CON","customer_id":"","min_qty":1,"max_qty":9999999,"steps":1,"price":5.79,"price_incl":7,"delivery_group":"COLLECT"}],"packaging_ids":[{"packaging_name":"Pi\u00e8ce","packaging_id":"7","erp_id":"4883"}],"c_lengte":"","c_breedte":"","c_hoogte":""},"_links":{"self":[{"href":"https:\/\/www.jatu.be\/fr\/wp-json\/wp\/v2\/product\/55698","targetHints":{"allow":["GET"]}}],"collection":[{"href":"https:\/\/www.jatu.be\/fr\/wp-json\/wp\/v2\/product"}],"about":[{"href":"https:\/\/www.jatu.be\/fr\/wp-json\/wp\/v2\/types\/product"}],"version-history":[{"count":3,"href":"https:\/\/www.jatu.be\/fr\/wp-json\/wp\/v2\/product\/55698\/revisions"}],"predecessor-version":[{"id":55718,"href":"https:\/\/www.jatu.be\/fr\/wp-json\/wp\/v2\/product\/55698\/revisions\/55718"}],"wp:featuredmedia":[{"embeddable":true,"href":"https:\/\/www.jatu.be\/fr\/wp-json\/wp\/v2\/media\/55713"}],"wp:attachment":[{"href":"https:\/\/www.jatu.be\/fr\/wp-json\/wp\/v2\/media?parent=55698"}],"wp:term":[{"taxonomy":"product_cat","embeddable":true,"href":"https:\/\/www.jatu.be\/fr\/wp-json\/wp\/v2\/product_cat?post=55698"},{"taxonomy":"product_tag","embeddable":true,"href":"https:\/\/www.jatu.be\/fr\/wp-json\/wp\/v2\/product_tag?post=55698"}],"curies":[{"name":"wp","href":"https:\/\/api.w.org\/{rel}","templated":true}]}}