{"id":55732,"date":"2024-04-03T09:50:10","date_gmt":"2024-04-03T07:50:10","guid":{"rendered":"https:\/\/www.jatu.be\/?post_type=product&#038;p=55732"},"modified":"2026-03-09T09:51:26","modified_gmt":"2026-03-09T08:51:26","slug":"piquet-pour-bordure-de-jardin-multi-profile-38cm","status":"publish","type":"product","link":"https:\/\/www.jatu.be\/fr\/produit\/piquet-pour-bordure-de-jardin-multi-profile-38cm\/","title":{"rendered":"Piquet pour bordure de jardin &#8211; Multi Profile 38cm"},"content":{"rendered":"","protected":false},"excerpt":{"rendered":"<h2>Acheter des piquets pour Ecolat ou ECCOborder Flex<\/h2>\n<p>D\u00e9couvrez nos ancres polyvalentes Multi Profile, disponibles dans une longueur de 38 cm. Ces ancrages innovants sont fabriqu\u00e9s \u00e0 partir d&rsquo;un m\u00e9lange de plastique recycl\u00e9 de haute qualit\u00e9, ce qui les rend non seulement durables mais contribue \u00e9galement \u00e0 une construction respectueuse de l&rsquo;environnement.<\/p>\n<p>Avec les piquets Multi Profile, vous b\u00e9n\u00e9ficiez d&rsquo;un excellent ancrage et d&rsquo;une grande stabilit\u00e9 gr\u00e2ce \u00e0 une conception intelligente qui assure un d\u00e9placement efficace du sol. Ils sont donc id\u00e9aux pour ancrer solidement diverses bordures.<\/p>\n<h2>Pose d&rsquo;une bordure de jardin en plastique noir<\/h2>\n<p>Les panneaux ECCOborder Flex et Panel offrent une solution simple et \u00e9conomique pour d\u00e9limiter vos bordures de jardin. En utilisant le piquet Multi Profile, vous pouvez installer cette \u00e9l\u00e9gante <a href=\"https:\/\/www.jatu.be\/fr\/produit\/eccoborder-flex-noir-25m-x-14cm\/\">bordure de jardin noire<\/a> en un rien de temps. Laissez-vous inspirer par notre vid\u00e9o d&rsquo;installation et commandez votre bordure de jardin d\u00e8s aujourd&rsquo;hui pour transformer votre espace ext\u00e9rieur en un jardin n\u00e9cessitant peu d&rsquo;entretien.<\/p>\n","protected":false},"featured_media":55738,"template":"","meta":{"_acf_changed":false,"inline_featured_image":false,"footnotes":""},"product_cat":[5408,5383],"product_tag":[],"class_list":{"0":"post-55732","1":"product","2":"type-product","3":"status-publish","4":"has-post-thumbnail","6":"product_cat-plastique-bordures-de-jardin","7":"product_cat-bordures-de-jardin","9":"first","10":"instock","11":"taxable","12":"shipping-taxable","13":"purchasable","14":"product-type-variable"},"acf":{"woocommerce_erp_id":"19373","woocommerce_cnk_id":"203372","product_density":0,"custom_prices":[{"variation_id":"55733","customer_group":"CON","customer_id":"","min_qty":1,"max_qty":9999999,"steps":1,"price":1.65,"price_incl":2,"delivery_group":"COLLECT"},{"variation_id":"55733","customer_group":"CON","customer_id":"","min_qty":1,"max_qty":9999999,"steps":1,"price":1.65,"price_incl":2,"delivery_group":"DELIVERY"}],"packaging_ids":[{"packaging_name":"Pi\u00e8ce","packaging_id":"7","erp_id":"19373"}],"c_lengte":"","c_breedte":"","c_hoogte":""},"_links":{"self":[{"href":"https:\/\/www.jatu.be\/fr\/wp-json\/wp\/v2\/product\/55732","targetHints":{"allow":["GET"]}}],"collection":[{"href":"https:\/\/www.jatu.be\/fr\/wp-json\/wp\/v2\/product"}],"about":[{"href":"https:\/\/www.jatu.be\/fr\/wp-json\/wp\/v2\/types\/product"}],"version-history":[{"count":3,"href":"https:\/\/www.jatu.be\/fr\/wp-json\/wp\/v2\/product\/55732\/revisions"}],"predecessor-version":[{"id":55745,"href":"https:\/\/www.jatu.be\/fr\/wp-json\/wp\/v2\/product\/55732\/revisions\/55745"}],"wp:featuredmedia":[{"embeddable":true,"href":"https:\/\/www.jatu.be\/fr\/wp-json\/wp\/v2\/media\/55738"}],"wp:attachment":[{"href":"https:\/\/www.jatu.be\/fr\/wp-json\/wp\/v2\/media?parent=55732"}],"wp:term":[{"taxonomy":"product_cat","embeddable":true,"href":"https:\/\/www.jatu.be\/fr\/wp-json\/wp\/v2\/product_cat?post=55732"},{"taxonomy":"product_tag","embeddable":true,"href":"https:\/\/www.jatu.be\/fr\/wp-json\/wp\/v2\/product_tag?post=55732"}],"curies":[{"name":"wp","href":"https:\/\/api.w.org\/{rel}","templated":true}]}}